{"id":9792,"date":"2025-01-21T11:28:01","date_gmt":"2025-01-21T11:28:01","guid":{"rendered":"https:\/\/aceitunaszambudio.com\/trabaja-con-nosotros\/"},"modified":"2025-03-26T10:34:17","modified_gmt":"2025-03-26T10:34:17","slug":"trabaja-con-nosotros","status":"publish","type":"page","link":"https:\/\/aceitunaszambudio.com\/fr\/trabaja-con-nosotros\/","title":{"rendered":"Travaille avec nous"},"content":{"rendered":"\r\n<div  class=\"content margin-top-lg mb-xl\" >\r\n\r\n\t\t\t\t\t\t<div class=\"container width-100%@lg max-width-100%@lg\">\r\n\t\t\r\n\t\t\n<div class=\"grid gap-md gap-col-md gap-row-md\">\r\n\t\n<div class=\"col-none col-12 col-12@sm col-1@lg\">\r\n\t\t\t<\/div>\n\n<div class=\"col-none col-12 col-12@sm col-6@lg\">\r\n\t\t\n<h1 class=\"wp-block-heading\">Travaille avec nous<\/h1>\n\n\n<h2 class=\"wp-block-heading has-text-t1dest\">Voudriez-vous rejoindre notre \u00e9quipe ?<\/h2>\n\n\t<\/div>\n\n<div class=\"col-none col-12 col-12@sm col-4@lg\">\r\n\t\t\n\n<p class=\"\">Chez Zambudio, nous cherchons constamment \u00e0 enrichir notre \u00e9quipe en accueillant des personnes d\u00e9sireuses de grandir professionnellement et de contribuer \u00e0 notre d\u00e9veloppement en tant qu\u2019entreprise.<\/p>\n\n\n\n<p class=\"\">Si vous pensez pouvoir vous int\u00e9grer dans notre organisation, nous vous simplifions la t\u00e2che : il vous suffit de remplir le formulaire ci-dessous, de nous parler un peu de votre formation et de votre exp\u00e9rience, puis de nous envoyer votre CV. Nous examinerons votre candidature et, si votre profil correspond aux postes disponibles, nous vous contacterons dans les plus brefs d\u00e9lais.<\/p>\n\n\n\n<p class=\"\">Merci pour l\u2019int\u00e9r\u00eat que vous portez \u00e0 rejoindre l\u2019\u00e9quipe d\u2019Aceitunas Zambudio !<\/p>\n\n\t<\/div>\n<\/div>\n\t\r\n\t\t\t\t\t<\/div>\r\n\t\t<\/div>\n\n\r\n<div  class=\"content mb-xl\" >\r\n\r\n\t\t\t\t\t\t<div class=\"container width-100%@lg max-width-100%@lg\">\r\n\t\t\r\n\t\t\n\n<hr class=\"wp-block-separator has-alpha-channel-opacity\"\/>\n\n\t\r\n\t\t\t\t\t<\/div>\r\n\t\t<\/div>\n\n\r\n<div  class=\"content mb-md\" >\r\n\r\n\t\t\t\t\t\t<div class=\"container width-100%@lg max-width-100%@lg\">\r\n\t\t\r\n\t\t\n<div class=\"grid gap-md gap-col-md gap-row-md pb-md\">\r\n\t\n<div class=\"col-none col-12 col-12@sm col-1@lg\">\r\n\t\t\t<\/div>\n\n<div class=\"col-none col-12 col-12@sm col-6@lg flex flex-column justify-start@lg justify-start@md justify-start@xs\">\r\n\t\t\n\n<div class=\"wp-block-contact-form-7-contact-form-selector\">\n<div class=\"wpcf7 no-js\" id=\"wpcf7-f9798-o1\" lang=\"fr-FR\" dir=\"ltr\" data-wpcf7-id=\"9798\">\n<div class=\"screen-reader-response\"><p role=\"status\" aria-live=\"polite\" aria-atomic=\"true\"><\/p> <ul><\/ul><\/div>\n<form action=\"\/fr\/wp-json\/wp\/v2\/pages\/9792#wpcf7-f9798-o1\" method=\"post\" class=\"wpcf7-form init\" aria-label=\"Contact form\" enctype=\"multipart\/form-data\" novalidate=\"novalidate\" data-status=\"init\">\n<fieldset class=\"hidden-fields-container\"><input type=\"hidden\" name=\"_wpcf7\" value=\"9798\" \/><input type=\"hidden\" name=\"_wpcf7_version\" value=\"6.1.3\" \/><input type=\"hidden\" name=\"_wpcf7_locale\" value=\"fr_FR\" \/><input type=\"hidden\" name=\"_wpcf7_unit_tag\" value=\"wpcf7-f9798-o1\" \/><input type=\"hidden\" name=\"_wpcf7_container_post\" value=\"0\" \/><input type=\"hidden\" name=\"_wpcf7_posted_data_hash\" value=\"\" \/><input type=\"hidden\" name=\"_wpcf7_recaptcha_response\" value=\"\" \/>\n<\/fieldset>\n<div class=\"forms\" data-module-contact>\n\t<div class=\"forms__row\">\n\t\t<div class=\"wpcf7-response-output\" aria-hidden=\"true\"><\/div>\n\t<\/div>\n\t<div class=\"forms__row\">\n\t\t<div class=\"grid gap-md\">\n\t\t\t<div class=\"col-12 col-12@sm col-12@lg\">\n\t\t\t\t\t<div class=\"forms__item grid gap-md\">\n\t\t\t\t\t\t<label for=\"nombre\">Nom et Pr\u00e9nom*<\/label>\n\t\t\t\t\t\t<span class=\"wpcf7-form-control-wrap\" data-name=\"nombre\"><input size=\"40\" maxlength=\"400\" class=\"wpcf7-form-control wpcf7-text wpcf7-validates-as-required nombre\" id=\"nombre\" aria-required=\"true\" aria-invalid=\"false\" placeholder=\"\u00c9crivez votre nom ici\" value=\"\" type=\"text\" name=\"nombre\" \/><\/span>\n\t\t\t\t\t<\/div>\n\t\t\t\t\t<div class=\"forms__item grid gap-md\">\n\t\t\t\t\t\t<label for=\"email\">E-mail*<\/label>\n\t\t\t\t\t\t<span class=\"wpcf7-form-control-wrap\" data-name=\"email\"><input size=\"40\" maxlength=\"400\" class=\"wpcf7-form-control wpcf7-email wpcf7-validates-as-required wpcf7-text wpcf7-validates-as-email\" id=\"email\" aria-required=\"true\" aria-invalid=\"false\" placeholder=\"\u00c9crivez votre e-mail ici\" value=\"\" type=\"email\" name=\"email\" \/><\/span>\n\t\t\t\t\t<\/div>\n\t\t\t\t\t<div class=\"forms__item grid gap-md\">\n\t\t\t\t\t\t<label for=\"nombre\">Adresse habituelle*<\/label>\n\t\t\t\t\t\t<span class=\"wpcf7-form-control-wrap\" data-name=\"direccion\"><input size=\"40\" maxlength=\"400\" class=\"wpcf7-form-control wpcf7-text wpcf7-validates-as-required direccion\" id=\"direccion\" aria-required=\"true\" aria-invalid=\"false\" placeholder=\"\u00c9crivez votre adresse ici\" value=\"\" type=\"text\" name=\"direccion\" \/><\/span>\n\t\t\t\t\t<\/div>\n\t\t\t\t\t<div class=\"forms__item grid gap-md\">\n\t\t\t\t\t\t<label for=\"mensaje\" class=\"block\">Informations suppl\u00e9mentaires*<\/label>\n\t\t\t\t\t\t<span class=\"wpcf7-form-control-wrap\" data-name=\"mensaje1\"><textarea cols=\"40\" rows=\"10\" maxlength=\"2000\" class=\"wpcf7-form-control wpcf7-textarea wpcf7-validates-as-required\" id=\"mensaje1\" aria-required=\"true\" aria-invalid=\"false\" placeholder=\"D\u00e9crivez bri\u00e8vement vos principales comp\u00e9tences, valeurs et talents.\" name=\"mensaje1\"><\/textarea><\/span>\n\t\t\t\t\t<\/div>\n\t\t\t\t\t<div class=\"forms__item grid gap-md\">\n\t\t\t\t\t\t<span class=\"wpcf7-form-control-wrap\" data-name=\"mensaje2\"><textarea cols=\"40\" rows=\"10\" maxlength=\"2000\" class=\"wpcf7-form-control wpcf7-textarea wpcf7-validates-as-required\" id=\"mensaje2\" aria-required=\"true\" aria-invalid=\"false\" placeholder=\"D\u00e9crivez bri\u00e8vement votre poste de travail id\u00e9al.\" name=\"mensaje2\"><\/textarea><\/span>\n\t\t\t\t\t<\/div>\n                                        <div class=\"forms__item grid gap-md\">\n                                                <label for=\"curriculum\">Joignez votre CV*<\/label>\n                                                <span class=\"wpcf7-form-control-wrap\" data-name=\"curriculum\"><input size=\"40\" class=\"wpcf7-form-control wpcf7-file wpcf7-validates-as-required\" id=\"curriculum\" accept=\".doc,.docx,.odf,.pdf\" aria-required=\"true\" aria-invalid=\"false\" type=\"file\" name=\"curriculum\" \/><\/span>\n                                                <p class=\"file-description\">(Format uniquement .pdf, .doc, .docx. Max 15 MB)<\/p>\n                                        <\/div>\n                                        <div class=\"forms__item grid gap-md\">\n                                                <label for=\"vidalaboral\">Joignez votre historique de travail*                                                  <a href=\"https:\/\/portal.seg-social.gob.es\/wps\/portal\/importass\/importass\/Categorias\/Vida+laboral+e+informes\/Informes+sobre+tu+situacion+laboral\/Informe+de+tu+vida+laboral\" title=\"Aller consulter votre historique de travail\" target=\"_blank\">(Comment consulter votre historique de travail)\n                                                 <\/a><\/label>\n                                                <span class=\"wpcf7-form-control-wrap\" data-name=\"vidalaboral\"><input size=\"40\" class=\"wpcf7-form-control wpcf7-file wpcf7-validates-as-required\" id=\"vidalaboral\" accept=\".doc,.docx,.odf,.pdf\" aria-required=\"true\" aria-invalid=\"false\" type=\"file\" name=\"vidalaboral\" \/><\/span>\n                                                <p class=\"file-description\">(Format uniquement .pdf, .doc, .docx. Max 10 MB)<\/p>\n                                        <\/div>\n\n\t\t\t<\/div>\n\t\t<\/div>\n\t<\/div>\n\n\t<div class=\"forms__row\">\n\t\t<div class=\"grid grid gap-md margin-bottom-md\">\n\t\t\t<div class=\"col-12 col-12@sm col-12@lg>\n\t\t\t\t<label for=\"politica\" class=\"politica\">\n\t\t\t\t\t<span class=\"wpcf7-form-control-wrap\" data-name=\"politica\"><span class=\"wpcf7-form-control wpcf7-acceptance\"><span class=\"wpcf7-list-item\"><input type=\"checkbox\" name=\"politica\" value=\"1\" id=\"politica\" aria-invalid=\"false\" \/><\/span><\/span><\/span> J'ai lu et j'accepte les <a \n                            class=\"aceptanceText\" href=\"https:\/\/aceitunaszambudio.com\/fr\/politica-de-privacidad\/\" title=\"Ir a ver las pol\u00edticas de privacidad\" \n                            target=\"_blank\">politiques de confidentialit\u00e9<\/a>\n\t\t\t\t<\/label>\n\t\t\t<\/div>\n\t\t<\/div>\n\t<\/div>\n\n\t<div class=\"forms__row\">\n\t\t<input class=\"wpcf7-form-control wpcf7-submit has-spinner\" type=\"submit\" value=\"Envoyer\" \/>\n\t<\/div>\n\n<\/div>\n<\/form>\n<\/div>\n<\/div>\n\n\t<\/div>\n\n<div class=\"col-none col-12 col-12@sm col-4@lg\">\r\n\t\t\n<h2 class=\"wp-block-heading has-text-t2dest\">Offres d&#8217;emploi<\/h2>\n\n\n\n<div class=\"empleos\">\n    <div class=\"container max-width-100\">\n        <div class=\"grid gap-md\">\n                                                <div class=\"col-12 col-12@lg\">\n                        <div class=\"ofertaCard\">\n                            <div class=\"ofertaCard__content\">\n                                <div class=\"ofertaCard__details\">\n                                    <p class=\"ofertaTitulo\">\n                                        <a href=\"https:\/\/aceitunaszambudio.com\/fr\/empleo\/assistante-comptable\/\" rel=\"bookmark\">\n                                            Assistant(e) comptable                                        <\/a>\n                                    <\/p>\n                                    <!--\n                                    <span class=\"ofertaTiempo\">\n                                        0 jours                                    <\/span>\n                                    -->                          \n                                <\/div>\n                                <div class=\"ofertaCard__details\">\n                                    <p class=\"ofertaExcerpt\">\n                                                                            <\/p>\n                                    <span class=\"share-icon\">\n                                        <i class=\"icon-share\"><\/i>\n                                    <\/span>\n                                <\/div>\n                                <!--\n                                <div class=\"ofertaCard__actions\">\n                                    <a href=\"https:\/\/aceitunaszambudio.com\/fr\/empleo\/assistante-comptable\/\" class=\"ofertaButton\">\n                                        Appliquer                                    <\/a>\n                                    <span class=\"ofertaFecha\">\n                                        Date limite: No definida                                    <\/span>\n                                <\/div>\n                                -->\n                            <\/div>\n                        <\/div>\n                    <\/div>\n                                    <\/div>\n    <\/div>\n<\/div>\n\n\n\n<div class=\"wp-block-columns textoLegal has-background  mt-xl is-layout-flex wp-container-core-columns-is-layout-9d6595d7 wp-block-columns-is-layout-flex\" style=\"background-color:#ecece6\">\n<div class=\"wp-block-column has-background is-layout-flow wp-block-column-is-layout-flow\" style=\"background-color:#ffffff00\">\n<p class=\"\" style=\"font-size:14px\">Conform\u00e9ment aux dispositions du R\u00e8glement (UE) 2016\/679 du Parlement europ\u00e9en et du Conseil du 27 avril 2016, relatif \u00e0 la protection des personnes physiques \u00e0 l\u2019\u00e9gard du traitement des donn\u00e9es \u00e0 caract\u00e8re personnel et \u00e0 la libre circulation de ces donn\u00e9es, et abrogeant la directive 95\/46\/CE, ainsi que conform\u00e9ment aux dispositions de la Loi 3\/2018 sur la protection des donn\u00e9es personnelles et la garantie des droits num\u00e9riques (LOPDGDD), nous vous informons ci-apr\u00e8s des \u00e9l\u00e9ments suivants concernant le traitement des donn\u00e9es \u00e0 caract\u00e8re personnel collect\u00e9es :<\/p>\n\n\n\n<p class=\"\" style=\"font-size:14px\"><strong>&#8211; RESPONSABLE DU TRAITEMENT : <\/strong>Raison sociale : ACEITUNAS ZAMBUDIO S.L. Identifiant fiscal (CIF) : B73032831 Adresse : VEREDA DE LA CRUZ, 42, 30161, LLANO DE BRUJAS, MURCIE, ESPAGNE T\u00e9l\u00e9phone : +34 968 30 11 64 Email :\u00a0<a href=\"mailto:info@aceitunaszambudio.com\">info@aceitunaszambudio.com\u00a0<\/a>D\u00e9l\u00e9gu\u00e9 \u00e0 la protection des donn\u00e9es : JOS\u00c9 HERRERO \u2013\u00a0<a href=\"mailto:dpd@valegalespa%C3%B1a.com\">dpd@valegalespa\u00f1a.com<\/a><\/p>\n\n\n\n<p class=\"\" style=\"font-size:14px\"><strong>&#8211; COLLECTE DE DONN\u00c9ES <\/strong>: Les donn\u00e9es personnelles recueillies dans le pr\u00e9sent formulaire seront strictement n\u00e9cessaires \u00e0 l\u2019inscription sur notre plateforme de gestion et \u00e0 la prestation du service demand\u00e9.<\/p>\n\n\n\n<p class=\"\" style=\"font-size:14px\"><strong>&#8211; FINALIT\u00c9:<\/strong> Les donn\u00e9es personnelles collect\u00e9es seront trait\u00e9es exclusivement dans le but d\u2019assurer la gestion compl\u00e8te des candidats postulant aux offres d\u2019emploi propos\u00e9es par notre entreprise.<\/p>\n\n\n\n<p class=\"\" style=\"font-size:14px\"><strong>&#8211; L\u00c9GITIMATION:<\/strong> L\u2019utilisation des donn\u00e9es obtenues via le formulaire d\u2019inscription sera trait\u00e9e exclusivement par notre service des Ressources Humaines, sur la base de la finalit\u00e9 indiqu\u00e9e, du consentement de la personne concern\u00e9e, de l\u2019int\u00e9r\u00eat l\u00e9gitime et de l\u2019acceptation de la Politique de Confidentialit\u00e9 de l\u2019entreprise.<\/p>\n\n\n\n<p class=\"\" style=\"font-size:14px\"><strong>&#8211; TRANSFERT DE DONN\u00c9ES:<\/strong> ACEITUNAS ZAMBUDIO S.L. ne transmettra pas de donn\u00e9es \u00e0 des tiers sans votre consentement pr\u00e9alable.<\/p>\n\n\n\n<p class=\"\" style=\"font-size:14px\"><strong>&#8211; CONSERVATION DES DONN\u00c9ES:<\/strong> Les donn\u00e9es collect\u00e9es via ce formulaire ou au cours de la relation de travail avec l\u2019utilisateur seront conserv\u00e9es pendant toute la dur\u00e9e de ladite relation. Une fois celle-ci termin\u00e9e, les donn\u00e9es seront d\u00fbment bloqu\u00e9es pendant la dur\u00e9e l\u00e9gale de prescription des actions en justice. Une fois ce d\u00e9lai expir\u00e9, les informations seront supprim\u00e9es et effac\u00e9es conform\u00e9ment \u00e0 la l\u00e9gislation en vigueur.<\/p>\n\n\n\n<p class=\"\" style=\"font-size:14px\"><strong>&#8211; DROITS DES PERSONNES CONCERN\u00c9ES:<\/strong> Le candidat peut exercer ses droits d\u2019acc\u00e8s, de rectification, de suppression, d\u2019opposition, de limitation du traitement et de portabilit\u00e9 des donn\u00e9es. Ces droits peuvent \u00eatre exerc\u00e9s au moyen des formulaires pr\u00e9vus \u00e0 cet effet, en utilisant les coordonn\u00e9es indiqu\u00e9es dans la section Responsable du traitement.<\/p>\n\n\n\n<p class=\"\" style=\"font-size:14px\"><strong>&#8211; INFORMATIONS COMPL\u00c9MENTAIRES: <\/strong>Si vous estimez que vos droits en mati\u00e8re de protection des donn\u00e9es ont \u00e9t\u00e9 viol\u00e9s, notamment si vous n\u2019avez pas obtenu satisfaction dans l\u2019exercice de vos droits, vous pouvez d\u00e9poser une r\u00e9clamation aupr\u00e8s de l\u2019autorit\u00e9 de contr\u00f4le comp\u00e9tente en mati\u00e8re de protection des donn\u00e9es (Agence espagnole de protection des donn\u00e9es,\u00a0<a href=\"https:\/\/www.aepd.es\/\" target=\"_blank\" rel=\"noreferrer noopener\">www.aepd.es\u00a0<\/a>). Vous pouvez \u00e9galement contacter notre D\u00e9l\u00e9gu\u00e9 \u00e0 la protection des donn\u00e9es \u00e0 l\u2019adresse email indiqu\u00e9e dans les coordonn\u00e9es du Responsable du traitement.<\/p>\n<\/div>\n<\/div>\n\n\t<\/div>\n<\/div>\n\t\r\n\t\t\t\t\t<\/div>\r\n\t\t<\/div>","protected":false},"excerpt":{"rendered":"","protected":false},"author":1,"featured_media":0,"parent":0,"menu_order":0,"comment_status":"closed","ping_status":"closed","template":"","meta":{"inline_featured_image":false,"footnotes":""},"class_list":["post-9792","page","type-page","status-publish","hentry"],"acf":[],"yoast_head":"<!-- This site is optimized with the Yoast SEO plugin v26.3 - https:\/\/yoast.com\/wordpress\/plugins\/seo\/ -->\n<title>Travaille avec nous - Aceitunas Zambudio<\/title>\n<meta name=\"robots\" content=\"index, follow, max-snippet:-1, max-image-preview:large, max-video-preview:-1\" \/>\n<link rel=\"canonical\" href=\"https:\/\/aceitunaszambudio.com\/fr\/trabaja-con-nosotros\/\" \/>\n<meta property=\"og:locale\" content=\"fr_FR\" \/>\n<meta property=\"og:type\" content=\"article\" \/>\n<meta property=\"og:title\" content=\"Travaille avec nous - Aceitunas Zambudio\" \/>\n<meta property=\"og:url\" content=\"https:\/\/aceitunaszambudio.com\/fr\/trabaja-con-nosotros\/\" \/>\n<meta property=\"og:site_name\" content=\"Aceitunas Zambudio\" \/>\n<meta property=\"article:modified_time\" content=\"2025-03-26T10:34:17+00:00\" \/>\n<meta name=\"twitter:card\" content=\"summary_large_image\" \/>\n<meta name=\"twitter:label1\" content=\"Est. reading time\" \/>\n\t<meta name=\"twitter:data1\" content=\"3 minutes\" \/>\n<script type=\"application\/ld+json\" class=\"yoast-schema-graph\">{\"@context\":\"https:\/\/schema.org\",\"@graph\":[{\"@type\":\"WebPage\",\"@id\":\"https:\/\/aceitunaszambudio.com\/fr\/trabaja-con-nosotros\/\",\"url\":\"https:\/\/aceitunaszambudio.com\/fr\/trabaja-con-nosotros\/\",\"name\":\"Travaille avec nous - Aceitunas Zambudio\",\"isPartOf\":{\"@id\":\"https:\/\/aceitunaszambudio.com\/#website\"},\"datePublished\":\"2025-01-21T11:28:01+00:00\",\"dateModified\":\"2025-03-26T10:34:17+00:00\",\"breadcrumb\":{\"@id\":\"https:\/\/aceitunaszambudio.com\/fr\/trabaja-con-nosotros\/#breadcrumb\"},\"inLanguage\":\"fr-FR\",\"potentialAction\":[{\"@type\":\"ReadAction\",\"target\":[\"https:\/\/aceitunaszambudio.com\/fr\/trabaja-con-nosotros\/\"]}]},{\"@type\":\"BreadcrumbList\",\"@id\":\"https:\/\/aceitunaszambudio.com\/fr\/trabaja-con-nosotros\/#breadcrumb\",\"itemListElement\":[{\"@type\":\"ListItem\",\"position\":1,\"name\":\"Inicio\",\"item\":\"https:\/\/aceitunaszambudio.com\/fr\/\"},{\"@type\":\"ListItem\",\"position\":2,\"name\":\"Travaille avec nous\"}]},{\"@type\":\"WebSite\",\"@id\":\"https:\/\/aceitunaszambudio.com\/#website\",\"url\":\"https:\/\/aceitunaszambudio.com\/\",\"name\":\"Aceitunas Zambudio\",\"description\":\"\",\"potentialAction\":[{\"@type\":\"SearchAction\",\"target\":{\"@type\":\"EntryPoint\",\"urlTemplate\":\"https:\/\/aceitunaszambudio.com\/?s={search_term_string}\"},\"query-input\":{\"@type\":\"PropertyValueSpecification\",\"valueRequired\":true,\"valueName\":\"search_term_string\"}}],\"inLanguage\":\"fr-FR\"}]}<\/script>\n<!-- \/ Yoast SEO plugin. -->","yoast_head_json":{"title":"Travaille avec nous - Aceitunas Zambudio","robots":{"index":"index","follow":"follow","max-snippet":"max-snippet:-1","max-image-preview":"max-image-preview:large","max-video-preview":"max-video-preview:-1"},"canonical":"https:\/\/aceitunaszambudio.com\/fr\/trabaja-con-nosotros\/","og_locale":"fr_FR","og_type":"article","og_title":"Travaille avec nous - Aceitunas Zambudio","og_url":"https:\/\/aceitunaszambudio.com\/fr\/trabaja-con-nosotros\/","og_site_name":"Aceitunas Zambudio","article_modified_time":"2025-03-26T10:34:17+00:00","twitter_card":"summary_large_image","twitter_misc":{"Est. reading time":"3 minutes"},"schema":{"@context":"https:\/\/schema.org","@graph":[{"@type":"WebPage","@id":"https:\/\/aceitunaszambudio.com\/fr\/trabaja-con-nosotros\/","url":"https:\/\/aceitunaszambudio.com\/fr\/trabaja-con-nosotros\/","name":"Travaille avec nous - Aceitunas Zambudio","isPartOf":{"@id":"https:\/\/aceitunaszambudio.com\/#website"},"datePublished":"2025-01-21T11:28:01+00:00","dateModified":"2025-03-26T10:34:17+00:00","breadcrumb":{"@id":"https:\/\/aceitunaszambudio.com\/fr\/trabaja-con-nosotros\/#breadcrumb"},"inLanguage":"fr-FR","potentialAction":[{"@type":"ReadAction","target":["https:\/\/aceitunaszambudio.com\/fr\/trabaja-con-nosotros\/"]}]},{"@type":"BreadcrumbList","@id":"https:\/\/aceitunaszambudio.com\/fr\/trabaja-con-nosotros\/#breadcrumb","itemListElement":[{"@type":"ListItem","position":1,"name":"Inicio","item":"https:\/\/aceitunaszambudio.com\/fr\/"},{"@type":"ListItem","position":2,"name":"Travaille avec nous"}]},{"@type":"WebSite","@id":"https:\/\/aceitunaszambudio.com\/#website","url":"https:\/\/aceitunaszambudio.com\/","name":"Aceitunas Zambudio","description":"","potentialAction":[{"@type":"SearchAction","target":{"@type":"EntryPoint","urlTemplate":"https:\/\/aceitunaszambudio.com\/?s={search_term_string}"},"query-input":{"@type":"PropertyValueSpecification","valueRequired":true,"valueName":"search_term_string"}}],"inLanguage":"fr-FR"}]}},"_links":{"self":[{"href":"https:\/\/aceitunaszambudio.com\/fr\/wp-json\/wp\/v2\/pages\/9792","targetHints":{"allow":["GET"]}}],"collection":[{"href":"https:\/\/aceitunaszambudio.com\/fr\/wp-json\/wp\/v2\/pages"}],"about":[{"href":"https:\/\/aceitunaszambudio.com\/fr\/wp-json\/wp\/v2\/types\/page"}],"author":[{"embeddable":true,"href":"https:\/\/aceitunaszambudio.com\/fr\/wp-json\/wp\/v2\/users\/1"}],"replies":[{"embeddable":true,"href":"https:\/\/aceitunaszambudio.com\/fr\/wp-json\/wp\/v2\/comments?post=9792"}],"version-history":[{"count":6,"href":"https:\/\/aceitunaszambudio.com\/fr\/wp-json\/wp\/v2\/pages\/9792\/revisions"}],"predecessor-version":[{"id":10009,"href":"https:\/\/aceitunaszambudio.com\/fr\/wp-json\/wp\/v2\/pages\/9792\/revisions\/10009"}],"wp:attachment":[{"href":"https:\/\/aceitunaszambudio.com\/fr\/wp-json\/wp\/v2\/media?parent=9792"}],"curies":[{"name":"wp","href":"https:\/\/api.w.org\/{rel}","templated":true}]}}