{"id":8665,"date":"2023-07-25T09:25:52","date_gmt":"2023-07-25T09:25:52","guid":{"rendered":"https:\/\/aceitunaszambudio.com\/politica-de-privacidad\/"},"modified":"2025-06-24T13:09:55","modified_gmt":"2025-06-24T13:09:55","slug":"politica-de-privacidad","status":"publish","type":"page","link":"https:\/\/aceitunaszambudio.com\/fr\/politica-de-privacidad\/","title":{"rendered":"Politique de confidentialit\u00e9"},"content":{"rendered":"\r\n<div  class=\"content\" >\r\n\r\n\t\t\t\t\t\t<div class=\"container max-width-xl\">\r\n\t\t\r\n\t\t\n<h1 class=\"wp-block-heading mb-md\">Politique de confidentialit\u00e9<\/h1>\n\n\n\n<p class=\" pt-md\">Par la pr\u00e9sente politique de protection des donn\u00e9es, <strong>ACEITUNAS ZAMBUDIO<\/strong> informe les utilisateurs de son site web de la mani\u00e8re dont leurs donn\u00e9es seront g\u00e9r\u00e9es, afin qu\u2019ils puissent d\u00e9cider librement et volontairement s\u2019ils souhaitent fournir les informations demand\u00e9es.<\/p>\n\n\n\n<p class=\"\"><strong>PRINCIPES ET GARANTIE DE CONFIDENTIALIT\u00c9<\/strong><\/p>\n\n\n\n<p class=\"\">Sur ce site web, les donn\u00e9es personnelles des utilisateurs sont respect\u00e9es et prot\u00e9g\u00e9es. En tant que tel, vous devez savoir que vos droits sont garantis.<\/p>\n\n\n\n<p class=\"\">Chez <strong>ACEITUNAS ZAMBUDIO<\/strong>, nous garantissons le respect des principes suivants afin d\u2019assurer votre confidentialit\u00e9 :<\/p>\n\n\n\n<p class=\"\">* Nous ne demandons jamais d\u2019informations personnelles sauf si elles sont r\u00e9ellement n\u00e9cessaires pour fournir les services demand\u00e9s par le client.<\/p>\n\n\n\n<p class=\"\">* Nous ne partageons jamais les informations personnelles de nos utilisateurs avec quiconque, sauf pour nous conformer \u00e0 la loi ou si nous disposons de l\u2019autorisation expresse de l\u2019utilisateur.<\/p>\n\n\n\n<p class=\"\">* Nous n\u2019utiliserons jamais vos donn\u00e9es personnelles \u00e0 une fin diff\u00e9rente de celle \u00e9nonc\u00e9e dans cette politique de confidentialit\u00e9.<\/p>\n\n\n\n<p class=\"\">Il convient de noter que cette Politique de Confidentialit\u00e9 peut \u00eatre modifi\u00e9e afin de s\u2019adapter aux nouvelles exigences r\u00e9glementaires, c\u2019est pourquoi il est conseill\u00e9 aux utilisateurs de la consulter r\u00e9guli\u00e8rement.<\/p>\n\n\n\n<p class=\"\"><strong>ACEITUNAS ZAMBUDIO <\/strong>a adapt\u00e9 ce site web aux exigences du r\u00e8glement (UE) 2016\/679 du Parlement europ\u00e9en et du Conseil du 27 avril 2016 et de la loi 3\/2018 relative \u00e0 la protection des donn\u00e9es \u00e0 caract\u00e8re personnel et aux garanties et droits num\u00e9riques (LOPDGDD), ainsi qu\u2019\u00e0 la loi 34\/2002 du 11 juillet sur les services de la soci\u00e9t\u00e9 de l\u2019information et le commerce \u00e9lectronique (LSSICE ou LSSI).<\/p>\n\n\n\n<p class=\"\">RESPONSABLE DU TRAITEMENT<\/p>\n\n\n\n<p class=\"\">Raison sociale : ACEITUNAS ZAMBUDIO S.L. (<strong>Ci-apr\u00e8s : ACEITUNAS ZAMBUDIO<\/strong>).<\/p>\n\n\n\n<p class=\"\">CIF: B73032831<\/p>\n\n\n\n<p class=\"\">Adresse: VEREDA DE LA CRUZ, 42, 30161, LLANO DE BRUJAS, MURCIA.<\/p>\n\n\n\n<p class=\"\">T\u00e9l\u00e9phone: +34 968 30 11 64<\/p>\n\n\n\n<p class=\"\">E-mail: <a href=\"mailto:info@aceitunaszambudio.com\">info@aceitunaszambudio.com<\/a><\/p>\n\n\n\n<p class=\"\">Pour le traitement des donn\u00e9es de nos utilisateurs, nous mettons en \u0153uvre toutes les mesures de s\u00e9curit\u00e9 techniques et organisationnelles pr\u00e9vues par la l\u00e9gislation en vigueur.<\/p>\n\n\n\n<p class=\"\"><strong>PRINCIPES D\u2019APPLICATION \u00c0 L\u2019INFORMATION PERSONNELLE :<\/strong><\/p>\n\n\n\n<p class=\"\">Dans le traitement de vos donn\u00e9es personnelles, nous appliquerons les principes suivants qui r\u00e9pondent aux exigences du nouveau RGPD :<\/p>\n\n\n\n<p class=\"\">* Lic\u00e9it\u00e9, loyaut\u00e9 et transparence : Nous demanderons toujours votre consentement pour le traitement de vos donn\u00e9es personnelles \u00e0 une ou plusieurs finalit\u00e9s sp\u00e9cifiques, dont nous vous informerons pr\u00e9alablement en toute transparence.<\/p>\n\n\n\n<p class=\"\">* Minimisation des donn\u00e9es : Nous ne demanderons que les donn\u00e9es strictement n\u00e9cessaires au regard des finalit\u00e9s pour lesquelles nous les requ\u00e9rons.<\/p>\n\n\n\n<p class=\"\">* Limitation de la dur\u00e9e de conservation : les donn\u00e9es seront conserv\u00e9es pendant une dur\u00e9e ne d\u00e9passant pas ce qui est n\u00e9cessaire aux fins du traitement.<\/p>\n\n\n\n<p class=\"\">* Int\u00e9grit\u00e9 et confidentialit\u00e9 : Vos donn\u00e9es seront trait\u00e9es de mani\u00e8re \u00e0 garantir un niveau de s\u00e9curit\u00e9 ad\u00e9quat des donn\u00e9es personnelles et \u00e0 assurer la confidentialit\u00e9. ACEITUNAS ZAMBUDIO prendra les pr\u00e9cautions n\u00e9cessaires pour \u00e9viter l\u2019acc\u00e8s non autoris\u00e9 ou l\u2019utilisation abusive des donn\u00e9es de nos utilisateurs par des tiers.<\/p>\n\n\n\n<p class=\"\"><strong><em>Comment avons-nous obtenu vos donn\u00e9es?<\/em><\/strong><\/p>\n\n\n\n<p class=\"\">Les donn\u00e9es personnelles que nous traitons proviennent de:<\/p>\n\n\n\n<ul class=\"wp-block-list\">\n<li>Formulaire de contact<\/li>\n\n\n\n<li>Abonnement \u00e0 la newsletter<\/li>\n\n\n\n<li>Adresse e-mail<\/li>\n\n\n\n<li>Cr\u00e9ation de compte utilisateur<\/li>\n\n\n\n<li>Inscription aux \u00e9v\u00e9nements et activit\u00e9s<\/li>\n<\/ul>\n\n\n\n<p class=\"\"><strong><em>Dans quel but traitons-nous vos donn\u00e9es personnelles ?<\/em><\/strong><\/p>\n\n\n\n<p class=\"\">Lorsqu\u2019un utilisateur se connecte \u00e0 ce site\u2014par exemple pour commenter un article, envoyer un courriel au titulaire, s\u2019abonner ou effectuer un achat\u2014il fournit des informations personnelles dont <strong>ACEITUNAS ZAMBUDIO<\/strong> est responsable. Ces informations peuvent inclure des donn\u00e9es personnelles telles que l\u2019adresse IP, le nom, l\u2019adresse postale, l\u2019adresse e-mail, le num\u00e9ro de t\u00e9l\u00e9phone et d\u2019autres renseignements. En fournissant ces donn\u00e9es, l\u2019utilisateur consent \u00e0 ce qu\u2019elles soient collect\u00e9es, utilis\u00e9es, trait\u00e9es et stock\u00e9es par <strong>ACEITUNAS ZAMBUDIO<\/strong>, comme d\u00e9crit dans l\u2019Avis juridique et dans la pr\u00e9sente Politique de confidentialit\u00e9.<br>Il existe diff\u00e9rents moyens de collecte d\u2019informations personnelles, et nous traitons les donn\u00e9es fournies par les personnes int\u00e9ress\u00e9es par les voies suivantes:<\/p>\n\n\n\n<ul class=\"wp-block-list\">\n<li>Formulaire de contact: Les donn\u00e9es personnelles suivantes sont demand\u00e9es : nom, adresse e-mail et toute autre information que vous fournissez dans le corps du message, afin de r\u00e9pondre aux demandes des utilisateurs du site. Par exemple, nous pouvons utiliser ces donn\u00e9es pour traiter votre demande et r\u00e9pondre aux questions, plaintes ou commentaires concernant les informations figurant sur le site web, les services fournis via le site ou le traitement de vos donn\u00e9es personnelles.<\/li>\n<\/ul>\n\n\n\n<ul class=\"wp-block-list\">\n<li>Formulaire d\u2019inscription utilisateur : Lors du remplissage des champs de la section \u00ab Cr\u00e9er un compte \/ S\u2019inscrire \/ Enregistrer \u00bb, les donn\u00e9es personnelles suivantes sont demand\u00e9es : nom et pr\u00e9nom, adresse, t\u00e9l\u00e9phone, e-mail, identifiant et mot de passe.<\/li>\n<\/ul>\n\n\n\n<ul class=\"wp-block-list\">\n<li>Formulaire d\u2019abonnement \u00e0 la newsletter: Les donn\u00e9es personnelles suivantes sont demand\u00e9es : nom, adresse e-mail, et toute autre information que vous pouvez fournir dans le corps du message, afin de vous envoyer toutes les informations relatives \u00e0 nos services et produits susceptibles de vous int\u00e9resser.<\/li>\n<\/ul>\n\n\n\n<ul class=\"wp-block-list\">\n<li>D\u2019autres donn\u00e9es non identifiantes sont \u00e9galement collect\u00e9es via certains cookies install\u00e9s sur l\u2019ordinateur de l\u2019utilisateur lors de la navigation sur ce site web, comme d\u00e9taill\u00e9 dans la Politique relative aux cookies. <strong>ACEITUNAS ZAMBUDIO<\/strong> ne c\u00e9dera pas de donn\u00e9es personnelles permettant d\u2019identifier l\u2019utilisateur \u00e0 des tiers sans consentement pr\u00e9alable.<\/li>\n<\/ul>\n\n\n\n<p class=\"\"><strong><em>Quelle est la base l\u00e9gale du traitement de vos donn\u00e9es?<\/em><\/strong><\/p>\n\n\n\n<p class=\"\"><strong>ACEITUNAS ZAMBUDIO <\/strong>est habilit\u00e9 \u00e0 traiter vos donn\u00e9es personnelles sur la base du consentement de la personne concern\u00e9e, comme pr\u00e9vu \u00e0 l\u2019article 6.1.a du RGPD susmentionn\u00e9.<\/p>\n\n\n\n<p class=\"\"><strong><em>Quelle est la dur\u00e9e de conservation de vos donn\u00e9es ?<\/em><\/strong><\/p>\n\n\n\n<p class=\"\">Les donn\u00e9es personnelles fournies seront conserv\u00e9es tant que la relation commerciale sera maintenue et, le cas \u00e9ch\u00e9ant, pendant les ann\u00e9es n\u00e9cessaires pour satisfaire aux obligations l\u00e9gales ou jusqu&#8217;\u00e0 ce que la personne concern\u00e9e demande leur suppression.<\/p>\n\n\n\n<p class=\"\"><strong><em>Quels sont vos droits lorsque vous nous fournissez vos donn\u00e9es ?<\/em><\/strong><\/p>\n\n\n\n<p class=\"\">Les personnes concern\u00e9es ont le droit de:<\/p>\n\n\n\n<ul class=\"wp-block-list\">\n<li>Acc\u00e8s : Acc\u00e9der \u00e0 leurs donn\u00e9es personnelles d\u00e9tenues par <strong>ACEITUNAS ZAMBUDIO.<\/strong><\/li>\n\n\n\n<li>Rectification : Modifier ou rectifier leurs donn\u00e9es inexactes d\u00e9tenues par <strong>ACEITUNAS ZAMBUDIO.<\/strong><\/li>\n\n\n\n<li>Annulation : Supprimer leurs donn\u00e9es personnelles de la base de donn\u00e9es d&#8217;ACEITUNAS ZAMBUDIO lorsqu&#8217;elles ne sont plus n\u00e9cessaires.<\/li>\n\n\n\n<li>Opposition : S\u2019opposer \u00e0 l&#8217;utilisation de leurs donn\u00e9es pour une finalit\u00e9 autre que celle choisie dans le cadre des services fournis par <strong>ACEITUNAS ZAMBUDIO.<\/strong><\/li>\n\n\n\n<li>Portabilit\u00e9 : Demander le transfert de leur dossier depuis la base de donn\u00e9es automatis\u00e9e d\u2019<strong>ACEITUNAS ZAMBUDIO<\/strong> vers une autre entreprise.<\/li>\n\n\n\n<li>Limitation : Limiter l&#8217;utilisation et la dur\u00e9e d&#8217;utilisation de leurs donn\u00e9es par <strong>ACEITUNAS ZAMBUDIO<\/strong>, auquel cas elles ne seront conserv\u00e9es que conform\u00e9ment \u00e0 la l\u00e9gislation fiscale et pour l&#8217;exercice de r\u00e9clamations.<\/li>\n\n\n\n<li>Retrait (Droit \u00e0 l\u2019Oubli) : Demander la suppression de leur historique, le cas \u00e9ch\u00e9ant, sur Internet (voir RGPD).<\/li>\n<\/ul>\n\n\n\n<p class=\"\">Ces droits peuvent \u00eatre exerc\u00e9s \u00e0 l\u2019aide des formulaires mis \u00e0 disposition \u00e0 cet effet, par email \u00e0 l\u2019adresse de l\u2019entreprise ou aupr\u00e8s de notre d\u00e9l\u00e9gu\u00e9 \u00e0 la protection des donn\u00e9es \u00e0 dpd@valegalespa\u00f1a.com.<\/p>\n\n\n\n<p class=\"\">Enfin, nous vous informons de votre droit de d\u00e9poser une r\u00e9clamation aupr\u00e8s de l\u2019autorit\u00e9 de contr\u00f4le comp\u00e9tente en mati\u00e8re de protection des donn\u00e9es, en particulier aupr\u00e8s de l\u2019Agence espagnole de protection des donn\u00e9es (<a class=\"\" href=\"https:\/\/www.agpd.es\/portalwebAGPD\/index-ides-idphp.php\">https:\/\/www.agpd.es\/portalwebAGPD\/index-ides-idphp.php<\/a>)<\/p>\n\n\n\n<p class=\"\">Les personnes concern\u00e9es peuvent acc\u00e9der \u00e0 leurs donn\u00e9es personnelles, ainsi que demander la rectification des donn\u00e9es inexactes ou, le cas \u00e9ch\u00e9ant, demander leur suppression lorsque, entre autres motifs, les donn\u00e9es ne sont plus n\u00e9cessaires aux fins pour lesquelles elles ont \u00e9t\u00e9 collect\u00e9es. Dans certaines circonstances, les personnes concern\u00e9es peuvent demander la limitation du traitement de leurs donn\u00e9es, auquel cas elles ne seront conserv\u00e9es que pour l\u2019\u00e9tablissement, l\u2019exercice ou la d\u00e9fense de r\u00e9clamations.<br>Dans certaines circonstances et pour des raisons li\u00e9es \u00e0 leur situation particuli\u00e8re, les personnes concern\u00e9es peuvent s\u2019opposer au traitement de leurs donn\u00e9es. <strong>ACEITUNAS ZAMBUDIO<\/strong> cessera de traiter les donn\u00e9es, sauf pour des motifs l\u00e9gitimes ou pour l\u2019\u00e9tablissement, l\u2019exercice ou la d\u00e9fense de r\u00e9clamations \u00e9ventuelles. En tant que personne concern\u00e9e, vous avez le droit \u00e0 la portabilit\u00e9 des donn\u00e9es, c\u2019est-\u00e0-dire de recevoir les donn\u00e9es personnelles que vous nous avez fournies et de les transmettre \u00e0 un autre responsable du traitement lorsque:<\/p>\n\n\n\n<ul class=\"wp-block-list\">\n<li>Le traitement est fond\u00e9 sur le consentement.<\/li>\n\n\n\n<li>Les donn\u00e9es ont \u00e9t\u00e9 fournies par la personne concern\u00e9e.<\/li>\n\n\n\n<li>Le traitement est effectu\u00e9 par des moyens automatis\u00e9s.<\/li>\n<\/ul>\n\n\n\n<p class=\"\">Lors de l\u2019exercice de leur droit \u00e0 la portabilit\u00e9 des donn\u00e9es, ils ont le droit \u00e0 ce que les donn\u00e9es personnelles soient transmises directement d\u2019un responsable du traitement \u00e0 un autre lorsque cela est techniquement possible.<br>Les personnes concern\u00e9es ont \u00e9galement le droit \u00e0 un recours effectif devant un tribunal et peuvent introduire une r\u00e9clamation aupr\u00e8s de l\u2019autorit\u00e9 de contr\u00f4le, en l\u2019occurrence l\u2019Agence espagnole de protection des donn\u00e9es, si elles estiment que le traitement de donn\u00e9es \u00e0 caract\u00e8re personnel les concernant enfreint le R\u00e8glement.<\/p>\n\n\n\n<p class=\"\"><strong>Exactitude des donn\u00e9es<\/strong><\/p>\n\n\n\n<p class=\"\">L\u2019utilisateur est seul responsable de la v\u00e9racit\u00e9 des donn\u00e9es qu\u2019il transmet \u00e0 <strong>ACEITUNAS ZAMBUDIO<\/strong>, d\u00e9chargeant celle-ci de toute responsabilit\u00e9 \u00e0 cet \u00e9gard. Les utilisateurs garantissent et sont, en tout \u00e9tat de cause, responsables de l\u2019exactitude, de l\u2019actualit\u00e9 et de l\u2019authenticit\u00e9 des donn\u00e9es personnelles fournies, et s\u2019engagent \u00e0 les tenir d\u00fbment \u00e0 jour. L\u2019utilisateur accepte de fournir des informations compl\u00e8tes et correctes dans le formulaire de contact ou d\u2019abonnement.<\/p>\n\n\n\n<p class=\"\"><strong>Mesures de s\u00e9curit\u00e9<\/strong><\/p>\n\n\n\n<p class=\"\"><strong>ACEITUNAS ZAMBUDIO <\/strong>s\u2019engage, dans l\u2019utilisation et le traitement des donn\u00e9es personnelles des utilisateurs, \u00e0 respecter leur confidentialit\u00e9, \u00e0 les utiliser conform\u00e9ment \u00e0 leur finalit\u00e9, ainsi qu\u2019\u00e0 remplir son obligation de les conserver et \u00e0 mettre en \u0153uvre toutes les mesures pour \u00e9viter l\u2019alt\u00e9ration, la perte, le traitement ou l\u2019acc\u00e8s non autoris\u00e9, conform\u00e9ment \u00e0 la r\u00e9glementation en vigueur en mati\u00e8re de protection des donn\u00e9es. Lorsqu\u2019un incident de s\u00e9curit\u00e9 survient, d\u00e8s qu\u2019<strong>ACEITUNAS ZAMBUDIO <\/strong>en a connaissance, elle doit en informer l\u2019utilisateur sans retard indu et lui fournir les informations appropri\u00e9es relatives \u00e0 l\u2019incident de s\u00e9curit\u00e9 d\u00e8s qu\u2019elles sont connues.<\/p>\n\n\n\n<p class=\"\"><strong>Acceptation et consentement<\/strong><\/p>\n\n\n\n<p class=\"\">L\u2019utilisateur d\u00e9clare avoir \u00e9t\u00e9 inform\u00e9 des conditions relatives \u00e0 la protection des donn\u00e9es \u00e0 caract\u00e8re personnel, acceptant et consentant \u00e0 leur traitement par <strong>ACEITUNAS ZAMBUDIO<\/strong> de la mani\u00e8re et aux finalit\u00e9s indiqu\u00e9es dans cette politique de confidentialit\u00e9.<\/p>\n\n\n\n<p class=\"\">R\u00e9vocabilit\u00e9<\/p>\n\n\n\n<p class=\"\">Le consentement accord\u00e9, tant pour le traitement que pour la divulgation des donn\u00e9es des personnes concern\u00e9es, est r\u00e9vocable \u00e0 tout moment en en informant <strong>ACEITUNAS ZAMBUDIO<\/strong> selon les modalit\u00e9s d\u00e9finies dans cette politique de confidentialit\u00e9 pour l\u2019exercice de leurs droits.<\/p>\n\n\n\n<p class=\"\"><strong>Modifications de la politique de confidentialit\u00e9<\/strong><\/p>\n\n\n\n<p class=\" mb-md\"><strong>ACEITUNAS ZAMBUDIO <\/strong>se r\u00e9serve le droit de modifier la pr\u00e9sente politique afin de l\u2019adapter aux \u00e9volutions l\u00e9gislatives ainsi qu\u2019aux pratiques du secteur. Dans ce cas, les modifications seront annonc\u00e9es sur cette m\u00eame page avec un pr\u00e9avis raisonnable avant leur mise en \u0153uvre.<\/p>\n\n\t\r\n\t\t\t\t\t<\/div>\r\n\t\t<\/div>","protected":false},"excerpt":{"rendered":"","protected":false},"author":4,"featured_media":0,"parent":0,"menu_order":0,"comment_status":"closed","ping_status":"closed","template":"","meta":{"inline_featured_image":false,"footnotes":""},"class_list":["post-8665","page","type-page","status-publish","hentry"],"acf":[],"yoast_head":"<!-- This site is optimized with the Yoast SEO plugin v26.3 - https:\/\/yoast.com\/wordpress\/plugins\/seo\/ -->\n<title>Politique de confidentialit\u00e9 - Aceitunas Zambudio<\/title>\n<meta name=\"robots\" content=\"index, follow, max-snippet:-1, max-image-preview:large, max-video-preview:-1\" \/>\n<link rel=\"canonical\" href=\"https:\/\/aceitunaszambudio.com\/fr\/politica-de-privacidad\/\" \/>\n<meta property=\"og:locale\" content=\"fr_FR\" \/>\n<meta property=\"og:type\" content=\"article\" \/>\n<meta property=\"og:title\" content=\"Politique de confidentialit\u00e9 - Aceitunas Zambudio\" \/>\n<meta property=\"og:url\" content=\"https:\/\/aceitunaszambudio.com\/fr\/politica-de-privacidad\/\" \/>\n<meta property=\"og:site_name\" content=\"Aceitunas Zambudio\" \/>\n<meta property=\"article:modified_time\" content=\"2025-06-24T13:09:55+00:00\" \/>\n<meta name=\"twitter:card\" content=\"summary_large_image\" \/>\n<meta name=\"twitter:label1\" content=\"Est. reading time\" \/>\n\t<meta name=\"twitter:data1\" content=\"8 minutes\" \/>\n<script type=\"application\/ld+json\" class=\"yoast-schema-graph\">{\"@context\":\"https:\/\/schema.org\",\"@graph\":[{\"@type\":\"WebPage\",\"@id\":\"https:\/\/aceitunaszambudio.com\/fr\/politica-de-privacidad\/\",\"url\":\"https:\/\/aceitunaszambudio.com\/fr\/politica-de-privacidad\/\",\"name\":\"Politique de confidentialit\u00e9 - Aceitunas Zambudio\",\"isPartOf\":{\"@id\":\"https:\/\/aceitunaszambudio.com\/#website\"},\"datePublished\":\"2023-07-25T09:25:52+00:00\",\"dateModified\":\"2025-06-24T13:09:55+00:00\",\"breadcrumb\":{\"@id\":\"https:\/\/aceitunaszambudio.com\/fr\/politica-de-privacidad\/#breadcrumb\"},\"inLanguage\":\"fr-FR\",\"potentialAction\":[{\"@type\":\"ReadAction\",\"target\":[\"https:\/\/aceitunaszambudio.com\/fr\/politica-de-privacidad\/\"]}]},{\"@type\":\"BreadcrumbList\",\"@id\":\"https:\/\/aceitunaszambudio.com\/fr\/politica-de-privacidad\/#breadcrumb\",\"itemListElement\":[{\"@type\":\"ListItem\",\"position\":1,\"name\":\"Inicio\",\"item\":\"https:\/\/aceitunaszambudio.com\/fr\/\"},{\"@type\":\"ListItem\",\"position\":2,\"name\":\"Politique de confidentialit\u00e9\"}]},{\"@type\":\"WebSite\",\"@id\":\"https:\/\/aceitunaszambudio.com\/#website\",\"url\":\"https:\/\/aceitunaszambudio.com\/\",\"name\":\"Aceitunas Zambudio\",\"description\":\"\",\"potentialAction\":[{\"@type\":\"SearchAction\",\"target\":{\"@type\":\"EntryPoint\",\"urlTemplate\":\"https:\/\/aceitunaszambudio.com\/?s={search_term_string}\"},\"query-input\":{\"@type\":\"PropertyValueSpecification\",\"valueRequired\":true,\"valueName\":\"search_term_string\"}}],\"inLanguage\":\"fr-FR\"}]}<\/script>\n<!-- \/ Yoast SEO plugin. -->","yoast_head_json":{"title":"Politique de confidentialit\u00e9 - Aceitunas Zambudio","robots":{"index":"index","follow":"follow","max-snippet":"max-snippet:-1","max-image-preview":"max-image-preview:large","max-video-preview":"max-video-preview:-1"},"canonical":"https:\/\/aceitunaszambudio.com\/fr\/politica-de-privacidad\/","og_locale":"fr_FR","og_type":"article","og_title":"Politique de confidentialit\u00e9 - Aceitunas Zambudio","og_url":"https:\/\/aceitunaszambudio.com\/fr\/politica-de-privacidad\/","og_site_name":"Aceitunas Zambudio","article_modified_time":"2025-06-24T13:09:55+00:00","twitter_card":"summary_large_image","twitter_misc":{"Est. reading time":"8 minutes"},"schema":{"@context":"https:\/\/schema.org","@graph":[{"@type":"WebPage","@id":"https:\/\/aceitunaszambudio.com\/fr\/politica-de-privacidad\/","url":"https:\/\/aceitunaszambudio.com\/fr\/politica-de-privacidad\/","name":"Politique de confidentialit\u00e9 - Aceitunas Zambudio","isPartOf":{"@id":"https:\/\/aceitunaszambudio.com\/#website"},"datePublished":"2023-07-25T09:25:52+00:00","dateModified":"2025-06-24T13:09:55+00:00","breadcrumb":{"@id":"https:\/\/aceitunaszambudio.com\/fr\/politica-de-privacidad\/#breadcrumb"},"inLanguage":"fr-FR","potentialAction":[{"@type":"ReadAction","target":["https:\/\/aceitunaszambudio.com\/fr\/politica-de-privacidad\/"]}]},{"@type":"BreadcrumbList","@id":"https:\/\/aceitunaszambudio.com\/fr\/politica-de-privacidad\/#breadcrumb","itemListElement":[{"@type":"ListItem","position":1,"name":"Inicio","item":"https:\/\/aceitunaszambudio.com\/fr\/"},{"@type":"ListItem","position":2,"name":"Politique de confidentialit\u00e9"}]},{"@type":"WebSite","@id":"https:\/\/aceitunaszambudio.com\/#website","url":"https:\/\/aceitunaszambudio.com\/","name":"Aceitunas Zambudio","description":"","potentialAction":[{"@type":"SearchAction","target":{"@type":"EntryPoint","urlTemplate":"https:\/\/aceitunaszambudio.com\/?s={search_term_string}"},"query-input":{"@type":"PropertyValueSpecification","valueRequired":true,"valueName":"search_term_string"}}],"inLanguage":"fr-FR"}]}},"_links":{"self":[{"href":"https:\/\/aceitunaszambudio.com\/fr\/wp-json\/wp\/v2\/pages\/8665","targetHints":{"allow":["GET"]}}],"collection":[{"href":"https:\/\/aceitunaszambudio.com\/fr\/wp-json\/wp\/v2\/pages"}],"about":[{"href":"https:\/\/aceitunaszambudio.com\/fr\/wp-json\/wp\/v2\/types\/page"}],"author":[{"embeddable":true,"href":"https:\/\/aceitunaszambudio.com\/fr\/wp-json\/wp\/v2\/users\/4"}],"replies":[{"embeddable":true,"href":"https:\/\/aceitunaszambudio.com\/fr\/wp-json\/wp\/v2\/comments?post=8665"}],"version-history":[{"count":29,"href":"https:\/\/aceitunaszambudio.com\/fr\/wp-json\/wp\/v2\/pages\/8665\/revisions"}],"predecessor-version":[{"id":10507,"href":"https:\/\/aceitunaszambudio.com\/fr\/wp-json\/wp\/v2\/pages\/8665\/revisions\/10507"}],"wp:attachment":[{"href":"https:\/\/aceitunaszambudio.com\/fr\/wp-json\/wp\/v2\/media?parent=8665"}],"curies":[{"name":"wp","href":"https:\/\/api.w.org\/{rel}","templated":true}]}}