{"id":8663,"date":"2023-07-25T09:24:33","date_gmt":"2023-07-25T09:24:33","guid":{"rendered":"https:\/\/aceitunaszambudio.com\/politica-de-cookies\/"},"modified":"2025-06-24T11:21:50","modified_gmt":"2025-06-24T11:21:50","slug":"politica-de-cookies","status":"publish","type":"page","link":"https:\/\/aceitunaszambudio.com\/fr\/politica-de-cookies\/","title":{"rendered":"Politique en mati\u00e8re de cookies"},"content":{"rendered":"\r\n<div  class=\"content\" >\r\n\r\n\t\t\t\t\t\t<div class=\"container max-width-xl\">\r\n\t\t\r\n\t\t\n<h1 class=\"wp-block-heading mb-md\">Politique en mati\u00e8re de cookies<\/h1>\n\n\n\n<p class=\" pt-md\"><strong>ACEITUNAS ZAMBUDIO<\/strong>, par le pr\u00e9sent document, \u00e9tablit sa politique de collecte et de traitement des cookies, conform\u00e9ment aux dispositions de l\u2019article 22.2 de la loi 34\/2002 du 11 juillet relative aux services de la soci\u00e9t\u00e9 de l\u2019information et au commerce \u00e9lectronique (LSSICE).<\/p>\n\n\n\n<p class=\"\">La pr\u00e9sente Politique de Cookies s\u2019appliquera aux utilisateurs qui visitent volontairement les pages web d\u2019<strong>ACEITUNAS ZAMBUDIO<\/strong>, remplissent des formulaires de collecte de donn\u00e9es, acc\u00e8dent aux outils qu\u2019<strong>ACEITUNAS ZAMBUDIO<\/strong> met \u00e0 la disposition de ses clients pour g\u00e9rer leurs services, ou utilisent tout autre service pr\u00e9sent sur le site web impliquant la communication ou l\u2019acc\u00e8s \u00e0 des donn\u00e9es pour la fourniture de ses services.<\/p>\n\n\n\n<p class=\"\"><strong><em>Que sont les cookies?<\/em><\/strong><\/p>\n\n\n\n<p class=\"\">Les cookies sont de petits fichiers que certaines plateformes, comme les sites web, peuvent installer sur votre ordinateur, smartphone, tablette ou t\u00e9l\u00e9vision connect\u00e9e lorsque vous y acc\u00e9dez. Leurs fonctions peuvent \u00eatre tr\u00e8s vari\u00e9es : stocker vos pr\u00e9f\u00e9rences de navigation, collecter des donn\u00e9es statistiques, permettre certaines fonctionnalit\u00e9s techniques, stocker et r\u00e9cup\u00e9rer des informations sur les habitudes ou pr\u00e9f\u00e9rences de navigation d\u2019un utilisateur ou de son appareil, au point\u2014suivant les donn\u00e9es qu\u2019ils contiennent et la fa\u00e7on dont vous utilisez votre appareil\u2014de pouvoir le reconna\u00eetre. Un cookie est enregistr\u00e9 sur un appareil pour personnaliser et faciliter au maximum la navigation de l\u2019utilisateur. Les cookies sont associ\u00e9s uniquement \u00e0 un utilisateur et \u00e0 son appareil et ne fournissent pas d\u2019informations permettant de d\u00e9duire des donn\u00e9es personnelles. L\u2019utilisateur peut configurer son navigateur pour \u00eatre averti de l\u2019installation de cookies ou pour les rejeter.<\/p>\n\n\n\n<p class=\"\"><strong><em>Pourquoi sont-ils importants?<\/em><\/strong><\/p>\n\n\n\n<p class=\"\">Les cookies sont utiles pour plusieurs raisons. D\u2019un point de vue technique, ils permettent aux pages web de fonctionner de mani\u00e8re plus fluide et d\u2019\u00eatre adapt\u00e9s aux pr\u00e9f\u00e9rences de l\u2019utilisateur, comme, par exemple, le stockage de sa langue ou de la devise de son pays. De plus, ils aident les responsables des sites web \u00e0 am\u00e9liorer les services qu\u2019ils offrent, gr\u00e2ce aux informations statistiques qu\u2019ils collectent. Enfin, ils servent \u00e0 rendre plus efficace la publicit\u00e9 que nous vous montrons, ce qui nous permet de vous offrir des services gratuitement.<\/p>\n\n\n\n<p class=\"\"><strong><em>Comment utilisons-nous les cookies?<\/em><\/strong><\/p>\n\n\n\n<p class=\"\">La navigation sur ce site implique que les types de cookies suivants puissent \u00eatre install\u00e9s:<\/p>\n\n\n\n<p class=\"\">Class\u00e9es par titularit\u00e9:<\/p>\n\n\n\n<p class=\"\"><strong>Cookies propri\u00e9taires<\/strong><\/p>\n\n\n\n<p class=\"\">Envoy\u00e9s et g\u00e9r\u00e9s directement par <strong>ACEITUNAS ZAMBUDIO.<\/strong><\/p>\n\n\n\n<p class=\"\"><strong>Cookies tierces<\/strong><\/p>\n\n\n\n<p class=\"\">Envoy\u00e9s et g\u00e9r\u00e9s par un tiers ind\u00e9pendant d\u2019<strong>ACEITUNAS ZAMBUDIO<\/strong> de mani\u00e8re anonyme, dans le but de r\u00e9aliser des \u00e9tudes statistiques de navigation sur les pages web.<\/p>\n\n\n\n<p class=\"\">Class\u00e9es par finalit\u00e9:<\/p>\n\n\n\n<p class=\"\"><strong>Cookies d\u2019am\u00e9lioration des performances<\/strong><\/p>\n\n\n\n<p class=\"\">Ce type de cookie conserve vos pr\u00e9f\u00e9rences pour certains outils ou services afin que vous n\u2019ayez pas \u00e0 les reconfigurer \u00e0 chaque visite de notre portail et, dans certains cas, peut \u00eatre fourni par des tiers. Exemples : r\u00e9glage du volume des lecteurs audiovisuels, pr\u00e9f\u00e9rences de tri des articles ou vitesses de lecture vid\u00e9o compatibles. Dans le cas du commerce \u00e9lectronique, ils permettent de conserver des informations sur votre panier d\u2019achat.<\/p>\n\n\n\n<p class=\"\"><strong>Cookies d\u2019analyse statistique<\/strong><\/p>\n\n\n\n<p class=\"\">Il s\u2019agit de cookies qui, trait\u00e9s par nous ou par des tiers, permettent de quantifier le nombre de visiteurs et d\u2019analyser statistiquement l\u2019utilisation que font les utilisateurs de nos services. Gr\u00e2ce \u00e0 elles, nous pouvons \u00e9tudier la navigation sur notre site web et ainsi am\u00e9liorer l\u2019offre de services et\/ou de produits que nous proposons. Ces cookies ne seront associ\u00e9s \u00e0 aucune donn\u00e9e \u00e0 caract\u00e8re personnel permettant d\u2019identifier l\u2019utilisateur, fournissant des informations sur le comportement de navigation de mani\u00e8re anonyme.<\/p>\n\n\n\n<p class=\"\"><strong>Cookies de g\u00e9olocalisation<\/strong><\/p>\n\n\n\n<p class=\"\">Ces cookies sont utilis\u00e9es par des programmes qui tentent de localiser g\u00e9ographiquement l\u2019ordinateur, le smartphone, la tablette ou la t\u00e9l\u00e9vision connect\u00e9e, afin de vous proposer de mani\u00e8re totalement anonyme des contenus et des services plus adapt\u00e9s.<\/p>\n\n\n\n<p class=\"\"><strong>Cookies d\u2019enregistrement<\/strong><\/p>\n\n\n\n<p class=\"\">Ces cookies vous identifient en tant qu\u2019utilisateur enregistr\u00e9 et indiquent quand vous vous \u00eates connect\u00e9 sur le site web. Elles sont utilis\u00e9es pour reconna\u00eetre votre compte utilisateur et les services qui y sont associ\u00e9s, facilitant ainsi votre navigation. Ces cookies restent actifs tant que vous ne vous d\u00e9connectez pas, ne fermez pas le navigateur ou n\u2019\u00e9teignez pas l\u2019appareil. Ils peuvent \u00eatre utilis\u00e9s en combinaison avec des donn\u00e9es analytiques pour identifier individuellement vos pr\u00e9f\u00e9rences sur notre portail.<\/p>\n\n\n\n<p class=\"\"><strong>Cookies publicitaires<\/strong><\/p>\n\n\n\n<p class=\"\">Les cookies publicitaires sont celles qui, trait\u00e9es par nous ou par des tiers, permettent de g\u00e9rer efficacement les espaces publicitaires de notre site web, en adaptant le contenu de l\u2019annonce au service demand\u00e9 ou \u00e0 votre utilisation de notre site web. Gr\u00e2ce \u00e0 elles, nous pouvons conna\u00eetre vos habitudes de navigation sur Internet et vous afficher de la publicit\u00e9 en lien avec votre profil de navigation.<\/p>\n\n\n\n<p class=\"\"><strong>Autres cookies tiers<\/strong><\/p>\n\n\n\n<p class=\"\">Sur certaines de nos pages, des cookies tiers peuvent \u00eatre install\u00e9s pour g\u00e9rer et am\u00e9liorer les services qu\u2019ils offrent. Un exemple de cette utilisation est les liens vers les r\u00e9seaux sociaux qui permettent de partager nos contenus.<\/p>\n\n\n\n<p class=\"\">Class\u00e9es par dur\u00e9e:<\/p>\n\n\n\n<p class=\"\"><strong>Cookies de session<\/strong><\/p>\n\n\n\n<p class=\"\">Elles recueillent et stockent des donn\u00e9es pendant que l\u2019utilisateur acc\u00e8de au site web.<\/p>\n\n\n\n<p class=\"\"><strong>Cookies persistantes<\/strong><\/p>\n\n\n\n<p class=\"\">Ils recueillent et stockent les donn\u00e9es sur le terminal de l\u2019utilisateur pendant une p\u00e9riode de temps variable en fonction de l\u2019objectif pour lequel ils ont \u00e9t\u00e9 utilis\u00e9s.<\/p>\n\n\n\n<p class=\"\">La dur\u00e9e de conservation des cookies d\u00e9pendra de leur type et sera toujours le minimum indispensable pour atteindre leur finalit\u00e9.<\/p>\n\n\n\n<p class=\"\"><strong><em>Comment puis-je configurer mes pr\u00e9f\u00e9rences?<\/em><\/strong><\/p>\n\n\n\n<p class=\"\">Vous pouvez autoriser, bloquer ou supprimer les cookies install\u00e9s sur votre appareil en configurant les options de votre navigateur Internet.<\/p>\n\n\n\n<p class=\"\">Ci-dessous, nous vous proposons des liens o\u00f9 vous trouverez des informations sur la mani\u00e8re d\u2019activer vos pr\u00e9f\u00e9rences dans les principaux navigateurs:<\/p>\n\n\n\n<ul class=\"wp-block-list\">\n<li><a href=\"http:\/\/support.google.com\/chrome\/bin\/answer.py?hl=es&amp;answer=95647\">Google Chrome<\/a><\/li>\n\n\n\n<li><a href=\"http:\/\/support.mozilla.org\/es\/kb\/cookies-informacion-que-los-sitios-web-guardan-en-?redirectlocale=en-US&amp;redirectslug=Cookies\">Mozilla Firefox<\/a><\/li>\n\n\n\n<li><a href=\"http:\/\/support.microsoft.com\/kb\/196955\/es\">Internet Explorer<\/a><\/li>\n\n\n\n<li><a href=\"http:\/\/docs.info.apple.com\/article.html?path=Safari\/3.0\/fr\/9277.html\">Safari<\/a><\/li>\n\n\n\n<li><a href=\"http:\/\/support.apple.com\/kb\/HT1677?viewlocale=es_ES\">Safari for IOS<\/a> (iPhone, iPad)<\/li>\n<\/ul>\n\n\n\n<p class=\"\"><strong><em>Que se passe-t-il si les cookies sont d\u00e9sactiv\u00e9s?<\/em><\/strong><\/p>\n\n\n\n<p class=\"\">En cas de blocage ou de non-acceptation de l\u2019installation de cookies, certains services propos\u00e9s par notre site web n\u00e9cessitant leur utilisation peuvent \u00eatre d\u00e9sactiv\u00e9s et, par cons\u00e9quent, ne pas \u00eatre disponibles pour vous, vous emp\u00eachant ainsi de profiter pleinement de tout ce que notre site web et nos applications offrent. Il est \u00e9galement possible que la qualit\u00e9 de fonctionnement du site web diminue.<\/p>\n\n\n\n<p class=\"\"><strong><em>Quels types de cookies utilisons-nous ?<\/em><\/strong><\/p>\n\n\n\n<figure class=\"wp-block-table  mb-md\"><table><thead><tr><th><strong>Cookie<\/strong><\/th><th><strong>Nom<\/strong><\/th><th><strong>Finalit\u00e9<\/strong><\/th><th><strong>Propri\u00e9taire<\/strong><\/th><th><strong>Plus d\u2019informations<\/strong><\/th><\/tr><\/thead><tbody><tr><td>Google Analytics<\/td><td>_gid,_ga,_gat _anonymizeIp<\/td><td>Elle collecte des informations anonymes sur la navigation des utilisateurs sur le site web afin de conna\u00eetre l\u2019origine des visites et d\u2019autres donn\u00e9es statistiques similaires. Nous n\u2019utilisons pas actuellement ces cookies..<\/td><td>Google<\/td><td><a href=\"https:\/\/marketingplatform.google.com\/about\/\" target=\"_blank\" rel=\"noreferrer noopener\">Centre de confidentialit\u00e9 Google<br>Module de d\u00e9sactivation de Google Analytics<\/a><\/td><\/tr><tr><td>Google<\/td><td>APISID, SID, HSID, NID<\/td><td>Google enregistre les pr\u00e9f\u00e9rences des utilisateurs et d\u2019autres informations.<\/td><td>Google<\/td><td><a href=\"https:\/\/policies.google.com\/?hl=es&amp;gl=es\" target=\"_blank\" rel=\"noreferrer noopener\">Centre de confidentialit\u00e9 Google<\/a><\/td><\/tr><tr><td>WPML<\/td><td>_icl_current_language<\/td><td>Guarda las preferencias de idioma del visitante.Enregistre les pr\u00e9f\u00e9rences de langue du visiteur.<\/td><td>WPML<\/td><td><a href=\"https:\/\/wpml.org\/es\/\" target=\"_blank\" rel=\"noreferrer noopener\">WPML<\/a><\/td><\/tr><\/tbody><\/table><\/figure>\n\n\n\n<p class=\"\"><strong>ACEITUNAS ZAMBUDIO <\/strong>informe les utilisateurs de ses pages web de l\u2019existence de cookies et met cette Politique \u00e0 leur disposition afin de les informer de leur utilisation et de leur objet. Le fait de poursuivre la navigation sur ses pages implique que ces utilisateurs prennent connaissance de cette Politique et l\u2019acceptent.<\/p>\n\n\n\n<p class=\"\"><strong><em>Acceptation des cookies selon le choix<\/em><\/strong><\/p>\n\n\n\n<p class=\"\">Si vous poursuivez votre navigation apr\u00e8s avoir \u00e9t\u00e9 inform\u00e9 de notre Politique de cookies, nous consid\u00e9rons que vous acceptez l\u2019utilisation des cookies.<br>Lors de votre premi\u00e8re visite sur ce site web ou cette application, une fen\u00eatre appara\u00eet pour vous informer de l\u2019utilisation des cookies et pour vous permettre de consulter cette Politique de cookies. Si vous consentez \u00e0 l\u2019utilisation des cookies, poursuivez votre navigation ou cliquez sur un lien, il sera consid\u00e9r\u00e9 que vous avez accept\u00e9 notre Politique de cookies et, par cons\u00e9quent, l\u2019installation de celles-ci sur votre appareil.<\/p>\n\n\n\n<p class=\" mb-md\">En plus de l\u2019utilisation de nos propres cookies, nous permettons \u00e0 des tiers d\u2019installer des cookies et d\u2019y acc\u00e9der sur votre ordinateur. Le consentement \u00e0 l\u2019utilisation des cookies de cette entreprise est li\u00e9 \u00e0 la navigation sur ce site web.<\/p>\n\n\t\r\n\t\t\t\t\t<\/div>\r\n\t\t<\/div>","protected":false},"excerpt":{"rendered":"","protected":false},"author":4,"featured_media":0,"parent":0,"menu_order":0,"comment_status":"closed","ping_status":"closed","template":"","meta":{"inline_featured_image":false,"footnotes":""},"class_list":["post-8663","page","type-page","status-publish","hentry"],"acf":[],"yoast_head":"<!-- This site is optimized with the Yoast SEO plugin v26.3 - https:\/\/yoast.com\/wordpress\/plugins\/seo\/ -->\n<title>Politique en mati\u00e8re de cookies - Aceitunas Zambudio<\/title>\n<meta name=\"robots\" content=\"index, follow, max-snippet:-1, max-image-preview:large, max-video-preview:-1\" \/>\n<link rel=\"canonical\" href=\"https:\/\/aceitunaszambudio.com\/fr\/politica-de-cookies\/\" \/>\n<meta property=\"og:locale\" content=\"fr_FR\" \/>\n<meta property=\"og:type\" content=\"article\" \/>\n<meta property=\"og:title\" content=\"Politique en mati\u00e8re de cookies - Aceitunas Zambudio\" \/>\n<meta property=\"og:url\" content=\"https:\/\/aceitunaszambudio.com\/fr\/politica-de-cookies\/\" \/>\n<meta property=\"og:site_name\" content=\"Aceitunas Zambudio\" \/>\n<meta property=\"article:modified_time\" content=\"2025-06-24T11:21:50+00:00\" \/>\n<meta name=\"twitter:card\" content=\"summary_large_image\" \/>\n<meta name=\"twitter:label1\" content=\"Est. reading time\" \/>\n\t<meta name=\"twitter:data1\" content=\"6 minutes\" \/>\n<script type=\"application\/ld+json\" class=\"yoast-schema-graph\">{\"@context\":\"https:\/\/schema.org\",\"@graph\":[{\"@type\":\"WebPage\",\"@id\":\"https:\/\/aceitunaszambudio.com\/fr\/politica-de-cookies\/\",\"url\":\"https:\/\/aceitunaszambudio.com\/fr\/politica-de-cookies\/\",\"name\":\"Politique en mati\u00e8re de cookies - Aceitunas Zambudio\",\"isPartOf\":{\"@id\":\"https:\/\/aceitunaszambudio.com\/#website\"},\"datePublished\":\"2023-07-25T09:24:33+00:00\",\"dateModified\":\"2025-06-24T11:21:50+00:00\",\"breadcrumb\":{\"@id\":\"https:\/\/aceitunaszambudio.com\/fr\/politica-de-cookies\/#breadcrumb\"},\"inLanguage\":\"fr-FR\",\"potentialAction\":[{\"@type\":\"ReadAction\",\"target\":[\"https:\/\/aceitunaszambudio.com\/fr\/politica-de-cookies\/\"]}]},{\"@type\":\"BreadcrumbList\",\"@id\":\"https:\/\/aceitunaszambudio.com\/fr\/politica-de-cookies\/#breadcrumb\",\"itemListElement\":[{\"@type\":\"ListItem\",\"position\":1,\"name\":\"Inicio\",\"item\":\"https:\/\/aceitunaszambudio.com\/fr\/\"},{\"@type\":\"ListItem\",\"position\":2,\"name\":\"Politique en mati\u00e8re de cookies\"}]},{\"@type\":\"WebSite\",\"@id\":\"https:\/\/aceitunaszambudio.com\/#website\",\"url\":\"https:\/\/aceitunaszambudio.com\/\",\"name\":\"Aceitunas Zambudio\",\"description\":\"\",\"potentialAction\":[{\"@type\":\"SearchAction\",\"target\":{\"@type\":\"EntryPoint\",\"urlTemplate\":\"https:\/\/aceitunaszambudio.com\/?s={search_term_string}\"},\"query-input\":{\"@type\":\"PropertyValueSpecification\",\"valueRequired\":true,\"valueName\":\"search_term_string\"}}],\"inLanguage\":\"fr-FR\"}]}<\/script>\n<!-- \/ Yoast SEO plugin. -->","yoast_head_json":{"title":"Politique en mati\u00e8re de cookies - Aceitunas Zambudio","robots":{"index":"index","follow":"follow","max-snippet":"max-snippet:-1","max-image-preview":"max-image-preview:large","max-video-preview":"max-video-preview:-1"},"canonical":"https:\/\/aceitunaszambudio.com\/fr\/politica-de-cookies\/","og_locale":"fr_FR","og_type":"article","og_title":"Politique en mati\u00e8re de cookies - Aceitunas Zambudio","og_url":"https:\/\/aceitunaszambudio.com\/fr\/politica-de-cookies\/","og_site_name":"Aceitunas Zambudio","article_modified_time":"2025-06-24T11:21:50+00:00","twitter_card":"summary_large_image","twitter_misc":{"Est. reading time":"6 minutes"},"schema":{"@context":"https:\/\/schema.org","@graph":[{"@type":"WebPage","@id":"https:\/\/aceitunaszambudio.com\/fr\/politica-de-cookies\/","url":"https:\/\/aceitunaszambudio.com\/fr\/politica-de-cookies\/","name":"Politique en mati\u00e8re de cookies - Aceitunas Zambudio","isPartOf":{"@id":"https:\/\/aceitunaszambudio.com\/#website"},"datePublished":"2023-07-25T09:24:33+00:00","dateModified":"2025-06-24T11:21:50+00:00","breadcrumb":{"@id":"https:\/\/aceitunaszambudio.com\/fr\/politica-de-cookies\/#breadcrumb"},"inLanguage":"fr-FR","potentialAction":[{"@type":"ReadAction","target":["https:\/\/aceitunaszambudio.com\/fr\/politica-de-cookies\/"]}]},{"@type":"BreadcrumbList","@id":"https:\/\/aceitunaszambudio.com\/fr\/politica-de-cookies\/#breadcrumb","itemListElement":[{"@type":"ListItem","position":1,"name":"Inicio","item":"https:\/\/aceitunaszambudio.com\/fr\/"},{"@type":"ListItem","position":2,"name":"Politique en mati\u00e8re de cookies"}]},{"@type":"WebSite","@id":"https:\/\/aceitunaszambudio.com\/#website","url":"https:\/\/aceitunaszambudio.com\/","name":"Aceitunas Zambudio","description":"","potentialAction":[{"@type":"SearchAction","target":{"@type":"EntryPoint","urlTemplate":"https:\/\/aceitunaszambudio.com\/?s={search_term_string}"},"query-input":{"@type":"PropertyValueSpecification","valueRequired":true,"valueName":"search_term_string"}}],"inLanguage":"fr-FR"}]}},"_links":{"self":[{"href":"https:\/\/aceitunaszambudio.com\/fr\/wp-json\/wp\/v2\/pages\/8663","targetHints":{"allow":["GET"]}}],"collection":[{"href":"https:\/\/aceitunaszambudio.com\/fr\/wp-json\/wp\/v2\/pages"}],"about":[{"href":"https:\/\/aceitunaszambudio.com\/fr\/wp-json\/wp\/v2\/types\/page"}],"author":[{"embeddable":true,"href":"https:\/\/aceitunaszambudio.com\/fr\/wp-json\/wp\/v2\/users\/4"}],"replies":[{"embeddable":true,"href":"https:\/\/aceitunaszambudio.com\/fr\/wp-json\/wp\/v2\/comments?post=8663"}],"version-history":[{"count":15,"href":"https:\/\/aceitunaszambudio.com\/fr\/wp-json\/wp\/v2\/pages\/8663\/revisions"}],"predecessor-version":[{"id":10372,"href":"https:\/\/aceitunaszambudio.com\/fr\/wp-json\/wp\/v2\/pages\/8663\/revisions\/10372"}],"wp:attachment":[{"href":"https:\/\/aceitunaszambudio.com\/fr\/wp-json\/wp\/v2\/media?parent=8663"}],"curies":[{"name":"wp","href":"https:\/\/api.w.org\/{rel}","templated":true}]}}