{"id":8661,"date":"2023-07-25T09:22:37","date_gmt":"2023-07-25T09:22:37","guid":{"rendered":"https:\/\/aceitunaszambudio.com\/politica-de-calidad\/"},"modified":"2025-06-24T10:24:22","modified_gmt":"2025-06-24T10:24:22","slug":"politica-de-calidad","status":"publish","type":"page","link":"https:\/\/aceitunaszambudio.com\/fr\/politica-de-calidad\/","title":{"rendered":"Politique de qualit\u00e9"},"content":{"rendered":"\r\n<div  class=\"content\" >\r\n\r\n\t\t\t\t\t\t<div class=\"container max-width-xl\">\r\n\t\t\r\n\t\t\n<h1 class=\"wp-block-heading mb-xs\">Politique de qualit\u00e9<\/h1>\n\n\n\n<p class=\" pt-md\">La soci\u00e9t\u00e9 Aceitunas Zambudio, S.L. a \u00e9t\u00e9 cr\u00e9\u00e9e en 1999. Nous sommes une entreprise jeune et dynamique n\u00e9e comme la continuation d\u2019un projet initi\u00e9 par notre fondateur, M. Francisco Zambudio Franco, il y a plus de 35 ans dans des installations modestes o\u00f9 ont \u00e9t\u00e9 \u00e9labor\u00e9s les premiers produits autochtones de nos riches champs et terres andalouses. Au fil des ann\u00e9es et gr\u00e2ce \u00e0 l\u2019exp\u00e9rience acquise, nous avons repris le flambeau et la direction de notre fondateur sans renoncer \u00e0 notre caract\u00e8re traditionnel, et nous continuerons \u00e0 d\u00e9velopper un projet pour offrir chaque jour sur votre table des produits d\u2019une qualit\u00e9 exceptionnelle et d\u2019une saveur distinctive adapt\u00e9e aux palais les plus exigeants.<\/p>\n\n\n\n<p class=\"\">La direction d\u2019ACEITUNAS ZAMBUDIO S.L. est consciente que <strong>l\u2019atteinte de la qualit\u00e9 dans la gestion de l\u2019entreprise est un objectif primordial et un engagement personnel<\/strong> ; elle assume donc la responsabilit\u00e9 de mettre en \u0153uvre et de maintenir le plus haut niveau de qualit\u00e9 de ses produits et services dans le cadre de la norme UNE-EN-ISO 9001, avec le p\u00e9rim\u00e8tre suivant :<\/p>\n\n\n\n<p class=\"\">\u201cEMBALLAGE, FABRICATION, TRANSFORMATION, VENTE ET COMMERCIALISATION D\u2019OLIVES ET DE PRODUITS MARIN\u00c9S\u201d<\/p>\n\n\n\n<p class=\"\"><strong>Pour atteindre cet objectif ambitieux, la Direction de cette entreprise \u00e9tablit les points suivants comme fondamentaux dans sa Politique Qualit\u00e9:<\/strong><\/p>\n\n\n\n<ul class=\"wp-block-list\">\n<li><strong>Optimisation de la communication <\/strong>avec nos clients pour mieux identifier leurs besoins et y r\u00e9pondre, en incluant, dans ce cas, la soci\u00e9t\u00e9 dans son ensemble.<\/li>\n\n\n\n<li><strong>Respect strict <\/strong>des d\u00e9lais convenus avec les clients.<\/li>\n\n\n\n<li><strong>Respect de toutes les exigences l\u00e9gales, <\/strong>r\u00e9glementaires ou convenues avec le client et de son environnement.<\/li>\n\n\n\n<li><strong>Am\u00e9lioration continue du syst\u00e8me de gestion <\/strong>de la qualit\u00e9 par la collecte et l\u2019analyse de donn\u00e9es permettant d\u2019identifier les domaines d\u2019am\u00e9lioration.<\/li>\n\n\n\n<li>Optimisation de toutes nos ressources.<\/li>\n\n\n\n<li>Cette politique fournit un cadre de r\u00e9f\u00e9rence pour l\u2019\u00e9tablissement des <strong>objectifs de qualit\u00e9<\/strong>, ainsi que leurs cibles associ\u00e9es pour leur r\u00e9alisation.<\/li>\n\n\n\n<li>D\u00e9tection des \u00e9carts dans les activit\u00e9s men\u00e9es par l\u2019entreprise afin d\u2019\u00e9liminer progressivement les erreurs pour am\u00e9liorer en <strong>continu les processus.<\/strong><\/li>\n\n\n\n<li>\u00c9laboration de politiques internes visant \u00e0 motiver ad\u00e9quatement le personnel, <strong>en s\u2019engageant dans la mise en \u0153uvre et l\u2019am\u00e9lioration du Syst\u00e8me de Management.<\/strong><\/li>\n\n\n\n<li>Favoriser la <strong>formation interne<\/strong> de notre personnel.<\/li>\n<\/ul>\n\n\n\n<p class=\"\">Le fonctionnement quotidien de l\u2019organisation, associ\u00e9 au respect de ces objectifs, ainsi qu\u2019\u00e0 d\u2019autres qui seront fix\u00e9s \u00e0 l\u2019avenir, d\u00e9terminera la capacit\u00e9 de l\u2019entreprise \u00e0 satisfaire l\u2019exigence d\u2019am\u00e9lioration continue inh\u00e9rente \u00e0 tout Syst\u00e8me de Management de la Qualit\u00e9, et cela se traduira dans les objectifs de gestion que la Direction de l\u2019entreprise fixera en permanence pour concr\u00e9tiser et rendre effective cette am\u00e9lioration.<\/p>\n\n\n\n<p class=\" mb-md\"><em><strong>La Direction<\/strong><\/em><\/p>\n\n\t\r\n\t\t\t\t\t<\/div>\r\n\t\t<\/div>","protected":false},"excerpt":{"rendered":"","protected":false},"author":4,"featured_media":0,"parent":0,"menu_order":0,"comment_status":"closed","ping_status":"closed","template":"","meta":{"inline_featured_image":false,"footnotes":""},"class_list":["post-8661","page","type-page","status-publish","hentry"],"acf":[],"yoast_head":"<!-- This site is optimized with the Yoast SEO plugin v26.3 - https:\/\/yoast.com\/wordpress\/plugins\/seo\/ -->\n<title>Politique de qualit\u00e9 - Aceitunas Zambudio<\/title>\n<meta name=\"robots\" content=\"index, follow, max-snippet:-1, max-image-preview:large, max-video-preview:-1\" \/>\n<link rel=\"canonical\" href=\"https:\/\/aceitunaszambudio.com\/fr\/politica-de-calidad\/\" \/>\n<meta property=\"og:locale\" content=\"fr_FR\" \/>\n<meta property=\"og:type\" content=\"article\" \/>\n<meta property=\"og:title\" content=\"Politique de qualit\u00e9 - Aceitunas Zambudio\" \/>\n<meta property=\"og:url\" content=\"https:\/\/aceitunaszambudio.com\/fr\/politica-de-calidad\/\" \/>\n<meta property=\"og:site_name\" content=\"Aceitunas Zambudio\" \/>\n<meta property=\"article:modified_time\" content=\"2025-06-24T10:24:22+00:00\" \/>\n<meta name=\"twitter:card\" content=\"summary_large_image\" \/>\n<meta name=\"twitter:label1\" content=\"Est. reading time\" \/>\n\t<meta name=\"twitter:data1\" content=\"2 minutes\" \/>\n<script type=\"application\/ld+json\" class=\"yoast-schema-graph\">{\"@context\":\"https:\/\/schema.org\",\"@graph\":[{\"@type\":\"WebPage\",\"@id\":\"https:\/\/aceitunaszambudio.com\/fr\/politica-de-calidad\/\",\"url\":\"https:\/\/aceitunaszambudio.com\/fr\/politica-de-calidad\/\",\"name\":\"Politique de qualit\u00e9 - Aceitunas Zambudio\",\"isPartOf\":{\"@id\":\"https:\/\/aceitunaszambudio.com\/#website\"},\"datePublished\":\"2023-07-25T09:22:37+00:00\",\"dateModified\":\"2025-06-24T10:24:22+00:00\",\"breadcrumb\":{\"@id\":\"https:\/\/aceitunaszambudio.com\/fr\/politica-de-calidad\/#breadcrumb\"},\"inLanguage\":\"fr-FR\",\"potentialAction\":[{\"@type\":\"ReadAction\",\"target\":[\"https:\/\/aceitunaszambudio.com\/fr\/politica-de-calidad\/\"]}]},{\"@type\":\"BreadcrumbList\",\"@id\":\"https:\/\/aceitunaszambudio.com\/fr\/politica-de-calidad\/#breadcrumb\",\"itemListElement\":[{\"@type\":\"ListItem\",\"position\":1,\"name\":\"Inicio\",\"item\":\"https:\/\/aceitunaszambudio.com\/fr\/\"},{\"@type\":\"ListItem\",\"position\":2,\"name\":\"Politique de qualit\u00e9\"}]},{\"@type\":\"WebSite\",\"@id\":\"https:\/\/aceitunaszambudio.com\/#website\",\"url\":\"https:\/\/aceitunaszambudio.com\/\",\"name\":\"Aceitunas Zambudio\",\"description\":\"\",\"potentialAction\":[{\"@type\":\"SearchAction\",\"target\":{\"@type\":\"EntryPoint\",\"urlTemplate\":\"https:\/\/aceitunaszambudio.com\/?s={search_term_string}\"},\"query-input\":{\"@type\":\"PropertyValueSpecification\",\"valueRequired\":true,\"valueName\":\"search_term_string\"}}],\"inLanguage\":\"fr-FR\"}]}<\/script>\n<!-- \/ Yoast SEO plugin. -->","yoast_head_json":{"title":"Politique de qualit\u00e9 - Aceitunas Zambudio","robots":{"index":"index","follow":"follow","max-snippet":"max-snippet:-1","max-image-preview":"max-image-preview:large","max-video-preview":"max-video-preview:-1"},"canonical":"https:\/\/aceitunaszambudio.com\/fr\/politica-de-calidad\/","og_locale":"fr_FR","og_type":"article","og_title":"Politique de qualit\u00e9 - Aceitunas Zambudio","og_url":"https:\/\/aceitunaszambudio.com\/fr\/politica-de-calidad\/","og_site_name":"Aceitunas Zambudio","article_modified_time":"2025-06-24T10:24:22+00:00","twitter_card":"summary_large_image","twitter_misc":{"Est. reading time":"2 minutes"},"schema":{"@context":"https:\/\/schema.org","@graph":[{"@type":"WebPage","@id":"https:\/\/aceitunaszambudio.com\/fr\/politica-de-calidad\/","url":"https:\/\/aceitunaszambudio.com\/fr\/politica-de-calidad\/","name":"Politique de qualit\u00e9 - Aceitunas Zambudio","isPartOf":{"@id":"https:\/\/aceitunaszambudio.com\/#website"},"datePublished":"2023-07-25T09:22:37+00:00","dateModified":"2025-06-24T10:24:22+00:00","breadcrumb":{"@id":"https:\/\/aceitunaszambudio.com\/fr\/politica-de-calidad\/#breadcrumb"},"inLanguage":"fr-FR","potentialAction":[{"@type":"ReadAction","target":["https:\/\/aceitunaszambudio.com\/fr\/politica-de-calidad\/"]}]},{"@type":"BreadcrumbList","@id":"https:\/\/aceitunaszambudio.com\/fr\/politica-de-calidad\/#breadcrumb","itemListElement":[{"@type":"ListItem","position":1,"name":"Inicio","item":"https:\/\/aceitunaszambudio.com\/fr\/"},{"@type":"ListItem","position":2,"name":"Politique de qualit\u00e9"}]},{"@type":"WebSite","@id":"https:\/\/aceitunaszambudio.com\/#website","url":"https:\/\/aceitunaszambudio.com\/","name":"Aceitunas Zambudio","description":"","potentialAction":[{"@type":"SearchAction","target":{"@type":"EntryPoint","urlTemplate":"https:\/\/aceitunaszambudio.com\/?s={search_term_string}"},"query-input":{"@type":"PropertyValueSpecification","valueRequired":true,"valueName":"search_term_string"}}],"inLanguage":"fr-FR"}]}},"_links":{"self":[{"href":"https:\/\/aceitunaszambudio.com\/fr\/wp-json\/wp\/v2\/pages\/8661","targetHints":{"allow":["GET"]}}],"collection":[{"href":"https:\/\/aceitunaszambudio.com\/fr\/wp-json\/wp\/v2\/pages"}],"about":[{"href":"https:\/\/aceitunaszambudio.com\/fr\/wp-json\/wp\/v2\/types\/page"}],"author":[{"embeddable":true,"href":"https:\/\/aceitunaszambudio.com\/fr\/wp-json\/wp\/v2\/users\/4"}],"replies":[{"embeddable":true,"href":"https:\/\/aceitunaszambudio.com\/fr\/wp-json\/wp\/v2\/comments?post=8661"}],"version-history":[{"count":13,"href":"https:\/\/aceitunaszambudio.com\/fr\/wp-json\/wp\/v2\/pages\/8661\/revisions"}],"predecessor-version":[{"id":10324,"href":"https:\/\/aceitunaszambudio.com\/fr\/wp-json\/wp\/v2\/pages\/8661\/revisions\/10324"}],"wp:attachment":[{"href":"https:\/\/aceitunaszambudio.com\/fr\/wp-json\/wp\/v2\/media?parent=8661"}],"curies":[{"name":"wp","href":"https:\/\/api.w.org\/{rel}","templated":true}]}}