{"id":8659,"date":"2023-07-25T09:19:50","date_gmt":"2023-07-25T09:19:50","guid":{"rendered":"https:\/\/aceitunaszambudio.com\/declaracion-de-accesibilidad\/"},"modified":"2025-06-24T09:59:26","modified_gmt":"2025-06-24T09:59:26","slug":"declaracion-de-accesibilidad","status":"publish","type":"page","link":"https:\/\/aceitunaszambudio.com\/fr\/declaracion-de-accesibilidad\/","title":{"rendered":"D\u00e9claration d&#8217;accessibilit\u00e9"},"content":{"rendered":"\r\n<div  class=\"content\" >\r\n\r\n\t\t\t\t\t\t<div class=\"container max-width-xl\">\r\n\t\t\r\n\t\t\n<h1 class=\"wp-block-heading mb-md\">D\u00e9claration d&#8217;accessibilit\u00e9<\/h1>\n\n\n\n<p class=\" pt-md\"><a href=\"https:\/\/aceitunaszambudio.com\/fr\/contact-2\/\">ECRIVEZ-NOUS<\/a><\/p>\n\n\n\n<p class=\"\">Aceitunas y Encurtidos Zambudio s\u2019est engag\u00e9 \u00e0 rendre son site web accessible conform\u00e9ment au Real Decreto 1112\/2018 du 7 septembre relatif \u00e0 l\u2019accessibilit\u00e9 des sites web et des applications mobiles du secteur public. Cette d\u00e9claration d\u2019accessibilit\u00e9 s\u2019applique au site web https:\/\/aceitunaszambudio.com<\/p>\n\n\n<h2 class=\"wp-block-heading\">Situation de conformit\u00e9<\/h2>\n\n\n\n<p class=\"\">Ce site web est partiellement conforme au RD 1112\/2018 en raison des exceptions et du manque de conformit\u00e9 des aspects indiqu\u00e9s dans le point suivant.<\/p>\n\n\n<h3 class=\"wp-block-heading\">Contenu non accessible<\/h3>\n\n\n\n<p class=\"\">Le contenu repris ci-dessous n\u2019est pas accessible pour les raisons suivantes :<\/p>\n\n\n<h4 class=\"wp-block-heading\">A) Non-conformit\u00e9 au RD 1112\/2018<\/h4>\n\n\n\n<ul class=\"wp-block-list\">\n<li>Il peut y avoir des erreurs ponctuelles de code d\u2019\u00e9dition sur certaines pages web. [4.1.1 Traitement]<\/li>\n\n\n\n<li>Il peut y avoir des erreurs d\u2019\u00e9dition ponctuelles sur certaines pages web.<\/li>\n\n\n\n<li>Il peut y avoir des probl\u00e8mes ponctuels de dimensionnement du contenu pour des r\u00e9solutions inf\u00e9rieures \u00e0 320 px [9.1.4.10]<\/li>\n\n\n\n<li>Il peut y avoir des erreurs ponctuelles de code HTML sur certaines pages. [9.4.1.1]<\/li>\n<\/ul>\n\n\n<h4 class=\"wp-block-heading\">B) Charge disproportionn\u00e9e<\/h4>\n\n\n\n<ul class=\"wp-block-list\">\n<li>non applicable<\/li>\n<\/ul>\n\n\n<h3 class=\"wp-block-heading\">Pr\u00e9paration de la prochaine d\u00e9claration d\u2019accessibilit\u00e9<\/h3>\n\n\n\n<p class=\"\">La pr\u00e9sente d\u00e9claration a \u00e9t\u00e9 pr\u00e9par\u00e9e le 25 juillet 2023. La m\u00e9thode utilis\u00e9e pour pr\u00e9parer la d\u00e9claration a \u00e9t\u00e9 une auto\u00e9valuation r\u00e9alis\u00e9e par l\u2019entreprise d\u00e9veloppeuse du site web : Artsolut Estudio, S.L.<\/p>\n\n\n<h4 class=\"wp-block-heading\"><strong>Observations et donn\u00e9es de contact<\/strong><\/h4>\n\n\n\n<p class=\"\">Vous pouvez adresser des communications concernant les exigences d\u2019accessibilit\u00e9 (article 10.2.a du RD 1112\/2018) comme, par exemple:<\/p>\n\n\n\n<ul class=\"wp-block-list\">\n<li>Signaler tout manquement \u00e9ventuel de ce site web<\/li>\n\n\n\n<li>Signaler d\u2019autres difficult\u00e9s d\u2019acc\u00e8s au contenu<\/li>\n\n\n\n<li>Formuler toute autre question ou suggestion d\u2019am\u00e9lioration relative \u00e0 l\u2019accessibilit\u00e9 du site web<\/li>\n<\/ul>\n\n\n\n<p class=\"\">Via l\u2019adresse e-mail <a>contacto@miguelromeraprocurador.es<\/a> ou via le num\u00e9ro de t\u00e9l\u00e9phone 650443858. Vous pouvez pr\u00e9senter :<\/p>\n\n\n\n<ul class=\"mb-md wp-block-list\">\n<li>Plainte relative au respect des exigences du RD 1112\/2018 ou<\/li>\n\n\n\n<li>Demande d\u2019information accessible relative \u00e0 :\n<ul class=\"wp-block-list\">\n<li>Contenus exclus du champ d\u2019application du RD 1112\/2018 tel qu\u2019\u00e9tabli \u00e0 l\u2019article 3, paragraphe 4<\/li>\n\n\n\n<li>Contenus exempt\u00e9s du respect des exigences d\u2019accessibilit\u00e9 en raison d\u2019une charge disproportionn\u00e9e<\/li>\n<\/ul>\n<\/li>\n<\/ul>\n\n\t\r\n\t\t\t\t\t<\/div>\r\n\t\t<\/div>","protected":false},"excerpt":{"rendered":"","protected":false},"author":4,"featured_media":0,"parent":0,"menu_order":0,"comment_status":"closed","ping_status":"closed","template":"","meta":{"inline_featured_image":false,"footnotes":""},"class_list":["post-8659","page","type-page","status-publish","hentry"],"acf":[],"yoast_head":"<!-- This site is optimized with the Yoast SEO plugin v26.3 - https:\/\/yoast.com\/wordpress\/plugins\/seo\/ -->\n<title>D\u00e9claration d&#039;accessibilit\u00e9 - Aceitunas Zambudio<\/title>\n<meta name=\"robots\" content=\"index, follow, max-snippet:-1, max-image-preview:large, max-video-preview:-1\" \/>\n<link rel=\"canonical\" href=\"https:\/\/aceitunaszambudio.com\/fr\/declaracion-de-accesibilidad\/\" \/>\n<meta property=\"og:locale\" content=\"fr_FR\" \/>\n<meta property=\"og:type\" content=\"article\" \/>\n<meta property=\"og:title\" content=\"D\u00e9claration d&#039;accessibilit\u00e9 - Aceitunas Zambudio\" \/>\n<meta property=\"og:url\" content=\"https:\/\/aceitunaszambudio.com\/fr\/declaracion-de-accesibilidad\/\" \/>\n<meta property=\"og:site_name\" content=\"Aceitunas Zambudio\" \/>\n<meta property=\"article:modified_time\" content=\"2025-06-24T09:59:26+00:00\" \/>\n<meta name=\"twitter:card\" content=\"summary_large_image\" \/>\n<script type=\"application\/ld+json\" class=\"yoast-schema-graph\">{\"@context\":\"https:\/\/schema.org\",\"@graph\":[{\"@type\":\"WebPage\",\"@id\":\"https:\/\/aceitunaszambudio.com\/fr\/declaracion-de-accesibilidad\/\",\"url\":\"https:\/\/aceitunaszambudio.com\/fr\/declaracion-de-accesibilidad\/\",\"name\":\"D\u00e9claration d'accessibilit\u00e9 - Aceitunas Zambudio\",\"isPartOf\":{\"@id\":\"https:\/\/aceitunaszambudio.com\/#website\"},\"datePublished\":\"2023-07-25T09:19:50+00:00\",\"dateModified\":\"2025-06-24T09:59:26+00:00\",\"breadcrumb\":{\"@id\":\"https:\/\/aceitunaszambudio.com\/fr\/declaracion-de-accesibilidad\/#breadcrumb\"},\"inLanguage\":\"fr-FR\",\"potentialAction\":[{\"@type\":\"ReadAction\",\"target\":[\"https:\/\/aceitunaszambudio.com\/fr\/declaracion-de-accesibilidad\/\"]}]},{\"@type\":\"BreadcrumbList\",\"@id\":\"https:\/\/aceitunaszambudio.com\/fr\/declaracion-de-accesibilidad\/#breadcrumb\",\"itemListElement\":[{\"@type\":\"ListItem\",\"position\":1,\"name\":\"Inicio\",\"item\":\"https:\/\/aceitunaszambudio.com\/fr\/\"},{\"@type\":\"ListItem\",\"position\":2,\"name\":\"D\u00e9claration d&#8217;accessibilit\u00e9\"}]},{\"@type\":\"WebSite\",\"@id\":\"https:\/\/aceitunaszambudio.com\/#website\",\"url\":\"https:\/\/aceitunaszambudio.com\/\",\"name\":\"Aceitunas Zambudio\",\"description\":\"\",\"potentialAction\":[{\"@type\":\"SearchAction\",\"target\":{\"@type\":\"EntryPoint\",\"urlTemplate\":\"https:\/\/aceitunaszambudio.com\/?s={search_term_string}\"},\"query-input\":{\"@type\":\"PropertyValueSpecification\",\"valueRequired\":true,\"valueName\":\"search_term_string\"}}],\"inLanguage\":\"fr-FR\"}]}<\/script>\n<!-- \/ Yoast SEO plugin. -->","yoast_head_json":{"title":"D\u00e9claration d'accessibilit\u00e9 - Aceitunas Zambudio","robots":{"index":"index","follow":"follow","max-snippet":"max-snippet:-1","max-image-preview":"max-image-preview:large","max-video-preview":"max-video-preview:-1"},"canonical":"https:\/\/aceitunaszambudio.com\/fr\/declaracion-de-accesibilidad\/","og_locale":"fr_FR","og_type":"article","og_title":"D\u00e9claration d'accessibilit\u00e9 - Aceitunas Zambudio","og_url":"https:\/\/aceitunaszambudio.com\/fr\/declaracion-de-accesibilidad\/","og_site_name":"Aceitunas Zambudio","article_modified_time":"2025-06-24T09:59:26+00:00","twitter_card":"summary_large_image","schema":{"@context":"https:\/\/schema.org","@graph":[{"@type":"WebPage","@id":"https:\/\/aceitunaszambudio.com\/fr\/declaracion-de-accesibilidad\/","url":"https:\/\/aceitunaszambudio.com\/fr\/declaracion-de-accesibilidad\/","name":"D\u00e9claration d'accessibilit\u00e9 - Aceitunas Zambudio","isPartOf":{"@id":"https:\/\/aceitunaszambudio.com\/#website"},"datePublished":"2023-07-25T09:19:50+00:00","dateModified":"2025-06-24T09:59:26+00:00","breadcrumb":{"@id":"https:\/\/aceitunaszambudio.com\/fr\/declaracion-de-accesibilidad\/#breadcrumb"},"inLanguage":"fr-FR","potentialAction":[{"@type":"ReadAction","target":["https:\/\/aceitunaszambudio.com\/fr\/declaracion-de-accesibilidad\/"]}]},{"@type":"BreadcrumbList","@id":"https:\/\/aceitunaszambudio.com\/fr\/declaracion-de-accesibilidad\/#breadcrumb","itemListElement":[{"@type":"ListItem","position":1,"name":"Inicio","item":"https:\/\/aceitunaszambudio.com\/fr\/"},{"@type":"ListItem","position":2,"name":"D\u00e9claration d&#8217;accessibilit\u00e9"}]},{"@type":"WebSite","@id":"https:\/\/aceitunaszambudio.com\/#website","url":"https:\/\/aceitunaszambudio.com\/","name":"Aceitunas Zambudio","description":"","potentialAction":[{"@type":"SearchAction","target":{"@type":"EntryPoint","urlTemplate":"https:\/\/aceitunaszambudio.com\/?s={search_term_string}"},"query-input":{"@type":"PropertyValueSpecification","valueRequired":true,"valueName":"search_term_string"}}],"inLanguage":"fr-FR"}]}},"_links":{"self":[{"href":"https:\/\/aceitunaszambudio.com\/fr\/wp-json\/wp\/v2\/pages\/8659","targetHints":{"allow":["GET"]}}],"collection":[{"href":"https:\/\/aceitunaszambudio.com\/fr\/wp-json\/wp\/v2\/pages"}],"about":[{"href":"https:\/\/aceitunaszambudio.com\/fr\/wp-json\/wp\/v2\/types\/page"}],"author":[{"embeddable":true,"href":"https:\/\/aceitunaszambudio.com\/fr\/wp-json\/wp\/v2\/users\/4"}],"replies":[{"embeddable":true,"href":"https:\/\/aceitunaszambudio.com\/fr\/wp-json\/wp\/v2\/comments?post=8659"}],"version-history":[{"count":9,"href":"https:\/\/aceitunaszambudio.com\/fr\/wp-json\/wp\/v2\/pages\/8659\/revisions"}],"predecessor-version":[{"id":10291,"href":"https:\/\/aceitunaszambudio.com\/fr\/wp-json\/wp\/v2\/pages\/8659\/revisions\/10291"}],"wp:attachment":[{"href":"https:\/\/aceitunaszambudio.com\/fr\/wp-json\/wp\/v2\/media?parent=8659"}],"curies":[{"name":"wp","href":"https:\/\/api.w.org\/{rel}","templated":true}]}}