{"id":8657,"date":"2023-07-25T09:19:19","date_gmt":"2023-07-25T09:19:19","guid":{"rendered":"https:\/\/aceitunaszambudio.com\/aviso-legal\/"},"modified":"2025-06-24T08:53:17","modified_gmt":"2025-06-24T08:53:17","slug":"aviso-legal","status":"publish","type":"page","link":"https:\/\/aceitunaszambudio.com\/fr\/aviso-legal\/","title":{"rendered":"Avis juridique"},"content":{"rendered":"\r\n<div  class=\"content\" >\r\n\r\n\t\t\t\t\t\t<div class=\"container max-width-xl\">\r\n\t\t\r\n\t\t\n<h1 class=\"wp-block-heading mb-md\">Avis juridique<\/h1>\n\n\n\n<p class=\" pt-md\">Conform\u00e9ment \u00e0 l\u2019article 10 de la loi 34\/2002 du 11 juillet relative aux services de la soci\u00e9t\u00e9 de l\u2019information et au commerce \u00e9lectronique (LSSICE), les donn\u00e9es d\u2019identification de l\u2019entreprise sont d\u00e9taill\u00e9es ci-dessous :<\/p>\n\n\n\n<p class=\"\">Raison sociale : ACEITUNAS ZAMBUDIO S.L. (<strong>Ci-apr\u00e8s, ACEITUNAS ZAMBUDIO<\/strong>).<\/p>\n\n\n\n<p class=\"\">CIF: B73032831<\/p>\n\n\n\n<p class=\"\">Adresse: VEREDA DE LA CRUZ, 42, 30161, LLANO DE BRUJAS, MURCIA.<\/p>\n\n\n\n<p class=\"\">T\u00e9l\u00e9phone: +34 968 30 11 64<\/p>\n\n\n\n<p class=\"\">E-mail: <a href=\"mailto:info@aceitunaszambudio.com\">info@aceitunaszambudio.com<\/a>      <\/p>\n\n\n\n<p class=\"\">Nom de domaine: <a href=\"http:\/\/www.aceitunaszambudio.com\/\">www.aceitunaszambudio.com<\/a> <\/p>\n\n\n\n<p class=\"\">Autorisation administrative : Autorisation de la Commission nationale des march\u00e9s et de la concurrence pour la fourniture de services de communications \u00e9lectroniques.<\/p>\n\n\n\n<p class=\"\">REGISTRE DU COMMERCE:<\/p>\n\n\n\n<p class=\"\">La soci\u00e9t\u00e9 ACEITUNAS ZAMBUDIO S.L. a \u00e9t\u00e9 immatricul\u00e9e par premi\u00e8re inscription en date du 14 avril 1999 au Registre du commerce de Murcia, au volume 1560, folio 26, section 8, \u00e0 la feuille MU-28781.<\/p>\n\n\n\n<p class=\"\">FINALIT\u00c9 DU SITE WEB:<\/p>\n\n\n\n<p class=\"\">Fabrication et commercialisation de produits alimentaires et de d\u00e9riv\u00e9s du secteur li\u00e9s \u00e0 ACEITUNAS ZAMBUDIO. Le pr\u00e9sent avis l\u00e9gal (ci-apr\u00e8s, \u00ab Aviso Legal \u00bb) r\u00e9git l\u2019utilisation du site web : <a class=\"\" href=\"http:\/\/www.aceitunaszambudio.com\">www.aceitunaszambudio.com<\/a>.<\/p>\n\n\n\n<p class=\"\">L\u00c9GISLATION<\/p>\n\n\n\n<p class=\"\">De mani\u00e8re g\u00e9n\u00e9rale, les relations entre <strong>ACEITUNAS ZAMBUDIO<\/strong> et les utilisateurs de ses services t\u00e9l\u00e9matiques, pr\u00e9sents sur ce site web, sont soumises \u00e0 la l\u00e9gislation et \u00e0 la juridiction espagnoles.<\/p>\n\n\n\n<p class=\"\">UTILISATION ET ACC\u00c8S DES UTILISATEURS<\/p>\n\n\n\n<p class=\"\">L\u2019Utilisateur est inform\u00e9 et accepte que l\u2019acc\u00e8s au pr\u00e9sent site web ne constitue en aucun cas le d\u00e9but d\u2019une relation commerciale avec <strong>ACEITUNAS ZAMBUDIO<\/strong> ou l\u2019une de ses succursales.<\/p>\n\n\n\n<p class=\"\">PROPRI\u00c9T\u00c9 INTELLECTUELLE ET INDUSTRIELLE<\/p>\n\n\n\n<p class=\"\">Les droits de propri\u00e9t\u00e9 intellectuelle sur le contenu des pages web, leur design graphique et leurs codes sont la propri\u00e9t\u00e9 d\u2019<strong>ACEITUNAS ZAMBUDIO<\/strong> et, par cons\u00e9quent, leur reproduction, distribution, communication publique, transformation ou toute autre utilisation du contenu de ces pages web est interdite, m\u00eame en citant les sources, sauf autorisation \u00e9crite d\u2019<strong>ACEITUNAS ZAMBUDIO.<\/strong><\/p>\n\n\n\n<p class=\"\">CONTENU DU SITE WEB ET LIENS<\/p>\n\n\n\n<p class=\"\"><strong>ACEITUNAS ZAMBUDIO <\/strong>se r\u00e9serve le droit de mettre \u00e0 jour, modifier ou supprimer les informations contenues sur ses pages web et peut m\u00eame limiter ou refuser l\u2019acc\u00e8s \u00e0 ces informations \u00e0 certains utilisateurs.<\/p>\n\n\n\n<p class=\"\"><strong>ACEITUNAS ZAMBUDIO <\/strong>n\u2019assume aucune responsabilit\u00e9 quant aux informations contenues sur les pages web de tiers accessibles par des \u00ab liens \u00bb depuis toute page web appartenant \u00e0<strong> ACEITUNAS ZAMBUDIO.<\/strong><\/p>\n\n\n\n<p class=\" mb-md\">La pr\u00e9sence de \u00ab liens \u00bb sur les pages web d\u2019<strong>ACEITUNAS ZAMBUDIO<\/strong> a un but purement informatif et ne constitue en aucun cas une suggestion, invitation ou recommandation \u00e0 leur \u00e9gard.<\/p>\n\n\t\r\n\t\t\t\t\t<\/div>\r\n\t\t<\/div>","protected":false},"excerpt":{"rendered":"","protected":false},"author":4,"featured_media":0,"parent":0,"menu_order":0,"comment_status":"closed","ping_status":"closed","template":"","meta":{"inline_featured_image":false,"footnotes":""},"class_list":["post-8657","page","type-page","status-publish","hentry"],"acf":[],"yoast_head":"<!-- This site is optimized with the Yoast SEO plugin v26.3 - https:\/\/yoast.com\/wordpress\/plugins\/seo\/ -->\n<title>Avis juridique - Aceitunas Zambudio<\/title>\n<meta name=\"robots\" content=\"index, follow, max-snippet:-1, max-image-preview:large, max-video-preview:-1\" \/>\n<link rel=\"canonical\" href=\"https:\/\/aceitunaszambudio.com\/fr\/aviso-legal\/\" \/>\n<meta property=\"og:locale\" content=\"fr_FR\" \/>\n<meta property=\"og:type\" content=\"article\" \/>\n<meta property=\"og:title\" content=\"Avis juridique - Aceitunas Zambudio\" \/>\n<meta property=\"og:url\" content=\"https:\/\/aceitunaszambudio.com\/fr\/aviso-legal\/\" \/>\n<meta property=\"og:site_name\" content=\"Aceitunas Zambudio\" \/>\n<meta property=\"article:modified_time\" content=\"2025-06-24T08:53:17+00:00\" \/>\n<meta name=\"twitter:card\" content=\"summary_large_image\" \/>\n<meta name=\"twitter:label1\" content=\"Est. reading time\" \/>\n\t<meta name=\"twitter:data1\" content=\"2 minutes\" \/>\n<script type=\"application\/ld+json\" class=\"yoast-schema-graph\">{\"@context\":\"https:\/\/schema.org\",\"@graph\":[{\"@type\":\"WebPage\",\"@id\":\"https:\/\/aceitunaszambudio.com\/fr\/aviso-legal\/\",\"url\":\"https:\/\/aceitunaszambudio.com\/fr\/aviso-legal\/\",\"name\":\"Avis juridique - Aceitunas Zambudio\",\"isPartOf\":{\"@id\":\"https:\/\/aceitunaszambudio.com\/#website\"},\"datePublished\":\"2023-07-25T09:19:19+00:00\",\"dateModified\":\"2025-06-24T08:53:17+00:00\",\"breadcrumb\":{\"@id\":\"https:\/\/aceitunaszambudio.com\/fr\/aviso-legal\/#breadcrumb\"},\"inLanguage\":\"fr-FR\",\"potentialAction\":[{\"@type\":\"ReadAction\",\"target\":[\"https:\/\/aceitunaszambudio.com\/fr\/aviso-legal\/\"]}]},{\"@type\":\"BreadcrumbList\",\"@id\":\"https:\/\/aceitunaszambudio.com\/fr\/aviso-legal\/#breadcrumb\",\"itemListElement\":[{\"@type\":\"ListItem\",\"position\":1,\"name\":\"Inicio\",\"item\":\"https:\/\/aceitunaszambudio.com\/fr\/\"},{\"@type\":\"ListItem\",\"position\":2,\"name\":\"Avis juridique\"}]},{\"@type\":\"WebSite\",\"@id\":\"https:\/\/aceitunaszambudio.com\/#website\",\"url\":\"https:\/\/aceitunaszambudio.com\/\",\"name\":\"Aceitunas Zambudio\",\"description\":\"\",\"potentialAction\":[{\"@type\":\"SearchAction\",\"target\":{\"@type\":\"EntryPoint\",\"urlTemplate\":\"https:\/\/aceitunaszambudio.com\/?s={search_term_string}\"},\"query-input\":{\"@type\":\"PropertyValueSpecification\",\"valueRequired\":true,\"valueName\":\"search_term_string\"}}],\"inLanguage\":\"fr-FR\"}]}<\/script>\n<!-- \/ Yoast SEO plugin. -->","yoast_head_json":{"title":"Avis juridique - Aceitunas Zambudio","robots":{"index":"index","follow":"follow","max-snippet":"max-snippet:-1","max-image-preview":"max-image-preview:large","max-video-preview":"max-video-preview:-1"},"canonical":"https:\/\/aceitunaszambudio.com\/fr\/aviso-legal\/","og_locale":"fr_FR","og_type":"article","og_title":"Avis juridique - Aceitunas Zambudio","og_url":"https:\/\/aceitunaszambudio.com\/fr\/aviso-legal\/","og_site_name":"Aceitunas Zambudio","article_modified_time":"2025-06-24T08:53:17+00:00","twitter_card":"summary_large_image","twitter_misc":{"Est. reading time":"2 minutes"},"schema":{"@context":"https:\/\/schema.org","@graph":[{"@type":"WebPage","@id":"https:\/\/aceitunaszambudio.com\/fr\/aviso-legal\/","url":"https:\/\/aceitunaszambudio.com\/fr\/aviso-legal\/","name":"Avis juridique - Aceitunas Zambudio","isPartOf":{"@id":"https:\/\/aceitunaszambudio.com\/#website"},"datePublished":"2023-07-25T09:19:19+00:00","dateModified":"2025-06-24T08:53:17+00:00","breadcrumb":{"@id":"https:\/\/aceitunaszambudio.com\/fr\/aviso-legal\/#breadcrumb"},"inLanguage":"fr-FR","potentialAction":[{"@type":"ReadAction","target":["https:\/\/aceitunaszambudio.com\/fr\/aviso-legal\/"]}]},{"@type":"BreadcrumbList","@id":"https:\/\/aceitunaszambudio.com\/fr\/aviso-legal\/#breadcrumb","itemListElement":[{"@type":"ListItem","position":1,"name":"Inicio","item":"https:\/\/aceitunaszambudio.com\/fr\/"},{"@type":"ListItem","position":2,"name":"Avis juridique"}]},{"@type":"WebSite","@id":"https:\/\/aceitunaszambudio.com\/#website","url":"https:\/\/aceitunaszambudio.com\/","name":"Aceitunas Zambudio","description":"","potentialAction":[{"@type":"SearchAction","target":{"@type":"EntryPoint","urlTemplate":"https:\/\/aceitunaszambudio.com\/?s={search_term_string}"},"query-input":{"@type":"PropertyValueSpecification","valueRequired":true,"valueName":"search_term_string"}}],"inLanguage":"fr-FR"}]}},"_links":{"self":[{"href":"https:\/\/aceitunaszambudio.com\/fr\/wp-json\/wp\/v2\/pages\/8657","targetHints":{"allow":["GET"]}}],"collection":[{"href":"https:\/\/aceitunaszambudio.com\/fr\/wp-json\/wp\/v2\/pages"}],"about":[{"href":"https:\/\/aceitunaszambudio.com\/fr\/wp-json\/wp\/v2\/types\/page"}],"author":[{"embeddable":true,"href":"https:\/\/aceitunaszambudio.com\/fr\/wp-json\/wp\/v2\/users\/4"}],"replies":[{"embeddable":true,"href":"https:\/\/aceitunaszambudio.com\/fr\/wp-json\/wp\/v2\/comments?post=8657"}],"version-history":[{"count":9,"href":"https:\/\/aceitunaszambudio.com\/fr\/wp-json\/wp\/v2\/pages\/8657\/revisions"}],"predecessor-version":[{"id":10250,"href":"https:\/\/aceitunaszambudio.com\/fr\/wp-json\/wp\/v2\/pages\/8657\/revisions\/10250"}],"wp:attachment":[{"href":"https:\/\/aceitunaszambudio.com\/fr\/wp-json\/wp\/v2\/media?parent=8657"}],"curies":[{"name":"wp","href":"https:\/\/api.w.org\/{rel}","templated":true}]}}