{"id":8618,"date":"2023-07-25T08:40:26","date_gmt":"2023-07-25T08:40:26","guid":{"rendered":"https:\/\/aceitunaszambudio.com\/contact-2\/"},"modified":"2025-09-12T11:46:25","modified_gmt":"2025-09-12T11:46:25","slug":"contact-2","status":"publish","type":"page","link":"https:\/\/aceitunaszambudio.com\/fr\/contact-2\/","title":{"rendered":"Contact"},"content":{"rendered":"\r\n<div  class=\"content margin-top-lg mb-xl\" >\r\n\r\n\t\t\t\t\t\t<div class=\"container width-100%@lg max-width-100%@lg\">\r\n\t\t\r\n\t\t\n<div class=\"grid gap-md gap-col-md gap-row-md\">\r\n\t\n<div class=\"col-none col-12 col-12@sm col-1@lg\">\r\n\t\t\t<\/div>\n\n<div class=\"col-none col-12 col-12@sm col-4@lg\">\r\n\t\t\n<h1 class=\"wp-block-heading has-text-t1dest\">Contact<\/h1>\n\n\t<\/div>\n\n<div class=\"col-none col-12 col-12@sm col-1@lg\">\r\n\t\t\t<\/div>\n\n<div class=\"col-none col-12 col-12@sm col-5@lg\">\r\n\t\t\n\n<p class=\"\">Si vous avez des questions, des commentaires ou si vous avez besoin d&#8217;aide, n&#8217;h\u00e9sitez pas \u00e0 nous contacter. Nous sommes l\u00e0 pour vous aider.<br><br>Vous pouvez nous contacter via le formulaire de contact ci-dessous et nous vous r\u00e9pondrons dans les plus brefs d\u00e9lais.<\/p>\n\n\t<\/div>\n<\/div>\n\t\r\n\t\t\t\t\t<\/div>\r\n\t\t<\/div>\n\n\r\n<div  class=\"content mb-xl\" >\r\n\r\n\t\t\t\t\t\t<div class=\"container width-100%@lg max-width-100%@lg\">\r\n\t\t\r\n\t\t\n\n<hr class=\"wp-block-separator has-alpha-channel-opacity\"\/>\n\n\t\r\n\t\t\t\t\t<\/div>\r\n\t\t<\/div>\n\n\r\n<div  class=\"content mb-md\" >\r\n\r\n\t\t\t\t\t\t<div class=\"container width-100%@lg max-width-100%@lg\">\r\n\t\t\r\n\t\t\n<div class=\"grid gap-md gap-col-md gap-row-md\">\r\n\t\n<div class=\"col-none col-12 col-12@sm col-1@lg\">\r\n\t\t\t<\/div>\n\n<div class=\"col-none col-12 col-12@sm col-6@lg\">\r\n\t\t\n<h2 class=\"wp-block-heading\">Nous contacter<\/h2>\n\n\t<\/div>\n<\/div>\n\n<div class=\"grid gap-md gap-col-md gap-row-md\">\r\n\t\n<div class=\"col-none col-12 col-12@sm col-1@lg\">\r\n\t\t\t<\/div>\n\n<div class=\"col-none col-12 col-12@sm col-10@lg\">\r\n\t\t\n\n<div class=\"wp-block-contact-form-7-contact-form-selector\">\n<div class=\"wpcf7 no-js\" id=\"wpcf7-f9875-o1\" lang=\"fr-FR\" dir=\"ltr\" data-wpcf7-id=\"9875\">\n<div class=\"screen-reader-response\"><p role=\"status\" aria-live=\"polite\" aria-atomic=\"true\"><\/p> <ul><\/ul><\/div>\n<form action=\"\/fr\/wp-json\/wp\/v2\/pages\/8618#wpcf7-f9875-o1\" method=\"post\" class=\"wpcf7-form init\" aria-label=\"Contact form\" novalidate=\"novalidate\" data-status=\"init\">\n<fieldset class=\"hidden-fields-container\"><input type=\"hidden\" name=\"_wpcf7\" value=\"9875\" \/><input type=\"hidden\" name=\"_wpcf7_version\" value=\"6.1.3\" \/><input type=\"hidden\" name=\"_wpcf7_locale\" value=\"fr_FR\" \/><input type=\"hidden\" name=\"_wpcf7_unit_tag\" value=\"wpcf7-f9875-o1\" \/><input type=\"hidden\" name=\"_wpcf7_container_post\" value=\"0\" \/><input type=\"hidden\" name=\"_wpcf7_posted_data_hash\" value=\"\" \/><input type=\"hidden\" name=\"_wpcf7_recaptcha_response\" value=\"\" \/>\n<\/fieldset>\n<div class=\"forms\">\n\t<div class=\"forms__row\">\n\t\t<div class=\"wpcf7-response-output\" aria-hidden=\"true\"><\/div>\n\t<\/div>\n\t<div class=\"forms__row\">\n\t\t<div class=\"grid gap-md\">\n\t\t\t<div class=\"col-12 col@sm\">\n\t\t\t\t\t<div class=\"forms__item grid gap-md\">\n\t\t\t\t\t\t<label for=\"nombre\">Nom*<\/label>\n\t\t\t\t\t\t<span class=\"wpcf7-form-control-wrap\" data-name=\"nombre\"><input size=\"40\" maxlength=\"400\" class=\"wpcf7-form-control wpcf7-text wpcf7-validates-as-required\" id=\"nombre\" aria-required=\"true\" aria-invalid=\"false\" placeholder=\"\u00c9crivez votre nom ici\" value=\"\" type=\"text\" name=\"nombre\" \/><\/span>\n\t\t\t\t\t<\/div>\n\t\t\t\t\t<div class=\"forms__item grid gap-md\">\n\t\t\t\t\t\t<label for=\"apellidos\">Pr\u00e9nom*<\/label>\n\t\t\t\t\t\t<span class=\"wpcf7-form-control-wrap\" data-name=\"apellidos\"><input size=\"40\" maxlength=\"400\" class=\"wpcf7-form-control wpcf7-text wpcf7-validates-as-required\" id=\"apellidos\" aria-required=\"true\" aria-invalid=\"false\" placeholder=\"\u00c9crivez votre pr\u00e9nom ici\" value=\"\" type=\"text\" name=\"apellidos\" \/><\/span>\n\t\t\t\t\t<\/div>\n\t\t\t\t\t<div class=\"forms__item grid gap-md\">\n\t\t\t\t\t\t<label for=\"email\">E-mail*<\/label>\n\t\t\t\t\t\t<span class=\"wpcf7-form-control-wrap\" data-name=\"email\"><input size=\"40\" maxlength=\"400\" class=\"wpcf7-form-control wpcf7-email wpcf7-validates-as-required wpcf7-text wpcf7-validates-as-email\" id=\"email\" aria-required=\"true\" aria-invalid=\"false\" placeholder=\"\u00c9crivez votre e-mail ici\" value=\"\" type=\"email\" name=\"email\" \/><\/span>\n\t\t\t\t\t<\/div>\n\t\t\t<\/div>\n\t\t\t<div class=\"col\">\n\t\t\t\t<div class=\"forms__item grid gap-md\">\n\t\t\t\t\t\t<label for=\"phone\">T\u00e9l\u00e9phone*<\/label>\n\t\t\t\t\t\t<span class=\"wpcf7-form-control-wrap\" data-name=\"phone\"><input size=\"40\" maxlength=\"400\" class=\"wpcf7-form-control wpcf7-text wpcf7-validates-as-required\" id=\"phone\" aria-required=\"true\" aria-invalid=\"false\" placeholder=\"\u00c9crivez votre t\u00e9l\u00e9phone ici\" value=\"\" type=\"text\" name=\"phone\" \/><\/span>\n\t\t\t\t<\/div>\n\t\t\t\t<div class=\"forms__item message\">\n\t\t\t\t\t\t<label for=\"mensaje\" class=\"block\">Message<\/label>\n\t\t\t\t\t\t<span class=\"wpcf7-form-control-wrap\" data-name=\"mensaje\"><textarea cols=\"40\" rows=\"10\" maxlength=\"2000\" class=\"wpcf7-form-control wpcf7-textarea\" id=\"mensaje\" aria-invalid=\"false\" name=\"mensaje\">Commentaire<\/textarea><\/span>\n\t\t\t\t<\/div>\n\t\t\t<\/div>\n\t\t<\/div>\n\t<\/div>\n\n\t<div class=\"forms__row\">\n\t\t<div class=\"grid\">\n\t\t\t<div class=\"ccol-12 col-xl-6@lg\">\n\t\t\t\t<label for=\"politica\" class=\"politica\">\n\t\t\t\t\t<span class=\"wpcf7-form-control-wrap\" data-name=\"politica\"><span class=\"wpcf7-form-control wpcf7-acceptance\"><span class=\"wpcf7-list-item\"><input type=\"checkbox\" name=\"politica\" value=\"1\" id=\"politica\" aria-invalid=\"false\" \/><\/span><\/span><\/span> J'ai lu et j'accepte les <a \n                            class=\"aceptanceText\" href=\"https:\/\/aceitunaszambudio.com\/fr\/politica-de-privacidad\/\" title=\"Ir a ver las pol\u00edticas de privacidad\" \n                            target=\"_blank\">politiques de confidentialit\u00e9<\/a>\n\t\t\t\t<\/label>\n\t\t\t<\/div>\n\t\t<\/div>\n\t<\/div>\n\n\t<div class=\"forms__row\">\n\t\t<input class=\"wpcf7-form-control wpcf7-submit has-spinner\" type=\"submit\" value=\"Envoyer\" \/>\n\t<\/div>\n\n<\/div>\n<\/form>\n<\/div>\n<\/div>\n\n\t<\/div>\n<\/div>\n\t\r\n\t\t\t\t\t<\/div>\r\n\t\t<\/div>\n\n\r\n<div  class=\"content pt-xl pb-xl bg-color-beige\" >\r\n\r\n\t\t\t\t\t\t<div class=\"container width-100%@lg max-width-100%@lg\">\r\n\t\t\r\n\t\t\n<div class=\"grid gap-md gap-col-md gap-row-md\">\r\n\t\n<div class=\"col-none col-12 col-12@sm col-1@lg\">\r\n\t\t\t<\/div>\n\n<div class=\"col-none col-12 col-12@sm col-3@lg\">\r\n\t\t\n\n<p class=\"\">BUREAUX, USINE ET ENTREP\u00d4T<\/p>\n\n\n<h2 class=\"wp-block-heading mb-xs\">Aceitunas Zambudio<\/h2>\n\n\n\n<p class=\"\">Calle Vereda de la Cruz, 42<br>30161 \u00b7 Llano de Brujas<br>Murcia \u00b7 Espa\u00f1a<br><br>Tlf. (+34) 968 30 11 64<br>Fax. (+34) 968 30 40 53<\/p>\n\n\n\n<p class=\"\"><strong>NOS HORAIRES DU LUNDI AU VENDREDI<\/strong><\/p>\n\n\n\n<p class=\"\">Bureaux : de 7 h 00 \u00e0 16 h 00.<\/p>\n\n\n\n<p class=\"\">Ventes et service client : de 8 h 00 \u00e0 16 h 00.<\/p>\n\n\t<\/div>\n\n<div class=\"col-none col-12 col-12@sm col-1@lg\">\r\n\t\t\t<\/div>\n\n<div class=\"col-none col-12 col-12@sm col-6@lg\">\r\n\t\t\n\n<div class=\"gmap\">\n\t\n\n<iframe src=\"https:\/\/www.google.com\/maps\/embed?pb=!1m18!1m12!1m3!1d3143.912585618031!2d-1.074929122730871!3d38.00249937192906!2m3!1f0!2f0!3f0!3m2!1i1024!2i768!4f13.1!3m3!1m2!1s0xd6382c49e3e0b5f%3A0xf0097e8c1ddb0b8c!2sAceitunas%20Zambudio!5e0!3m2!1ses!2ses!4v1689250831336!5m2!1ses!2ses\" width=\"600\" height=\"450\" style=\"border:0;\" allowfullscreen=\"\" loading=\"lazy\" referrerpolicy=\"no-referrer-when-downgrade\"><\/iframe>\n\n<\/div>\n\t<\/div>\n<\/div>\n\t\r\n\t\t\t\t\t<\/div>\r\n\t\t<\/div>\n\n\r\n<div  class=\"content margin-top-lg mb-xl\" >\r\n\r\n\t\t\t\t\t\t<div class=\"container width-100%@lg max-width-100%@lg\">\r\n\t\t\r\n\t\t\n<div class=\"grid gap-md gap-col-md gap-row-md mb-xs\">\r\n\t\n<div class=\"col-none col-12 col-12@sm col-1@lg\">\r\n\t\t\t<\/div>\n\n<div class=\"col-none col-12 col-12@sm col-6@lg\">\r\n\t\t\n<h2 class=\"wp-block-heading has-text-t2dest\">Points de <br>vente<\/h2>\n\n\t<\/div>\n<\/div>\n\n<div class=\"grid gap-md gap-col-md gap-row-md mb-xl\">\r\n\t\n<div class=\"col-none col-12 col-12@sm col-1@lg\">\r\n\t\t\t<\/div>\n\n<div class=\"col-none col-12 col-12@sm col-4@lg\">\r\n\t\t\n\n<p class=\"\"><strong>MARCH\u00c9 ALIMENTAIRE<\/strong><\/p>\n\n\n\n<p class=\"has-text-t2dest\">Saavedra Fajardo<\/p>\n\n\n\n<p class=\"\">C\/ Saavedra Fajardo,<br>planta baja, puesto n\u00ba 10-11<br>Murcia \u2013 Murcia (Espa\u00f1a)<br><br>Num\u00e9ro de t\u00e9l\u00e9phone de contact:<br>+34 669 375 317<br>+34 654 332 210<\/p>\n\n\t<\/div>\n\n<div class=\"col-none col-12 col-12@sm col-1@lg\">\r\n\t\t\t<\/div>\n\n<div class=\"col-none col-12 col-12@sm col-4@lg\">\r\n\t\t\n\n<p class=\"\"><strong>MARCH\u00c9 ALIMENTAIRE<\/strong><\/p>\n\n\n\n<p class=\"has-text-t2dest\">Vistabella<\/p>\n\n\n\n<p class=\"\">C\/ P\u00e1rroco Pedro Mart\u00ednez<br>Conesa, 30-40 P14<br>Murcia \u2013 Murcia (Espa\u00f1a)<br><br>Num\u00e9ro de t\u00e9l\u00e9phone de contact:<br>+34 647 975 966<br>+34 680 356 868<\/p>\n\n\t<\/div>\n<\/div>\n\n<div class=\"grid gap-md gap-col-md gap-row-md\">\r\n\t\n<div class=\"col-none col-12 col-12@sm col-1@lg\">\r\n\t\t\t<\/div>\n\n<div class=\"col-none col-12 col-12@sm col-4@lg\">\r\n\t\t\n\n<p class=\"\"><strong>MARCH\u00c9 ALIMENTAIRE<\/strong><\/p>\n\n\n\n<p class=\"has-text-t2dest\">Cabezo de Torres<\/p>\n\n\n\n<p class=\"\">C\/ Carmen n\u00ba3<br>Cabezo de Torres<br>Murcia (Espa\u00f1a)<br><br>Num\u00e9ro de t\u00e9l\u00e9phone de contact:<br>+34 623 39 46 82<br><\/p>\n\n\t<\/div>\n\n<div class=\"col-none col-12 col-12@sm col-1@lg\">\r\n\t\t\t<\/div>\n\n<div class=\"col-none col-12 col-12@sm col-4@lg\">\r\n\t\t\n\n<p class=\"\"><strong>BOUTIQUE<\/strong><\/p>\n\n\n\n<p class=\"has-text-t2dest\">Beniel<\/p>\n\n\n\n<p class=\"\">Calle Doctor Fleming 4<br>30130 Beniel<br>Murcia (Espa\u00f1a)<br><br>Num\u00e9ro de t\u00e9l\u00e9phone de contact:<br>+34 868 16 78 04<br>+34 630 96 75 83<\/p>\n\n\t<\/div>\n<\/div>\n\t\r\n\t\t\t\t\t<\/div>\r\n\t\t<\/div>","protected":false},"excerpt":{"rendered":"","protected":false},"author":1,"featured_media":0,"parent":0,"menu_order":0,"comment_status":"closed","ping_status":"closed","template":"templates\/template-contacto.php","meta":{"inline_featured_image":false,"footnotes":""},"class_list":["post-8618","page","type-page","status-publish","hentry"],"acf":[],"yoast_head":"<!-- This site is optimized with the Yoast SEO plugin v26.3 - https:\/\/yoast.com\/wordpress\/plugins\/seo\/ -->\n<title>Contact - Aceitunas Zambudio<\/title>\n<meta name=\"robots\" content=\"index, follow, max-snippet:-1, max-image-preview:large, max-video-preview:-1\" \/>\n<link rel=\"canonical\" href=\"https:\/\/aceitunaszambudio.com\/fr\/contact-2\/\" \/>\n<meta property=\"og:locale\" content=\"fr_FR\" \/>\n<meta property=\"og:type\" content=\"article\" \/>\n<meta property=\"og:title\" content=\"Contact - Aceitunas Zambudio\" \/>\n<meta property=\"og:url\" content=\"https:\/\/aceitunaszambudio.com\/fr\/contact-2\/\" \/>\n<meta property=\"og:site_name\" content=\"Aceitunas Zambudio\" \/>\n<meta property=\"article:modified_time\" content=\"2025-09-12T11:46:25+00:00\" \/>\n<meta name=\"twitter:card\" content=\"summary_large_image\" \/>\n<meta name=\"twitter:label1\" content=\"Est. reading time\" \/>\n\t<meta name=\"twitter:data1\" content=\"1 minute\" \/>\n<script type=\"application\/ld+json\" class=\"yoast-schema-graph\">{\"@context\":\"https:\/\/schema.org\",\"@graph\":[{\"@type\":\"WebPage\",\"@id\":\"https:\/\/aceitunaszambudio.com\/fr\/contact-2\/\",\"url\":\"https:\/\/aceitunaszambudio.com\/fr\/contact-2\/\",\"name\":\"Contact - Aceitunas Zambudio\",\"isPartOf\":{\"@id\":\"https:\/\/aceitunaszambudio.com\/#website\"},\"datePublished\":\"2023-07-25T08:40:26+00:00\",\"dateModified\":\"2025-09-12T11:46:25+00:00\",\"breadcrumb\":{\"@id\":\"https:\/\/aceitunaszambudio.com\/fr\/contact-2\/#breadcrumb\"},\"inLanguage\":\"fr-FR\",\"potentialAction\":[{\"@type\":\"ReadAction\",\"target\":[\"https:\/\/aceitunaszambudio.com\/fr\/contact-2\/\"]}]},{\"@type\":\"BreadcrumbList\",\"@id\":\"https:\/\/aceitunaszambudio.com\/fr\/contact-2\/#breadcrumb\",\"itemListElement\":[{\"@type\":\"ListItem\",\"position\":1,\"name\":\"Inicio\",\"item\":\"https:\/\/aceitunaszambudio.com\/fr\/\"},{\"@type\":\"ListItem\",\"position\":2,\"name\":\"Contact\"}]},{\"@type\":\"WebSite\",\"@id\":\"https:\/\/aceitunaszambudio.com\/#website\",\"url\":\"https:\/\/aceitunaszambudio.com\/\",\"name\":\"Aceitunas Zambudio\",\"description\":\"\",\"potentialAction\":[{\"@type\":\"SearchAction\",\"target\":{\"@type\":\"EntryPoint\",\"urlTemplate\":\"https:\/\/aceitunaszambudio.com\/?s={search_term_string}\"},\"query-input\":{\"@type\":\"PropertyValueSpecification\",\"valueRequired\":true,\"valueName\":\"search_term_string\"}}],\"inLanguage\":\"fr-FR\"}]}<\/script>\n<!-- \/ Yoast SEO plugin. -->","yoast_head_json":{"title":"Contact - Aceitunas Zambudio","robots":{"index":"index","follow":"follow","max-snippet":"max-snippet:-1","max-image-preview":"max-image-preview:large","max-video-preview":"max-video-preview:-1"},"canonical":"https:\/\/aceitunaszambudio.com\/fr\/contact-2\/","og_locale":"fr_FR","og_type":"article","og_title":"Contact - Aceitunas Zambudio","og_url":"https:\/\/aceitunaszambudio.com\/fr\/contact-2\/","og_site_name":"Aceitunas Zambudio","article_modified_time":"2025-09-12T11:46:25+00:00","twitter_card":"summary_large_image","twitter_misc":{"Est. reading time":"1 minute"},"schema":{"@context":"https:\/\/schema.org","@graph":[{"@type":"WebPage","@id":"https:\/\/aceitunaszambudio.com\/fr\/contact-2\/","url":"https:\/\/aceitunaszambudio.com\/fr\/contact-2\/","name":"Contact - Aceitunas Zambudio","isPartOf":{"@id":"https:\/\/aceitunaszambudio.com\/#website"},"datePublished":"2023-07-25T08:40:26+00:00","dateModified":"2025-09-12T11:46:25+00:00","breadcrumb":{"@id":"https:\/\/aceitunaszambudio.com\/fr\/contact-2\/#breadcrumb"},"inLanguage":"fr-FR","potentialAction":[{"@type":"ReadAction","target":["https:\/\/aceitunaszambudio.com\/fr\/contact-2\/"]}]},{"@type":"BreadcrumbList","@id":"https:\/\/aceitunaszambudio.com\/fr\/contact-2\/#breadcrumb","itemListElement":[{"@type":"ListItem","position":1,"name":"Inicio","item":"https:\/\/aceitunaszambudio.com\/fr\/"},{"@type":"ListItem","position":2,"name":"Contact"}]},{"@type":"WebSite","@id":"https:\/\/aceitunaszambudio.com\/#website","url":"https:\/\/aceitunaszambudio.com\/","name":"Aceitunas Zambudio","description":"","potentialAction":[{"@type":"SearchAction","target":{"@type":"EntryPoint","urlTemplate":"https:\/\/aceitunaszambudio.com\/?s={search_term_string}"},"query-input":{"@type":"PropertyValueSpecification","valueRequired":true,"valueName":"search_term_string"}}],"inLanguage":"fr-FR"}]}},"_links":{"self":[{"href":"https:\/\/aceitunaszambudio.com\/fr\/wp-json\/wp\/v2\/pages\/8618","targetHints":{"allow":["GET"]}}],"collection":[{"href":"https:\/\/aceitunaszambudio.com\/fr\/wp-json\/wp\/v2\/pages"}],"about":[{"href":"https:\/\/aceitunaszambudio.com\/fr\/wp-json\/wp\/v2\/types\/page"}],"author":[{"embeddable":true,"href":"https:\/\/aceitunaszambudio.com\/fr\/wp-json\/wp\/v2\/users\/1"}],"replies":[{"embeddable":true,"href":"https:\/\/aceitunaszambudio.com\/fr\/wp-json\/wp\/v2\/comments?post=8618"}],"version-history":[{"count":6,"href":"https:\/\/aceitunaszambudio.com\/fr\/wp-json\/wp\/v2\/pages\/8618\/revisions"}],"predecessor-version":[{"id":10585,"href":"https:\/\/aceitunaszambudio.com\/fr\/wp-json\/wp\/v2\/pages\/8618\/revisions\/10585"}],"wp:attachment":[{"href":"https:\/\/aceitunaszambudio.com\/fr\/wp-json\/wp\/v2\/media?parent=8618"}],"curies":[{"name":"wp","href":"https:\/\/api.w.org\/{rel}","templated":true}]}}