{"id":8613,"date":"2023-07-25T08:31:49","date_gmt":"2023-07-25T08:31:49","guid":{"rendered":"https:\/\/aceitunaszambudio.com\/magasins-physiques\/"},"modified":"2025-09-12T12:22:55","modified_gmt":"2025-09-12T12:22:55","slug":"magasins-physiques","status":"publish","type":"page","link":"https:\/\/aceitunaszambudio.com\/fr\/magasins-physiques\/","title":{"rendered":"Magasins physiques"},"content":{"rendered":"\r\n<div  class=\"content margin-top-lg mb-xl\" >\r\n\r\n\t\t\t\t\t\t<div class=\"container max-width-xl\">\r\n\t\t\r\n\t\t\n<div class=\"grid gap-md gap-col-md gap-row-md mb-xl\">\r\n\t\n<div class=\"col-none col-12 col-12@sm col-1@lg\">\r\n\t\t\t<\/div>\n\n<div class=\"col-none col-12 col-12@sm col-5@lg\">\r\n\t\t\n<h1 class=\"wp-block-heading has-text-t1dest\"><span class=\"first-part\">Tr\u00e8s proche<\/span><br>de vous<\/h1>\n\n\t<\/div>\n\n<div class=\"col-none col-12 col-12@sm col-5@lg\">\r\n\t\t\n\n<p class=\"\">Chez Aceitunas Zambudio, nous accordons une grande importance \u00e0 nos clients et nous nous effor\u00e7ons de leur offrir une exp\u00e9rience exceptionnelle dans tous nos magasins. Nous croyons en la force d&#8217;un bon service et nous sommes fiers de la proximit\u00e9 et de l&#8217;amabilit\u00e9 dont nous faisons preuve \u00e0 l&#8217;\u00e9gard de chaque personne qui nous rend visite. Nous nous ferons un plaisir de vous offrir la meilleure qualit\u00e9 et de r\u00e9pondre \u00e0 toutes vos demandes.<br><br>Vous pouvez nous trouver dans les march\u00e9s alimentaires de Saavedra Fajardo et Vistabella \u00e0 Murcia, dans le march\u00e9 alimentaire de Cabezo de Torres et \u00e0 Beniel.<\/p>\n\n\t<\/div>\n\n<div class=\"col-none col-12 col-12@sm col-1@lg\">\r\n\t\t\t<\/div>\n<\/div>\n\t\r\n\t\t\t\t\t<\/div>\r\n\t\t<\/div>\n\n\r\n<div  class=\"content mb-xl\" >\r\n\r\n\t\t\t\t\t\t<div class=\"container width-100%@lg max-width-100%@lg\">\r\n\t\t\r\n\t\t\n\n<hr class=\"wp-block-separator has-alpha-channel-opacity\"\/>\n\n\t\r\n\t\t\t\t\t<\/div>\r\n\t\t<\/div>\n\n\r\n<div  class=\"content mb-xl\" >\r\n\r\n\t\t\t\t\t\t<div class=\"container max-width-xl\">\r\n\t\t\r\n\t\t\n<div class=\"grid gap-md gap-col-md gap-row-md\">\r\n\t\n<div class=\"col-none col-12 col-12@sm col-1@lg\">\r\n\t\t\t<\/div>\n\n<div class=\"col-none col-12 col-12@sm col-4@lg\">\r\n\t\t\n<h2 class=\"wp-block-heading mb-xs\"><strong>MARCH\u00c9<br>DE FOURNITURES<\/strong><\/h2>\n\n\n<h3 class=\"wp-block-heading mb-xs\">Saavedra Fajardo<\/h3>\n\n\n\n<figure class=\"wp-block-image size-full\"><img loading=\"lazy\" decoding=\"async\" width=\"600\" height=\"396\" src=\"https:\/\/aceitunaszambudio.com\/cms\/wp-content\/uploads\/2023\/10\/plaza_merced-2.jpg\" alt=\"Aceitunas Zambudio Mercado Saavedra Fajardo\" class=\"wp-image-9261\" srcset=\"https:\/\/aceitunaszambudio.com\/cms\/wp-content\/uploads\/2023\/10\/plaza_merced-2.jpg 600w, https:\/\/aceitunaszambudio.com\/cms\/wp-content\/uploads\/2023\/10\/plaza_merced-2-300x198.jpg 300w\" sizes=\"auto, (max-width: 600px) 100vw, 600px\" \/><\/figure>\n\n\n\n<p class=\" mt-xs\">C\/ Saavedra Fajardo,<br>planta baja, puesto n\u00ba 10-11<br>Murcia \u2013 Murcia (Espa\u00f1a)<br><br><strong><strong>Num\u00e9ro de t\u00e9l\u00e9phone:<\/strong><\/strong><br><br>+34 669 375 317<br>+34 654 332 210<\/p>\n\n\t<\/div>\n\n<div class=\"col-none col-12 col-12@sm col-7@lg\">\r\n\t\t\n\n<div class=\"gmap\">\n\t\n\n<iframe src=\"https:\/\/www.google.com\/maps\/embed?pb=!1m18!1m12!1m3!1d519.3806069944857!2d-1.1276474457184762!3d37.98667774195691!2m3!1f0!2f0!3f0!3m2!1i1024!2i768!4f13.1!3m3!1m2!1s0xd63821af574c925%3A0x8b5c2daf15540260!2sC.%20Saavedra%20Fajardo%2C%2030001%20Murcia!5e0!3m2!1ses!2ses!4v1689150258142!5m2!1ses!2ses\" width=\"600\" height=\"450\" style=\"border:0;\" allowfullscreen=\"\" loading=\"lazy\" referrerpolicy=\"no-referrer-when-downgrade\"><\/iframe>\n\n<\/div>\n\t<\/div>\n<\/div>\n\t\r\n\t\t\t\t\t<\/div>\r\n\t\t<\/div>\n\n\r\n<div  class=\"content\" >\r\n\r\n\t\t\t\t\t\t<div class=\"container width-100%@lg max-width-100%@lg\">\r\n\t\t\r\n\t\t\n\r\n<div class=\"carousel\">\r\n    <ul class=\"carousel__list\" data-module-carousel>\r\n                    <li class=\"carousel__item\">\r\n                <img decoding=\"async\" src=\"https:\/\/aceitunaszambudio.com\/cms\/wp-content\/uploads\/2023\/07\/tienas-1-1.jpg\" alt=\"\">\r\n            <\/li>\r\n                    <li class=\"carousel__item\">\r\n                <img decoding=\"async\" src=\"https:\/\/aceitunaszambudio.com\/cms\/wp-content\/uploads\/2023\/07\/tiendas-1-2.jpg\" alt=\"\">\r\n            <\/li>\r\n                    <li class=\"carousel__item\">\r\n                <img decoding=\"async\" src=\"https:\/\/aceitunaszambudio.com\/cms\/wp-content\/uploads\/2023\/07\/tiendas-1-3.jpg\" alt=\"\">\r\n            <\/li>\r\n                    <li class=\"carousel__item\">\r\n                <img decoding=\"async\" src=\"https:\/\/aceitunaszambudio.com\/cms\/wp-content\/uploads\/2023\/07\/tiendas-1-4.jpg\" alt=\"\">\r\n            <\/li>\r\n            <\/ul>\r\n    <!-- <div class=\"carousel__wrapper\">\r\n    <\/div> -->\r\n<\/div>\r\n\r\n\r\n<!-- <div class=\"carousel\">\r\n    <div class=\"imgSlide\" data-module-carrouselhover>\r\n        <ul data-module-imgcarrousel>\r\n                            <li><div class=\"imgGallery\"><img decoding=\"async\" src=\"https:\/\/aceitunaszambudio.com\/cms\/wp-content\/uploads\/2023\/07\/tienas-1-1.jpg\" alt=\"\"><\/div><\/li>\r\n                            <li><div class=\"imgGallery\"><img decoding=\"async\" src=\"https:\/\/aceitunaszambudio.com\/cms\/wp-content\/uploads\/2023\/07\/tiendas-1-2.jpg\" alt=\"\"><\/div><\/li>\r\n                            <li><div class=\"imgGallery\"><img decoding=\"async\" src=\"https:\/\/aceitunaszambudio.com\/cms\/wp-content\/uploads\/2023\/07\/tiendas-1-3.jpg\" alt=\"\"><\/div><\/li>\r\n                            <li><div class=\"imgGallery\"><img decoding=\"async\" src=\"https:\/\/aceitunaszambudio.com\/cms\/wp-content\/uploads\/2023\/07\/tiendas-1-4.jpg\" alt=\"\"><\/div><\/li>\r\n                    <\/ul>\r\n        <div id=\"cursorCircle\"><\/div>\r\n    <\/div>\r\n<\/div> -->\n\t\r\n\t\t\t\t\t<\/div>\r\n\t\t<\/div>\n\n\r\n<div  class=\"content mb-xl pt-xl\" >\r\n\r\n\t\t\t\t\t\t<div class=\"container width-100%@lg max-width-100%@lg\">\r\n\t\t\r\n\t\t\n\n<hr class=\"wp-block-separator has-alpha-channel-opacity\"\/>\n\n\t\r\n\t\t\t\t\t<\/div>\r\n\t\t<\/div>\n\n\r\n<div  class=\"content mb-xl\" >\r\n\r\n\t\t\t\t\t\t<div class=\"container max-width-xl\">\r\n\t\t\r\n\t\t\n<div class=\"grid gap-md gap-col-md gap-row-md\">\r\n\t\n<div class=\"col-none col-12 col-12@sm col-1@lg\">\r\n\t\t\t<\/div>\n\n<div class=\"col-none col-12 col-12@sm col-4@lg\">\r\n\t\t\n<h2 class=\"wp-block-heading mb-xs\"><strong>MARCH\u00c9<br>DE FOURNITURES<\/strong><\/h2>\n\n\n<h3 class=\"wp-block-heading mb-xs\">Vistabella<\/h3>\n\n\n\n<figure class=\"wp-block-image size-full\"><img loading=\"lazy\" decoding=\"async\" width=\"600\" height=\"396\" src=\"https:\/\/aceitunaszambudio.com\/cms\/wp-content\/uploads\/2023\/10\/plaza_vistebella-2.jpg\" alt=\"Aceitunas Zambudio Mercado Vistabella\" class=\"wp-image-9264\" srcset=\"https:\/\/aceitunaszambudio.com\/cms\/wp-content\/uploads\/2023\/10\/plaza_vistebella-2.jpg 600w, https:\/\/aceitunaszambudio.com\/cms\/wp-content\/uploads\/2023\/10\/plaza_vistebella-2-300x198.jpg 300w\" sizes=\"auto, (max-width: 600px) 100vw, 600px\" \/><\/figure>\n\n\n\n<p class=\" mt-xs\">C\/ P\u00e1rroco Pedro Mart\u00ednez<br>Conesa, 30-40 P14<br>Murcia \u2013 Murcia (Espa\u00f1a)<br><br><strong><strong>Num\u00e9ro de t\u00e9l\u00e9phone:<\/strong><\/strong><br><br>+34 647 975 966<br>+34 680 356 868<\/p>\n\n\t<\/div>\n\n<div class=\"col-none col-12 col-12@sm col-7@lg\">\r\n\t\t\n\n<div class=\"gmap\">\n\t\n\n<iframe src=\"https:\/\/www.google.com\/maps\/embed?pb=!1m18!1m12!1m3!1d3144.6886531953855!2d-1.1211865236045284!3d37.984394700056576!2m3!1f0!2f0!3f0!3m2!1i1024!2i768!4f13.1!3m3!1m2!1s0xd6382127d4b47ef%3A0x1ad0672bbeb8c2f4!2sC.%20P%C3%A1rroco%20Pedro%20Mart%C3%ADnez%20Conesa%2C%2030%2C%2030003%20Murcia!5e0!3m2!1ses!2ses!4v1690195540439!5m2!1ses!2ses\" width=\"600\" height=\"450\" style=\"border:0;\" allowfullscreen=\"\" loading=\"lazy\" referrerpolicy=\"no-referrer-when-downgrade\"><\/iframe>\n\n<\/div>\n\t<\/div>\n<\/div>\n\t\r\n\t\t\t\t\t<\/div>\r\n\t\t<\/div>\n\n\r\n<div  class=\"content\" >\r\n\r\n\t\t\t\t\t\t<div class=\"container width-100%@lg max-width-100%@lg\">\r\n\t\t\r\n\t\t\n\r\n<div class=\"carousel\">\r\n    <ul class=\"carousel__list\" data-module-carousel>\r\n                    <li class=\"carousel__item\">\r\n                <img decoding=\"async\" src=\"https:\/\/aceitunaszambudio.com\/cms\/wp-content\/uploads\/2023\/07\/tienda-2-1.jpg\" alt=\"\">\r\n            <\/li>\r\n                    <li class=\"carousel__item\">\r\n                <img decoding=\"async\" src=\"https:\/\/aceitunaszambudio.com\/cms\/wp-content\/uploads\/2023\/07\/tienda-2-2.jpg\" alt=\"\">\r\n            <\/li>\r\n                    <li class=\"carousel__item\">\r\n                <img decoding=\"async\" src=\"https:\/\/aceitunaszambudio.com\/cms\/wp-content\/uploads\/2023\/07\/tienda-2-3.jpg\" alt=\"\">\r\n            <\/li>\r\n                    <li class=\"carousel__item\">\r\n                <img decoding=\"async\" src=\"https:\/\/aceitunaszambudio.com\/cms\/wp-content\/uploads\/2023\/07\/tienda-2-4.jpg\" alt=\"\">\r\n            <\/li>\r\n            <\/ul>\r\n    <!-- <div class=\"carousel__wrapper\">\r\n    <\/div> -->\r\n<\/div>\r\n\r\n\r\n<!-- <div class=\"carousel\">\r\n    <div class=\"imgSlide\" data-module-carrouselhover>\r\n        <ul data-module-imgcarrousel>\r\n                            <li><div class=\"imgGallery\"><img decoding=\"async\" src=\"https:\/\/aceitunaszambudio.com\/cms\/wp-content\/uploads\/2023\/07\/tienda-2-1.jpg\" alt=\"\"><\/div><\/li>\r\n                            <li><div class=\"imgGallery\"><img decoding=\"async\" src=\"https:\/\/aceitunaszambudio.com\/cms\/wp-content\/uploads\/2023\/07\/tienda-2-2.jpg\" alt=\"\"><\/div><\/li>\r\n                            <li><div class=\"imgGallery\"><img decoding=\"async\" src=\"https:\/\/aceitunaszambudio.com\/cms\/wp-content\/uploads\/2023\/07\/tienda-2-3.jpg\" alt=\"\"><\/div><\/li>\r\n                            <li><div class=\"imgGallery\"><img decoding=\"async\" src=\"https:\/\/aceitunaszambudio.com\/cms\/wp-content\/uploads\/2023\/07\/tienda-2-4.jpg\" alt=\"\"><\/div><\/li>\r\n                    <\/ul>\r\n        <div id=\"cursorCircle\"><\/div>\r\n    <\/div>\r\n<\/div> -->\n\t\r\n\t\t\t\t\t<\/div>\r\n\t\t<\/div>\n\n\r\n<div  class=\"content mb-xl pt-xl\" >\r\n\r\n\t\t\t\t\t\t<div class=\"container width-100%@lg max-width-100%@lg\">\r\n\t\t\r\n\t\t\n\n<hr class=\"wp-block-separator has-alpha-channel-opacity\"\/>\n\n\t\r\n\t\t\t\t\t<\/div>\r\n\t\t<\/div>\n\n\r\n<div  class=\"content mb-xl\" >\r\n\r\n\t\t\t\t\t\t<div class=\"container max-width-xl\">\r\n\t\t\r\n\t\t\n<div class=\"grid gap-md gap-col-md gap-row-md\">\r\n\t\n<div class=\"col-none col-12 col-12@sm col-1@lg\">\r\n\t\t\t<\/div>\n\n<div class=\"col-none col-12 col-12@sm col-4@lg\">\r\n\t\t\n<h2 class=\"wp-block-heading mb-xs\">BENIEL<\/h2>\n\n\n<h3 class=\"wp-block-heading mb-xs\">Beniel<\/h3>\n\n\n\n<figure class=\"wp-block-image size-full\"><img loading=\"lazy\" decoding=\"async\" width=\"600\" height=\"396\" src=\"https:\/\/aceitunaszambudio.com\/cms\/wp-content\/uploads\/2023\/10\/Tienda_beniel-2.jpg\" alt=\"Aceitunas Zambudio Mercado Beniel\" class=\"wp-image-9267\" srcset=\"https:\/\/aceitunaszambudio.com\/cms\/wp-content\/uploads\/2023\/10\/Tienda_beniel-2.jpg 600w, https:\/\/aceitunaszambudio.com\/cms\/wp-content\/uploads\/2023\/10\/Tienda_beniel-2-300x198.jpg 300w\" sizes=\"auto, (max-width: 600px) 100vw, 600px\" \/><\/figure>\n\n\n\n<p class=\" mt-xs\">Calle Doctor Fleming 4<br>30130 Beniel<br>Murcia (Espa\u00f1a)<\/p>\n\n\n\n<p class=\"\"><strong><strong>Num\u00e9ro de t\u00e9l\u00e9phone<\/strong><\/strong>:<br><br>+34 868 16 78 04<br>+34 630 96 75 83<\/p>\n\n\t<\/div>\n\n<div class=\"col-none col-12 col-12@sm col-7@lg\">\r\n\t\t\n\n<div class=\"gmap\">\n\t\n\n<iframe src=\"https:\/\/www.google.com\/maps\/embed?pb=!1m18!1m12!1m3!1d3141.9489131209957!2d-1.0013197236023108!3d38.04827669635747!2m3!1f0!2f0!3f0!3m2!1i1024!2i768!4f13.1!3m3!1m2!1s0xd639c127fe9671b%3A0x6524ea71337409bc!2sCalle%20Dr.%20Fleming%2C%204%2C%2030130%20Beniel%2C%20Murcia!5e0!3m2!1ses!2ses!4v1690199173863!5m2!1ses!2ses\" width=\"600\" height=\"450\" style=\"border:0;\" allowfullscreen=\"\" loading=\"lazy\" referrerpolicy=\"no-referrer-when-downgrade\"><\/iframe>\n\n<\/div>\n\t<\/div>\n<\/div>\n\t\r\n\t\t\t\t\t<\/div>\r\n\t\t<\/div>\n\n\r\n<div  class=\"content mb-xl\" >\r\n\r\n\t\t\t\t\t\t<div class=\"container max-width-xl\">\r\n\t\t\r\n\t\t\n<div class=\"grid gap-md gap-col-md gap-row-md pt-xl\">\r\n\t\n<div class=\"col-none col-12 col-12@sm col-1@lg\">\r\n\t\t\t<\/div>\n\n<div class=\"col-none col-12 col-4@sm col-3@lg\">\r\n\t\t\n<h2 class=\"wp-block-heading mb-xs\" id=\"block-6821612e-ccde-49f9-b8ed-cc1e026b668e\">MAR<strong>CH\u00c9<br>DE FOURNITURES<\/strong><\/h2>\n\n\n<h3 class=\"wp-block-heading mb-xs\">Cabezo de Torres<\/h3>\n\n\n\n<figure class=\"wp-block-image size-full\"><img loading=\"lazy\" decoding=\"async\" width=\"350\" height=\"230\" src=\"https:\/\/aceitunaszambudio.com\/cms\/wp-content\/uploads\/2025\/09\/web-2025-09-12-a-las-12.50.22_3628151d.jpg\" alt=\"\" class=\"wp-image-10595\" srcset=\"https:\/\/aceitunaszambudio.com\/cms\/wp-content\/uploads\/2025\/09\/web-2025-09-12-a-las-12.50.22_3628151d.jpg 350w, https:\/\/aceitunaszambudio.com\/cms\/wp-content\/uploads\/2025\/09\/web-2025-09-12-a-las-12.50.22_3628151d-300x197.jpg 300w\" sizes=\"auto, (max-width: 350px) 100vw, 350px\" \/><\/figure>\n\n\n\n<p class=\" mt-xs\">C\/ Carmen n\u00ba3<br>Cabezo de Torres<br>Murcia (Espa\u00f1a)<\/p>\n\n\n\n<p class=\"\">Num\u00e9ro de t\u00e9lephone:<br><\/p>\n\n\t<\/div>\n\n<div class=\"col-none col-12 col-8@sm col-7@lg\">\r\n\t\t\n\n<div class=\"gmap\">\n\t\n\n<iframe src=\"https:\/\/www.google.com\/maps\/embed?pb=!1m18!1m12!1m3!1d3142.9293888207208!2d-1.127786923603111!3d38.02542559768119!2m3!1f0!2f0!3f0!3m2!1i1024!2i768!4f13.1!3m3!1m2!1s0xd6383cff0860457%3A0xb036d095e474300b!2sC.%20del%20Carmen%2C%2030110%20Cabezo%20de%20Torres%2C%20Murcia!5e0!3m2!1ses!2ses!4v1690198632512!5m2!1ses!2ses\" width=\"600\" height=\"450\" style=\"border:0;\" allowfullscreen=\"\" loading=\"lazy\" referrerpolicy=\"no-referrer-when-downgrade\"><\/iframe>\n\n<\/div>\n\t<\/div>\n<\/div>\n\t\r\n\t\t\t\t\t<\/div>\r\n\t\t<\/div>\n\n\r\n<div  class=\"content mb-xl\" >\r\n\r\n\t\t\t\t\t\t<div class=\"container width-100%@lg max-width-100%@lg\">\r\n\t\t\r\n\t\t\n\r\n<div  class=\"content pb-md\" >\r\n\r\n\t\t\t\t\t\t<div class=\"container max-width-xl\">\r\n\t\t\r\n\t\t\n\r\n<div class=\"carousel\">\r\n    <ul class=\"carousel__list\" data-module-carousel>\r\n                    <li class=\"carousel__item\">\r\n                <img decoding=\"async\" src=\"https:\/\/aceitunaszambudio.com\/cms\/wp-content\/uploads\/2025\/09\/Imagen-de-WhatsApp-2025-09-12-a-las-12.50.23_0dc3c947.jpg\" alt=\"\">\r\n            <\/li>\r\n                    <li class=\"carousel__item\">\r\n                <img decoding=\"async\" src=\"https:\/\/aceitunaszambudio.com\/cms\/wp-content\/uploads\/2025\/09\/Imagen-de-WhatsApp-2025-09-12-a-las-12.50.22_3628151d.jpg\" alt=\"\">\r\n            <\/li>\r\n            <\/ul>\r\n    <!-- <div class=\"carousel__wrapper\">\r\n    <\/div> -->\r\n<\/div>\r\n\r\n\r\n<!-- <div class=\"carousel\">\r\n    <div class=\"imgSlide\" data-module-carrouselhover>\r\n        <ul data-module-imgcarrousel>\r\n                            <li><div class=\"imgGallery\"><img decoding=\"async\" src=\"https:\/\/aceitunaszambudio.com\/cms\/wp-content\/uploads\/2025\/09\/Imagen-de-WhatsApp-2025-09-12-a-las-12.50.23_0dc3c947.jpg\" alt=\"\"><\/div><\/li>\r\n                            <li><div class=\"imgGallery\"><img decoding=\"async\" src=\"https:\/\/aceitunaszambudio.com\/cms\/wp-content\/uploads\/2025\/09\/Imagen-de-WhatsApp-2025-09-12-a-las-12.50.22_3628151d.jpg\" alt=\"\"><\/div><\/li>\r\n                    <\/ul>\r\n        <div id=\"cursorCircle\"><\/div>\r\n    <\/div>\r\n<\/div> -->\n\t\r\n\t\t\t\t\t<\/div>\r\n\t\t<\/div>\n\n\n<hr class=\"wp-block-separator has-alpha-channel-opacity\"\/>\n\n\t\r\n\t\t\t\t\t<\/div>\r\n\t\t<\/div>\n\n\r\n<div  class=\"content pb-xl\" >\r\n\r\n\t\t\t\t\t\t<div class=\"container max-width-xl\">\r\n\t\t\r\n\t\t\n<div class=\"grid gap-md gap-col-md gap-row-md\">\r\n\t\n<div class=\"col-none col-12 col-12@sm col-1@lg\">\r\n\t\t\t<\/div>\n\n<div class=\"col-none col-12 col-12@sm col-4@lg\">\r\n\t\t\n\n<p class=\"\">Si vous n\u2019\u00eates pas r\u00e9sident \u00e0 <strong>Murcie<\/strong> ou dans les environs, vous pouvez toujours visiter notre <a href=\"https:\/\/aceitunaszambudio.com\/shop\/fr\/\" target=\"_blank\" rel=\"noreferrer noopener\">boutique en ligne<\/a> o\u00f9 vous trouverez tous nos <a href=\"https:\/\/aceitunaszambudio.com\/fr\/produits\/\">produits <\/a>: olives, cornichons, huile. Avez-vous essay\u00e9 notre gamme de <strong>bouch\u00e9es gastronomiques<\/strong> ?<\/p>\n\n\n\n<p class=\"\">Elles sont d\u00e9licieuses et nous vous les livrons directement \u00e0 domicile !<\/p>\n\n\t<\/div>\n\n<div class=\"col-none col-12 col-12@sm col-1@lg\">\r\n\t\t\t<\/div>\n\n<div class=\"col-none col-12 col-12@sm col-1@lg\">\r\n\t\t\t<\/div>\n\n<div class=\"col-none col-12 col-12@sm col-4@lg\">\r\n\t\t\n\n<p class=\"\">Souhaitez-vous en savoir plus sur les <strong>boutiques physiques<\/strong> d\u2019<strong>Aceitunas Zambudio<\/strong> ou souhaitez-vous vendre nos <strong>produits<\/strong> ?<br><a href=\"https:\/\/aceitunaszambudio.com\/fr\/contact-2\/\">Contactez-nous !<\/a><\/p>\n\n\t<\/div>\n\n<div class=\"col-none col-12 col-12@sm col-1@lg\">\r\n\t\t\t<\/div>\n<\/div>\n\t\r\n\t\t\t\t\t<\/div>\r\n\t\t<\/div>","protected":false},"excerpt":{"rendered":"","protected":false},"author":1,"featured_media":8545,"parent":0,"menu_order":0,"comment_status":"closed","ping_status":"closed","template":"","meta":{"inline_featured_image":false,"footnotes":""},"class_list":["post-8613","page","type-page","status-publish","has-post-thumbnail","hentry"],"acf":[],"yoast_head":"<!-- This site is optimized with the Yoast SEO plugin v26.3 - https:\/\/yoast.com\/wordpress\/plugins\/seo\/ -->\n<title>Magasins physiques - Aceitunas Zambudio<\/title>\n<meta name=\"robots\" content=\"index, follow, max-snippet:-1, max-image-preview:large, max-video-preview:-1\" \/>\n<link rel=\"canonical\" href=\"https:\/\/aceitunaszambudio.com\/fr\/magasins-physiques\/\" \/>\n<meta property=\"og:locale\" content=\"fr_FR\" \/>\n<meta property=\"og:type\" content=\"article\" \/>\n<meta property=\"og:title\" content=\"Magasins physiques - Aceitunas Zambudio\" \/>\n<meta property=\"og:url\" content=\"https:\/\/aceitunaszambudio.com\/fr\/magasins-physiques\/\" \/>\n<meta property=\"og:site_name\" content=\"Aceitunas Zambudio\" \/>\n<meta property=\"article:modified_time\" content=\"2025-09-12T12:22:55+00:00\" \/>\n<meta property=\"og:image\" content=\"https:\/\/aceitunaszambudio.com\/cms\/wp-content\/uploads\/2023\/07\/tienda-2-1.jpg\" \/>\n\t<meta property=\"og:image:width\" content=\"571\" \/>\n\t<meta property=\"og:image:height\" content=\"522\" \/>\n\t<meta property=\"og:image:type\" content=\"image\/jpeg\" \/>\n<meta name=\"twitter:card\" content=\"summary_large_image\" \/>\n<meta name=\"twitter:label1\" content=\"Est. reading time\" \/>\n\t<meta name=\"twitter:data1\" content=\"3 minutes\" \/>\n<script type=\"application\/ld+json\" class=\"yoast-schema-graph\">{\"@context\":\"https:\/\/schema.org\",\"@graph\":[{\"@type\":\"WebPage\",\"@id\":\"https:\/\/aceitunaszambudio.com\/fr\/magasins-physiques\/\",\"url\":\"https:\/\/aceitunaszambudio.com\/fr\/magasins-physiques\/\",\"name\":\"Magasins physiques - Aceitunas Zambudio\",\"isPartOf\":{\"@id\":\"https:\/\/aceitunaszambudio.com\/#website\"},\"primaryImageOfPage\":{\"@id\":\"https:\/\/aceitunaszambudio.com\/fr\/magasins-physiques\/#primaryimage\"},\"image\":{\"@id\":\"https:\/\/aceitunaszambudio.com\/fr\/magasins-physiques\/#primaryimage\"},\"thumbnailUrl\":\"https:\/\/aceitunaszambudio.com\/cms\/wp-content\/uploads\/2023\/07\/tienda-2-1.jpg\",\"datePublished\":\"2023-07-25T08:31:49+00:00\",\"dateModified\":\"2025-09-12T12:22:55+00:00\",\"breadcrumb\":{\"@id\":\"https:\/\/aceitunaszambudio.com\/fr\/magasins-physiques\/#breadcrumb\"},\"inLanguage\":\"fr-FR\",\"potentialAction\":[{\"@type\":\"ReadAction\",\"target\":[\"https:\/\/aceitunaszambudio.com\/fr\/magasins-physiques\/\"]}]},{\"@type\":\"ImageObject\",\"inLanguage\":\"fr-FR\",\"@id\":\"https:\/\/aceitunaszambudio.com\/fr\/magasins-physiques\/#primaryimage\",\"url\":\"https:\/\/aceitunaszambudio.com\/cms\/wp-content\/uploads\/2023\/07\/tienda-2-1.jpg\",\"contentUrl\":\"https:\/\/aceitunaszambudio.com\/cms\/wp-content\/uploads\/2023\/07\/tienda-2-1.jpg\",\"width\":571,\"height\":522,\"caption\":\"Tiendas F\u00edsicas Aceitunas Zambudio\"},{\"@type\":\"BreadcrumbList\",\"@id\":\"https:\/\/aceitunaszambudio.com\/fr\/magasins-physiques\/#breadcrumb\",\"itemListElement\":[{\"@type\":\"ListItem\",\"position\":1,\"name\":\"Inicio\",\"item\":\"https:\/\/aceitunaszambudio.com\/fr\/\"},{\"@type\":\"ListItem\",\"position\":2,\"name\":\"Magasins physiques\"}]},{\"@type\":\"WebSite\",\"@id\":\"https:\/\/aceitunaszambudio.com\/#website\",\"url\":\"https:\/\/aceitunaszambudio.com\/\",\"name\":\"Aceitunas Zambudio\",\"description\":\"\",\"potentialAction\":[{\"@type\":\"SearchAction\",\"target\":{\"@type\":\"EntryPoint\",\"urlTemplate\":\"https:\/\/aceitunaszambudio.com\/?s={search_term_string}\"},\"query-input\":{\"@type\":\"PropertyValueSpecification\",\"valueRequired\":true,\"valueName\":\"search_term_string\"}}],\"inLanguage\":\"fr-FR\"}]}<\/script>\n<!-- \/ Yoast SEO plugin. -->","yoast_head_json":{"title":"Magasins physiques - Aceitunas Zambudio","robots":{"index":"index","follow":"follow","max-snippet":"max-snippet:-1","max-image-preview":"max-image-preview:large","max-video-preview":"max-video-preview:-1"},"canonical":"https:\/\/aceitunaszambudio.com\/fr\/magasins-physiques\/","og_locale":"fr_FR","og_type":"article","og_title":"Magasins physiques - Aceitunas Zambudio","og_url":"https:\/\/aceitunaszambudio.com\/fr\/magasins-physiques\/","og_site_name":"Aceitunas Zambudio","article_modified_time":"2025-09-12T12:22:55+00:00","og_image":[{"width":571,"height":522,"url":"https:\/\/aceitunaszambudio.com\/cms\/wp-content\/uploads\/2023\/07\/tienda-2-1.jpg","type":"image\/jpeg"}],"twitter_card":"summary_large_image","twitter_misc":{"Est. reading time":"3 minutes"},"schema":{"@context":"https:\/\/schema.org","@graph":[{"@type":"WebPage","@id":"https:\/\/aceitunaszambudio.com\/fr\/magasins-physiques\/","url":"https:\/\/aceitunaszambudio.com\/fr\/magasins-physiques\/","name":"Magasins physiques - Aceitunas Zambudio","isPartOf":{"@id":"https:\/\/aceitunaszambudio.com\/#website"},"primaryImageOfPage":{"@id":"https:\/\/aceitunaszambudio.com\/fr\/magasins-physiques\/#primaryimage"},"image":{"@id":"https:\/\/aceitunaszambudio.com\/fr\/magasins-physiques\/#primaryimage"},"thumbnailUrl":"https:\/\/aceitunaszambudio.com\/cms\/wp-content\/uploads\/2023\/07\/tienda-2-1.jpg","datePublished":"2023-07-25T08:31:49+00:00","dateModified":"2025-09-12T12:22:55+00:00","breadcrumb":{"@id":"https:\/\/aceitunaszambudio.com\/fr\/magasins-physiques\/#breadcrumb"},"inLanguage":"fr-FR","potentialAction":[{"@type":"ReadAction","target":["https:\/\/aceitunaszambudio.com\/fr\/magasins-physiques\/"]}]},{"@type":"ImageObject","inLanguage":"fr-FR","@id":"https:\/\/aceitunaszambudio.com\/fr\/magasins-physiques\/#primaryimage","url":"https:\/\/aceitunaszambudio.com\/cms\/wp-content\/uploads\/2023\/07\/tienda-2-1.jpg","contentUrl":"https:\/\/aceitunaszambudio.com\/cms\/wp-content\/uploads\/2023\/07\/tienda-2-1.jpg","width":571,"height":522,"caption":"Tiendas F\u00edsicas Aceitunas Zambudio"},{"@type":"BreadcrumbList","@id":"https:\/\/aceitunaszambudio.com\/fr\/magasins-physiques\/#breadcrumb","itemListElement":[{"@type":"ListItem","position":1,"name":"Inicio","item":"https:\/\/aceitunaszambudio.com\/fr\/"},{"@type":"ListItem","position":2,"name":"Magasins physiques"}]},{"@type":"WebSite","@id":"https:\/\/aceitunaszambudio.com\/#website","url":"https:\/\/aceitunaszambudio.com\/","name":"Aceitunas Zambudio","description":"","potentialAction":[{"@type":"SearchAction","target":{"@type":"EntryPoint","urlTemplate":"https:\/\/aceitunaszambudio.com\/?s={search_term_string}"},"query-input":{"@type":"PropertyValueSpecification","valueRequired":true,"valueName":"search_term_string"}}],"inLanguage":"fr-FR"}]}},"_links":{"self":[{"href":"https:\/\/aceitunaszambudio.com\/fr\/wp-json\/wp\/v2\/pages\/8613","targetHints":{"allow":["GET"]}}],"collection":[{"href":"https:\/\/aceitunaszambudio.com\/fr\/wp-json\/wp\/v2\/pages"}],"about":[{"href":"https:\/\/aceitunaszambudio.com\/fr\/wp-json\/wp\/v2\/types\/page"}],"author":[{"embeddable":true,"href":"https:\/\/aceitunaszambudio.com\/fr\/wp-json\/wp\/v2\/users\/1"}],"replies":[{"embeddable":true,"href":"https:\/\/aceitunaszambudio.com\/fr\/wp-json\/wp\/v2\/comments?post=8613"}],"version-history":[{"count":9,"href":"https:\/\/aceitunaszambudio.com\/fr\/wp-json\/wp\/v2\/pages\/8613\/revisions"}],"predecessor-version":[{"id":10599,"href":"https:\/\/aceitunaszambudio.com\/fr\/wp-json\/wp\/v2\/pages\/8613\/revisions\/10599"}],"wp:featuredmedia":[{"embeddable":true,"href":"https:\/\/aceitunaszambudio.com\/fr\/wp-json\/wp\/v2\/media\/8545"}],"wp:attachment":[{"href":"https:\/\/aceitunaszambudio.com\/fr\/wp-json\/wp\/v2\/media?parent=8613"}],"curies":[{"name":"wp","href":"https:\/\/api.w.org\/{rel}","templated":true}]}}