{"id":681,"date":"2018-02-18T11:59:27","date_gmt":"2018-02-18T11:59:27","guid":{"rendered":"https:\/\/aceitunaszambudio.com\/cms\/productos\/"},"modified":"2023-07-25T08:22:12","modified_gmt":"2023-07-25T08:22:12","slug":"produits","status":"publish","type":"page","link":"https:\/\/aceitunaszambudio.com\/fr\/produits\/","title":{"rendered":"Produits"},"content":{"rendered":"<div class=\"grid gap-md gap-col-md gap-row-md\">\r\n\t\n<div class=\"col-none col-12 col-12@sm col-1@lg\">\r\n\t\t\t<\/div>\n\n<div class=\"col-none col-12 col-12@sm col-6@lg\">\r\n\t\t\n<h1 class=\"wp-block-heading has-text-t2dest\">Produits<\/h1>\n\n\n\n<p class=\"\">Tous les produits de Aceitunas y Encurtidos Zambudio ont trois choses en commun : la saveur, la qualit\u00e9 et la passion que nous mettons dans leur \u00e9laboration.<\/p>\n\n\n\n<p class=\"\">La saveur de la tradition d&#8217;un produit mill\u00e9naire : les olives et les cornichons.<\/p>\n\n\n\n<p class=\"\">La qualit\u00e9 de la meilleure mati\u00e8re premi\u00e8re du march\u00e9.<\/p>\n\n\n\n<p class=\"\">La passion d&#8217;un processus de production qui atteint l&#8217;excellence.<\/p>\n\n\n\n<p class=\"\">Tous nos produits sont trait\u00e9s avec le plus grand soin et la plus grande affection, depuis leur r\u00e9colte dans les champs jusqu&#8217;\u00e0 leur arriv\u00e9e sur votre table.<\/p>\n\n\t<\/div>\n\n<div class=\"col-none col-12 col-12@sm col-1@lg\">\r\n\t\t\t<\/div>\n\n<div class=\"col-none col-12 col-12@sm col-4@lg\">\r\n\t\t\n\n<figure class=\"wp-block-image alignfull size-full\"><img loading=\"lazy\" decoding=\"async\" width=\"595\" height=\"421\" src=\"https:\/\/aceitunaszambudio.com\/cms\/wp-content\/uploads\/2023\/07\/productos.png\" alt=\"\" class=\"wp-image-7527\" srcset=\"https:\/\/aceitunaszambudio.com\/cms\/wp-content\/uploads\/2023\/07\/productos.png 595w, https:\/\/aceitunaszambudio.com\/cms\/wp-content\/uploads\/2023\/07\/productos-300x212.png 300w\" sizes=\"auto, (max-width: 595px) 100vw, 595px\" \/><\/figure>\n\n\t<\/div>\n<\/div>\n\n\r\n<div  class=\"content\" >\r\n\r\n\t\t\t\t\t\t<div class=\"container width-100%@lg max-width-100%@lg\">\r\n\t\t\r\n\t\t\n\n\n\t\t\t\t\t\t\t<a role=\"button\" href=\"https:\/\/aceitunaszambudio.com\/fr\/categoria-producto\/cornichons\/\" class=\"btn align-center extendButton catButton ico-arrow color-ore\" title=\"Cornichons\">\n\t\t\t\tCornichons\t\t\t\t<i class=\"ico icon-arrow\"><\/i>\n\t\t\t<\/a>\n\t\t\t\t\t\t\t<a role=\"button\" href=\"https:\/\/aceitunaszambudio.com\/fr\/categoria-producto\/gourmet-fr\/\" class=\"btn align-center extendButton catButton ico-arrow color-ore\" title=\"Gourmet\">\n\t\t\t\tGourmet\t\t\t\t<i class=\"ico icon-arrow\"><\/i>\n\t\t\t<\/a>\n\t\t\t\t\t\t\t<a role=\"button\" href=\"https:\/\/aceitunaszambudio.com\/fr\/categoria-producto\/huile-dolive-extra-vierge\/\" class=\"btn align-center extendButton catButton ico-arrow color-ore\" title=\"Huile d'olive extra vierge\">\n\t\t\t\tHuile d&#8217;olive extra vierge\t\t\t\t<i class=\"ico icon-arrow\"><\/i>\n\t\t\t<\/a>\n\t\t\t\t\t\t\t<a role=\"button\" href=\"https:\/\/aceitunaszambudio.com\/fr\/categoria-producto\/olives\/\" class=\"btn align-center extendButton catButton ico-arrow color-ore\" title=\"Olives\">\n\t\t\t\tOlives\t\t\t\t<i class=\"ico icon-arrow\"><\/i>\n\t\t\t<\/a>\n\t\t\t\t\t\t\t<a role=\"button\" href=\"https:\/\/aceitunaszambudio.com\/fr\/categoria-producto\/serie-dor\/\" class=\"btn align-center extendButton catButton ico-arrow color-ore\" title=\"S\u00e9rie d\u2019Or\">\n\t\t\t\tS\u00e9rie d\u2019Or\t\t\t\t<i class=\"ico icon-arrow\"><\/i>\n\t\t\t<\/a>\n\t\n\t\r\n\t\t\t\t\t<\/div>\r\n\t\t<\/div>","protected":false},"excerpt":{"rendered":"","protected":false},"author":1,"featured_media":7529,"parent":0,"menu_order":0,"comment_status":"closed","ping_status":"closed","template":"templates\/template-productos.php","meta":{"inline_featured_image":false,"footnotes":""},"class_list":["post-681","page","type-page","status-publish","has-post-thumbnail","hentry"],"acf":[],"yoast_head":"<!-- This site is optimized with the Yoast SEO plugin v26.3 - https:\/\/yoast.com\/wordpress\/plugins\/seo\/ -->\n<title>Produits - Aceitunas Zambudio<\/title>\n<meta name=\"robots\" content=\"index, follow, max-snippet:-1, max-image-preview:large, max-video-preview:-1\" \/>\n<link rel=\"canonical\" href=\"https:\/\/aceitunaszambudio.com\/fr\/produits\/\" \/>\n<meta property=\"og:locale\" content=\"fr_FR\" \/>\n<meta property=\"og:type\" content=\"article\" \/>\n<meta property=\"og:title\" content=\"Produits - Aceitunas Zambudio\" \/>\n<meta property=\"og:url\" content=\"https:\/\/aceitunaszambudio.com\/fr\/produits\/\" \/>\n<meta property=\"og:site_name\" content=\"Aceitunas Zambudio\" \/>\n<meta property=\"article:modified_time\" content=\"2023-07-25T08:22:12+00:00\" \/>\n<meta property=\"og:image\" content=\"https:\/\/aceitunaszambudio.com\/cms\/wp-content\/uploads\/2023\/07\/productos.png\" \/>\n<meta name=\"twitter:card\" content=\"summary_large_image\" \/>\n<meta name=\"twitter:label1\" content=\"Est. reading time\" \/>\n\t<meta name=\"twitter:data1\" content=\"1 minute\" \/>\n<script type=\"application\/ld+json\" class=\"yoast-schema-graph\">{\"@context\":\"https:\/\/schema.org\",\"@graph\":[{\"@type\":\"WebPage\",\"@id\":\"https:\/\/aceitunaszambudio.com\/fr\/produits\/\",\"url\":\"https:\/\/aceitunaszambudio.com\/fr\/produits\/\",\"name\":\"Produits - Aceitunas Zambudio\",\"isPartOf\":{\"@id\":\"https:\/\/aceitunaszambudio.com\/#website\"},\"primaryImageOfPage\":{\"@id\":\"https:\/\/aceitunaszambudio.com\/fr\/produits\/#primaryimage\"},\"image\":{\"@id\":\"https:\/\/aceitunaszambudio.com\/fr\/produits\/#primaryimage\"},\"thumbnailUrl\":\"https:\/\/aceitunaszambudio.com\/cms\/wp-content\/uploads\/2023\/07\/productos.png\",\"datePublished\":\"2018-02-18T11:59:27+00:00\",\"dateModified\":\"2023-07-25T08:22:12+00:00\",\"breadcrumb\":{\"@id\":\"https:\/\/aceitunaszambudio.com\/fr\/produits\/#breadcrumb\"},\"inLanguage\":\"fr-FR\",\"potentialAction\":[{\"@type\":\"ReadAction\",\"target\":[\"https:\/\/aceitunaszambudio.com\/fr\/produits\/\"]}]},{\"@type\":\"ImageObject\",\"inLanguage\":\"fr-FR\",\"@id\":\"https:\/\/aceitunaszambudio.com\/fr\/produits\/#primaryimage\",\"url\":\"https:\/\/aceitunaszambudio.com\/cms\/wp-content\/uploads\/2023\/07\/productos.png\",\"contentUrl\":\"https:\/\/aceitunaszambudio.com\/cms\/wp-content\/uploads\/2023\/07\/productos.png\",\"width\":595,\"height\":421,\"caption\":\"Productos Aceitunas Zambudio\"},{\"@type\":\"BreadcrumbList\",\"@id\":\"https:\/\/aceitunaszambudio.com\/fr\/produits\/#breadcrumb\",\"itemListElement\":[{\"@type\":\"ListItem\",\"position\":1,\"name\":\"Inicio\",\"item\":\"https:\/\/aceitunaszambudio.com\/fr\/\"},{\"@type\":\"ListItem\",\"position\":2,\"name\":\"Produits\"}]},{\"@type\":\"WebSite\",\"@id\":\"https:\/\/aceitunaszambudio.com\/#website\",\"url\":\"https:\/\/aceitunaszambudio.com\/\",\"name\":\"Aceitunas Zambudio\",\"description\":\"\",\"potentialAction\":[{\"@type\":\"SearchAction\",\"target\":{\"@type\":\"EntryPoint\",\"urlTemplate\":\"https:\/\/aceitunaszambudio.com\/?s={search_term_string}\"},\"query-input\":{\"@type\":\"PropertyValueSpecification\",\"valueRequired\":true,\"valueName\":\"search_term_string\"}}],\"inLanguage\":\"fr-FR\"}]}<\/script>\n<!-- \/ Yoast SEO plugin. -->","yoast_head_json":{"title":"Produits - Aceitunas Zambudio","robots":{"index":"index","follow":"follow","max-snippet":"max-snippet:-1","max-image-preview":"max-image-preview:large","max-video-preview":"max-video-preview:-1"},"canonical":"https:\/\/aceitunaszambudio.com\/fr\/produits\/","og_locale":"fr_FR","og_type":"article","og_title":"Produits - Aceitunas Zambudio","og_url":"https:\/\/aceitunaszambudio.com\/fr\/produits\/","og_site_name":"Aceitunas Zambudio","article_modified_time":"2023-07-25T08:22:12+00:00","og_image":[{"url":"https:\/\/aceitunaszambudio.com\/cms\/wp-content\/uploads\/2023\/07\/productos.png","type":"","width":"","height":""}],"twitter_card":"summary_large_image","twitter_misc":{"Est. reading time":"1 minute"},"schema":{"@context":"https:\/\/schema.org","@graph":[{"@type":"WebPage","@id":"https:\/\/aceitunaszambudio.com\/fr\/produits\/","url":"https:\/\/aceitunaszambudio.com\/fr\/produits\/","name":"Produits - Aceitunas Zambudio","isPartOf":{"@id":"https:\/\/aceitunaszambudio.com\/#website"},"primaryImageOfPage":{"@id":"https:\/\/aceitunaszambudio.com\/fr\/produits\/#primaryimage"},"image":{"@id":"https:\/\/aceitunaszambudio.com\/fr\/produits\/#primaryimage"},"thumbnailUrl":"https:\/\/aceitunaszambudio.com\/cms\/wp-content\/uploads\/2023\/07\/productos.png","datePublished":"2018-02-18T11:59:27+00:00","dateModified":"2023-07-25T08:22:12+00:00","breadcrumb":{"@id":"https:\/\/aceitunaszambudio.com\/fr\/produits\/#breadcrumb"},"inLanguage":"fr-FR","potentialAction":[{"@type":"ReadAction","target":["https:\/\/aceitunaszambudio.com\/fr\/produits\/"]}]},{"@type":"ImageObject","inLanguage":"fr-FR","@id":"https:\/\/aceitunaszambudio.com\/fr\/produits\/#primaryimage","url":"https:\/\/aceitunaszambudio.com\/cms\/wp-content\/uploads\/2023\/07\/productos.png","contentUrl":"https:\/\/aceitunaszambudio.com\/cms\/wp-content\/uploads\/2023\/07\/productos.png","width":595,"height":421,"caption":"Productos Aceitunas Zambudio"},{"@type":"BreadcrumbList","@id":"https:\/\/aceitunaszambudio.com\/fr\/produits\/#breadcrumb","itemListElement":[{"@type":"ListItem","position":1,"name":"Inicio","item":"https:\/\/aceitunaszambudio.com\/fr\/"},{"@type":"ListItem","position":2,"name":"Produits"}]},{"@type":"WebSite","@id":"https:\/\/aceitunaszambudio.com\/#website","url":"https:\/\/aceitunaszambudio.com\/","name":"Aceitunas Zambudio","description":"","potentialAction":[{"@type":"SearchAction","target":{"@type":"EntryPoint","urlTemplate":"https:\/\/aceitunaszambudio.com\/?s={search_term_string}"},"query-input":{"@type":"PropertyValueSpecification","valueRequired":true,"valueName":"search_term_string"}}],"inLanguage":"fr-FR"}]}},"_links":{"self":[{"href":"https:\/\/aceitunaszambudio.com\/fr\/wp-json\/wp\/v2\/pages\/681","targetHints":{"allow":["GET"]}}],"collection":[{"href":"https:\/\/aceitunaszambudio.com\/fr\/wp-json\/wp\/v2\/pages"}],"about":[{"href":"https:\/\/aceitunaszambudio.com\/fr\/wp-json\/wp\/v2\/types\/page"}],"author":[{"embeddable":true,"href":"https:\/\/aceitunaszambudio.com\/fr\/wp-json\/wp\/v2\/users\/1"}],"replies":[{"embeddable":true,"href":"https:\/\/aceitunaszambudio.com\/fr\/wp-json\/wp\/v2\/comments?post=681"}],"version-history":[{"count":8,"href":"https:\/\/aceitunaszambudio.com\/fr\/wp-json\/wp\/v2\/pages\/681\/revisions"}],"predecessor-version":[{"id":8607,"href":"https:\/\/aceitunaszambudio.com\/fr\/wp-json\/wp\/v2\/pages\/681\/revisions\/8607"}],"wp:featuredmedia":[{"embeddable":true,"href":"https:\/\/aceitunaszambudio.com\/fr\/wp-json\/wp\/v2\/media\/7529"}],"wp:attachment":[{"href":"https:\/\/aceitunaszambudio.com\/fr\/wp-json\/wp\/v2\/media?parent=681"}],"curies":[{"name":"wp","href":"https:\/\/api.w.org\/{rel}","templated":true}]}}