{"id":10254,"date":"2024-11-08T11:16:59","date_gmt":"2024-11-08T11:16:59","guid":{"rendered":"https:\/\/aceitunaszambudio.com\/ayudas-y-subvenciones\/"},"modified":"2025-06-24T09:10:52","modified_gmt":"2025-06-24T09:10:52","slug":"ayudas-y-subvenciones","status":"publish","type":"page","link":"https:\/\/aceitunaszambudio.com\/fr\/ayudas-y-subvenciones\/","title":{"rendered":"Aides et subventions"},"content":{"rendered":"\r\n<div  class=\"content mb-xl pt-xl\" >\r\n\r\n\t\t\t\t\t\t<div class=\"container max-width-xl\">\r\n\t\t\r\n\t\t\n<div class=\"grid gap-md gap-col-md gap-row-md pt-md\">\r\n\t\n<div class=\"col-none col-12 col-12@sm col-1@lg\">\r\n\t\t\t<\/div>\n\n<div class=\"col-none col-12 col-4@sm col-2@lg\">\r\n\t\t\n\n<p class=\"\"><strong>NUM\u00c9RO DE DOSSIER : 2024.07.IPRO.000051<\/strong><\/p>\n\n\n\n<p class=\"\"><strong>ACQUISITION D\u2019UNE NOUVELLE LIGNE DE REMPLISSAGE D\u2019OLIVES \u00c0 L\u2019ANCHOIS<\/strong><\/p>\n\n\t<\/div>\n\n<div class=\"col-none col-12 col-8@sm col-8@lg\">\r\n\t\t\n\n<p class=\"\">B\u00c9N\u00c9FICIAIRE: <strong>ACEITUNAS Y ENCURTIDOS ZAMBUDIO, S.L<\/strong>. N\u00b0 D\u2019IDENTIFICATION FISCALE : B73032831<\/p>\n\n\n\n<p class=\"\">PROGRAMME D\u2019AIDES : PROGRAMME DE SOUTIEN AUX INVESTISSEMENTS PRODUCTIFS ET TECHNOLOGIQUES POUR LES PME \u00c0 FORME SOCI\u00c9TAIRE<\/p>\n\n\n\n<p class=\"\">NUM\u00c9RO DE DOSSIER : <strong>2024.07.IPRO.000051<\/strong><\/p>\n\n\n\n<p class=\"\">TITRE DU PROJET : ACQUISITION D\u2019UNE NOUVELLE LIGNE DE REMPLISSAGE D\u2019OLIVES \u00c0 L\u2019ANCHOIS<\/p>\n\n\n\n<p class=\"\">INVESTISSEMENT \u00c0 R\u00c9ALISER : 154 000,00 \u20ac<\/p>\n\n\n\n<p class=\"\">SUBVENTION ACCORD\u00c9E : 50 000,00 \u20ac (<strong>COFINANC\u00c9E PAR LE FEDER 30 000 \u20ac ET 20 000 \u20ac D\u2019AIDE R\u00c9GIONALE<\/strong>)<\/p>\n\n\n\n<p class=\"\">OBJECTIF DU PROJET:<\/p>\n\n\n\n<p class=\"\">Le projet a pour objectif d\u2019augmenter la capacit\u00e9 de production de l\u2019entreprise en mettant en place une nouvelle ligne de remplissage d\u2019olives \u00e0 l\u2019anchois, afin d\u2019offrir \u00e0 ses clients des produits de meilleure qualit\u00e9 et un service plus rapide en fonction de la demande du march\u00e9.<\/p>\n\n\n\n<p class=\"\">Avec l\u2019int\u00e9gration de cette nouvelle ligne de remplissage d\u2019olives, ZAMBUDIO esp\u00e8re accro\u00eetre la production et disposer de la capacit\u00e9 technique pour approvisionner les nouveaux march\u00e9s, tant nationaux qu\u2019internationaux.<\/p>\n\n\n\n<figure class=\"wp-block-image size-full\"><img loading=\"lazy\" decoding=\"async\" width=\"877\" height=\"342\" src=\"https:\/\/aceitunaszambudio.com\/cms\/wp-content\/uploads\/2024\/11\/Logos_ayudas_zambudio.png\" alt=\"\" class=\"wp-image-9702\" srcset=\"https:\/\/aceitunaszambudio.com\/cms\/wp-content\/uploads\/2024\/11\/Logos_ayudas_zambudio.png 877w, https:\/\/aceitunaszambudio.com\/cms\/wp-content\/uploads\/2024\/11\/Logos_ayudas_zambudio-300x117.png 300w, https:\/\/aceitunaszambudio.com\/cms\/wp-content\/uploads\/2024\/11\/Logos_ayudas_zambudio-768x299.png 768w\" sizes=\"auto, (max-width: 877px) 100vw, 877px\" \/><\/figure>\n\n\n\n<p class=\"\"><strong>PROGRAMME D\u2019AIDES : PROGRAMME DE SOUTIEN AUX INVESTISSEMENTS PRODUCTIFS ET TECHNOLOGIQUES POUR LES PME \u00c0 FORME SOCI\u00c9TAIRE<\/strong><\/p>\n\n\n\n<p class=\"\">Aceitunas y Encurtidos Zambudio, S.L. a b\u00e9n\u00e9fici\u00e9 d\u2019une subvention pour accro\u00eetre sa capacit\u00e9 de production, plus pr\u00e9cis\u00e9ment pour l\u2019installation d\u2019une nouvelle ligne de remplissage d\u2019olives \u00e0 l\u2019anchois, dans le but d\u2019offrir \u00e0 ses clients des produits de meilleure qualit\u00e9 et un service plus rapide en fonction de la demande du march\u00e9.<\/p>\n\n\n\n<p class=\"\">Avec l\u2019ajout de cette nouvelle ligne de remplissage d\u2019olives, ZAMBUDIO esp\u00e8re augmenter sa production et acqu\u00e9rir la capacit\u00e9 technique pour approvisionner de nouveaux march\u00e9s, tant nationaux qu\u2019internationaux.<\/p>\n\n\n\n<p class=\"\">Cet investissement offrira \u00e0 l\u2019entreprise un avantage concurrentiel, car, en plus d\u2019augmenter sa capacit\u00e9 de production, il r\u00e9duira les d\u00e9lais de service et am\u00e9liorera la qualit\u00e9 des olives farcies \u00e0 l\u2019anchois ; par cons\u00e9quent, il proposera \u00e0 ses principaux clients actuels et potentiels un produit de haute qualit\u00e9 avec des d\u00e9lais de service r\u00e9duits tant au niveau national qu\u2019international.<\/p>\n\n\n\n<p class=\"\">Ce projet d\u2019investissement s\u2019\u00e9l\u00e8ve \u00e0 154 000 \u20ac, et une subvention de 50 000 \u20ac a \u00e9t\u00e9 accord\u00e9e, dont 30 000 \u20ac proviennent de fonds FEDER et les 20 000 \u20ac restants de l\u2019Instituto de Fomento de la Regi\u00f3n de Murcia.<\/p>\n\n\n\n<p class=\"\">Ce projet s\u2019inscrit dans la ligne d\u2019aides de l\u2019INFO du PROGRAMME D\u2019AIDES : PROGRAMME DE SOUTIEN AUX INVESTISSEMENTS PRODUCTIFS ET TECHNOLOGIQUES POUR LES PME \u00c0 FORME SOCI\u00c9TAIRE, subventionn\u00e9 par l\u2019INFO, et cofinanc\u00e9 \u00e0 60 % par le Fonds europ\u00e9en de d\u00e9veloppement r\u00e9gional (FEDER).<\/p>\n\n\t<\/div>\n<\/div>\n\n\n\t\r\n\t\t\t\t\t<\/div>\r\n\t\t<\/div>","protected":false},"excerpt":{"rendered":"","protected":false},"author":1,"featured_media":0,"parent":0,"menu_order":0,"comment_status":"closed","ping_status":"closed","template":"","meta":{"inline_featured_image":false,"footnotes":""},"class_list":["post-10254","page","type-page","status-publish","hentry"],"acf":[],"yoast_head":"<!-- This site is optimized with the Yoast SEO plugin v26.3 - https:\/\/yoast.com\/wordpress\/plugins\/seo\/ -->\n<title>Aides et subventions - Aceitunas Zambudio<\/title>\n<meta name=\"robots\" content=\"index, follow, max-snippet:-1, max-image-preview:large, max-video-preview:-1\" \/>\n<link rel=\"canonical\" href=\"https:\/\/aceitunaszambudio.com\/fr\/ayudas-y-subvenciones\/\" \/>\n<meta property=\"og:locale\" content=\"fr_FR\" \/>\n<meta property=\"og:type\" content=\"article\" \/>\n<meta property=\"og:title\" content=\"Aides et subventions - Aceitunas Zambudio\" \/>\n<meta property=\"og:url\" content=\"https:\/\/aceitunaszambudio.com\/fr\/ayudas-y-subvenciones\/\" \/>\n<meta property=\"og:site_name\" content=\"Aceitunas Zambudio\" \/>\n<meta property=\"article:modified_time\" content=\"2025-06-24T09:10:52+00:00\" \/>\n<meta property=\"og:image\" content=\"https:\/\/aceitunaszambudio.com\/cms\/wp-content\/uploads\/2024\/11\/Logos_ayudas_zambudio.png\" \/>\n<meta name=\"twitter:card\" content=\"summary_large_image\" \/>\n<meta name=\"twitter:label1\" content=\"Est. reading time\" \/>\n\t<meta name=\"twitter:data1\" content=\"3 minutes\" \/>\n<script type=\"application\/ld+json\" class=\"yoast-schema-graph\">{\"@context\":\"https:\/\/schema.org\",\"@graph\":[{\"@type\":\"WebPage\",\"@id\":\"https:\/\/aceitunaszambudio.com\/fr\/ayudas-y-subvenciones\/\",\"url\":\"https:\/\/aceitunaszambudio.com\/fr\/ayudas-y-subvenciones\/\",\"name\":\"Aides et subventions - Aceitunas Zambudio\",\"isPartOf\":{\"@id\":\"https:\/\/aceitunaszambudio.com\/#website\"},\"primaryImageOfPage\":{\"@id\":\"https:\/\/aceitunaszambudio.com\/fr\/ayudas-y-subvenciones\/#primaryimage\"},\"image\":{\"@id\":\"https:\/\/aceitunaszambudio.com\/fr\/ayudas-y-subvenciones\/#primaryimage\"},\"thumbnailUrl\":\"https:\/\/aceitunaszambudio.com\/cms\/wp-content\/uploads\/2024\/11\/Logos_ayudas_zambudio.png\",\"datePublished\":\"2024-11-08T11:16:59+00:00\",\"dateModified\":\"2025-06-24T09:10:52+00:00\",\"breadcrumb\":{\"@id\":\"https:\/\/aceitunaszambudio.com\/fr\/ayudas-y-subvenciones\/#breadcrumb\"},\"inLanguage\":\"fr-FR\",\"potentialAction\":[{\"@type\":\"ReadAction\",\"target\":[\"https:\/\/aceitunaszambudio.com\/fr\/ayudas-y-subvenciones\/\"]}]},{\"@type\":\"ImageObject\",\"inLanguage\":\"fr-FR\",\"@id\":\"https:\/\/aceitunaszambudio.com\/fr\/ayudas-y-subvenciones\/#primaryimage\",\"url\":\"https:\/\/aceitunaszambudio.com\/cms\/wp-content\/uploads\/2024\/11\/Logos_ayudas_zambudio.png\",\"contentUrl\":\"https:\/\/aceitunaszambudio.com\/cms\/wp-content\/uploads\/2024\/11\/Logos_ayudas_zambudio.png\"},{\"@type\":\"BreadcrumbList\",\"@id\":\"https:\/\/aceitunaszambudio.com\/fr\/ayudas-y-subvenciones\/#breadcrumb\",\"itemListElement\":[{\"@type\":\"ListItem\",\"position\":1,\"name\":\"Inicio\",\"item\":\"https:\/\/aceitunaszambudio.com\/fr\/\"},{\"@type\":\"ListItem\",\"position\":2,\"name\":\"Aides et subventions\"}]},{\"@type\":\"WebSite\",\"@id\":\"https:\/\/aceitunaszambudio.com\/#website\",\"url\":\"https:\/\/aceitunaszambudio.com\/\",\"name\":\"Aceitunas Zambudio\",\"description\":\"\",\"potentialAction\":[{\"@type\":\"SearchAction\",\"target\":{\"@type\":\"EntryPoint\",\"urlTemplate\":\"https:\/\/aceitunaszambudio.com\/?s={search_term_string}\"},\"query-input\":{\"@type\":\"PropertyValueSpecification\",\"valueRequired\":true,\"valueName\":\"search_term_string\"}}],\"inLanguage\":\"fr-FR\"}]}<\/script>\n<!-- \/ Yoast SEO plugin. -->","yoast_head_json":{"title":"Aides et subventions - Aceitunas Zambudio","robots":{"index":"index","follow":"follow","max-snippet":"max-snippet:-1","max-image-preview":"max-image-preview:large","max-video-preview":"max-video-preview:-1"},"canonical":"https:\/\/aceitunaszambudio.com\/fr\/ayudas-y-subvenciones\/","og_locale":"fr_FR","og_type":"article","og_title":"Aides et subventions - Aceitunas Zambudio","og_url":"https:\/\/aceitunaszambudio.com\/fr\/ayudas-y-subvenciones\/","og_site_name":"Aceitunas Zambudio","article_modified_time":"2025-06-24T09:10:52+00:00","og_image":[{"url":"https:\/\/aceitunaszambudio.com\/cms\/wp-content\/uploads\/2024\/11\/Logos_ayudas_zambudio.png","type":"","width":"","height":""}],"twitter_card":"summary_large_image","twitter_misc":{"Est. reading time":"3 minutes"},"schema":{"@context":"https:\/\/schema.org","@graph":[{"@type":"WebPage","@id":"https:\/\/aceitunaszambudio.com\/fr\/ayudas-y-subvenciones\/","url":"https:\/\/aceitunaszambudio.com\/fr\/ayudas-y-subvenciones\/","name":"Aides et subventions - Aceitunas Zambudio","isPartOf":{"@id":"https:\/\/aceitunaszambudio.com\/#website"},"primaryImageOfPage":{"@id":"https:\/\/aceitunaszambudio.com\/fr\/ayudas-y-subvenciones\/#primaryimage"},"image":{"@id":"https:\/\/aceitunaszambudio.com\/fr\/ayudas-y-subvenciones\/#primaryimage"},"thumbnailUrl":"https:\/\/aceitunaszambudio.com\/cms\/wp-content\/uploads\/2024\/11\/Logos_ayudas_zambudio.png","datePublished":"2024-11-08T11:16:59+00:00","dateModified":"2025-06-24T09:10:52+00:00","breadcrumb":{"@id":"https:\/\/aceitunaszambudio.com\/fr\/ayudas-y-subvenciones\/#breadcrumb"},"inLanguage":"fr-FR","potentialAction":[{"@type":"ReadAction","target":["https:\/\/aceitunaszambudio.com\/fr\/ayudas-y-subvenciones\/"]}]},{"@type":"ImageObject","inLanguage":"fr-FR","@id":"https:\/\/aceitunaszambudio.com\/fr\/ayudas-y-subvenciones\/#primaryimage","url":"https:\/\/aceitunaszambudio.com\/cms\/wp-content\/uploads\/2024\/11\/Logos_ayudas_zambudio.png","contentUrl":"https:\/\/aceitunaszambudio.com\/cms\/wp-content\/uploads\/2024\/11\/Logos_ayudas_zambudio.png"},{"@type":"BreadcrumbList","@id":"https:\/\/aceitunaszambudio.com\/fr\/ayudas-y-subvenciones\/#breadcrumb","itemListElement":[{"@type":"ListItem","position":1,"name":"Inicio","item":"https:\/\/aceitunaszambudio.com\/fr\/"},{"@type":"ListItem","position":2,"name":"Aides et subventions"}]},{"@type":"WebSite","@id":"https:\/\/aceitunaszambudio.com\/#website","url":"https:\/\/aceitunaszambudio.com\/","name":"Aceitunas Zambudio","description":"","potentialAction":[{"@type":"SearchAction","target":{"@type":"EntryPoint","urlTemplate":"https:\/\/aceitunaszambudio.com\/?s={search_term_string}"},"query-input":{"@type":"PropertyValueSpecification","valueRequired":true,"valueName":"search_term_string"}}],"inLanguage":"fr-FR"}]}},"_links":{"self":[{"href":"https:\/\/aceitunaszambudio.com\/fr\/wp-json\/wp\/v2\/pages\/10254","targetHints":{"allow":["GET"]}}],"collection":[{"href":"https:\/\/aceitunaszambudio.com\/fr\/wp-json\/wp\/v2\/pages"}],"about":[{"href":"https:\/\/aceitunaszambudio.com\/fr\/wp-json\/wp\/v2\/types\/page"}],"author":[{"embeddable":true,"href":"https:\/\/aceitunaszambudio.com\/fr\/wp-json\/wp\/v2\/users\/1"}],"replies":[{"embeddable":true,"href":"https:\/\/aceitunaszambudio.com\/fr\/wp-json\/wp\/v2\/comments?post=10254"}],"version-history":[{"count":4,"href":"https:\/\/aceitunaszambudio.com\/fr\/wp-json\/wp\/v2\/pages\/10254\/revisions"}],"predecessor-version":[{"id":10268,"href":"https:\/\/aceitunaszambudio.com\/fr\/wp-json\/wp\/v2\/pages\/10254\/revisions\/10268"}],"wp:attachment":[{"href":"https:\/\/aceitunaszambudio.com\/fr\/wp-json\/wp\/v2\/media?parent=10254"}],"curies":[{"name":"wp","href":"https:\/\/api.w.org\/{rel}","templated":true}]}}